{"id":6098,"date":"2025-01-09T11:52:43","date_gmt":"2025-01-09T11:52:43","guid":{"rendered":"https:\/\/alles-ueber-riffe.de\/?page_id=6098"},"modified":"2025-03-03T20:56:35","modified_gmt":"2025-03-03T20:56:35","slug":"getuepfelter-zackenbarsch","status":"publish","type":"page","link":"https:\/\/alles-ueber-riffe.de\/?page_id=6098","title":{"rendered":"Get\u00fcpfelter Zackenbarsch"},"content":{"rendered":"\n<div class=\"wp-block-group is-vertical is-layout-flex wp-container-core-group-is-layout-8cf370e7 wp-block-group-is-layout-flex\">\n<p><strong>Get\u00fcpfelter Zackenbarsch<\/strong><\/p>\n\n\n\n<p>Freckled hind<\/p>\n\n\n\n<p><em>Cephalopholis microprion<\/em><\/p>\n<\/div>\n\n\n\n<div style=\"height:30px\" aria-hidden=\"true\" class=\"wp-block-spacer\"><\/div>\n\n\n\n<figure class=\"wp-block-image size-full\"><img loading=\"lazy\" decoding=\"async\" width=\"1024\" height=\"768\" src=\"https:\/\/alles-ueber-riffe.de\/wp-content\/uploads\/2025\/03\/Getuepfelter-Zackenbarsch_1024x768.jpg\" alt=\"\" class=\"wp-image-10432\" srcset=\"https:\/\/alles-ueber-riffe.de\/wp-content\/uploads\/2025\/03\/Getuepfelter-Zackenbarsch_1024x768.jpg 1024w, https:\/\/alles-ueber-riffe.de\/wp-content\/uploads\/2025\/03\/Getuepfelter-Zackenbarsch_1024x768-300x225.jpg 300w, https:\/\/alles-ueber-riffe.de\/wp-content\/uploads\/2025\/03\/Getuepfelter-Zackenbarsch_1024x768-768x576.jpg 768w\" sizes=\"auto, (max-width: 767px) 89vw, (max-width: 1000px) 54vw, (max-width: 1071px) 543px, 580px\" \/><figcaption class=\"wp-element-caption\">\u00a9 Joris Rombouts<\/figcaption><\/figure>\n\n\n\n<hr class=\"wp-block-separator has-alpha-channel-opacity is-style-default\"\/>\n\n\n\n<p><strong>Gr\u00f6\u00dfe: <\/strong> bis 25 cm<\/p>\n\n\n\n<p><strong>Lebensraum:<\/strong> Korallenriffe<\/p>\n\n\n\n<p><strong>Vorkommen:  <\/strong>ganz S\u00fcdostasien, Nordaustralien, Papua-Neuguinea, Ozeanien bis Neukaledonien<\/p>\n\n\n\n<p><strong>Erkennungsmerkmale:<\/strong> Grundfarbe olivbraun; mit zahlreichen, kleinen, hellblauen Punkten am Kopf<\/p>\n\n\n\n<p><strong>Biologie &amp; Verhalten: <\/strong> Er bevorzugt veralgte und abgestorbene Riffbereiche. Der Einzelg\u00e4nger frisst Fische und Wirbellose.<\/p>\n\n\n\n<p><strong>Bedrohungsstatus:<\/strong> Die Art wird auf der Roten Liste der IUCN als <mark style=\"background-color:rgba(0, 0, 0, 0)\" class=\"has-inline-color has-vivid-green-cyan-color\">\u201enicht gef\u00e4hrdet\u201c<\/mark> gef\u00fchrt.<\/p>\n\n\n\n<hr class=\"wp-block-separator has-alpha-channel-opacity is-style-default\"\/>\n\n\n\n<p><\/p>\n","protected":false},"excerpt":{"rendered":"<p>Get\u00fcpfelter Zackenbarsch Freckled hind Cephalopholis microprion Gr\u00f6\u00dfe: bis 25 cm Lebensraum: Korallenriffe Vorkommen: ganz S\u00fcdostasien, Nordaustralien, Papua-Neuguinea, Ozeanien bis Neukaledonien Erkennungsmerkmale: Grundfarbe olivbraun; mit zahlreichen, kleinen, hellblauen Punkten am Kopf Biologie &amp; Verhalten: Er bevorzugt veralgte und abgestorbene Riffbereiche. Der Einzelg\u00e4nger frisst Fische und Wirbellose. Bedrohungsstatus: Die Art wird auf der Roten Liste der IUCN &hellip; <\/p>\n<p class=\"link-more\"><a href=\"https:\/\/alles-ueber-riffe.de\/?page_id=6098\" class=\"more-link\"><span class=\"screen-reader-text\">\u201eGet\u00fcpfelter Zackenbarsch\u201c<\/span> weiterlesen<\/a><\/p>\n","protected":false},"author":1,"featured_media":0,"parent":0,"menu_order":0,"comment_status":"closed","ping_status":"closed","template":"","meta":{"footnotes":""},"class_list":["post-6098","page","type-page","status-publish","hentry"],"_links":{"self":[{"href":"https:\/\/alles-ueber-riffe.de\/index.php?rest_route=\/wp\/v2\/pages\/6098","targetHints":{"allow":["GET"]}}],"collection":[{"href":"https:\/\/alles-ueber-riffe.de\/index.php?rest_route=\/wp\/v2\/pages"}],"about":[{"href":"https:\/\/alles-ueber-riffe.de\/index.php?rest_route=\/wp\/v2\/types\/page"}],"author":[{"embeddable":true,"href":"https:\/\/alles-ueber-riffe.de\/index.php?rest_route=\/wp\/v2\/users\/1"}],"replies":[{"embeddable":true,"href":"https:\/\/alles-ueber-riffe.de\/index.php?rest_route=%2Fwp%2Fv2%2Fcomments&post=6098"}],"version-history":[{"count":4,"href":"https:\/\/alles-ueber-riffe.de\/index.php?rest_route=\/wp\/v2\/pages\/6098\/revisions"}],"predecessor-version":[{"id":10434,"href":"https:\/\/alles-ueber-riffe.de\/index.php?rest_route=\/wp\/v2\/pages\/6098\/revisions\/10434"}],"wp:attachment":[{"href":"https:\/\/alles-ueber-riffe.de\/index.php?rest_route=%2Fwp%2Fv2%2Fmedia&parent=6098"}],"curies":[{"name":"wp","href":"https:\/\/api.w.org\/{rel}","templated":true}]}}