{"id":6096,"date":"2025-01-09T11:52:34","date_gmt":"2025-01-09T11:52:34","guid":{"rendered":"https:\/\/alles-ueber-riffe.de\/?page_id=6096"},"modified":"2025-03-03T20:53:16","modified_gmt":"2025-03-03T20:53:16","slug":"gepunkteter-korallenzackenbarsch","status":"publish","type":"page","link":"https:\/\/alles-ueber-riffe.de\/?page_id=6096","title":{"rendered":"Gepunkteter-Korallenzackenbarsch"},"content":{"rendered":"\n<div class=\"wp-block-group is-vertical is-layout-flex wp-container-core-group-is-layout-8cf370e7 wp-block-group-is-layout-flex\">\n<p><strong>Gepunkteter-Korallenzackenbarsch<\/strong><\/p>\n\n\n\n<p>Spotted coralgrouper<\/p>\n\n\n\n<p><em>Plectropomus maculatus<\/em><\/p>\n<\/div>\n\n\n\n<div style=\"height:30px\" aria-hidden=\"true\" class=\"wp-block-spacer\"><\/div>\n\n\n\n<figure class=\"wp-block-image size-full\"><img loading=\"lazy\" decoding=\"async\" width=\"1024\" height=\"768\" src=\"https:\/\/alles-ueber-riffe.de\/wp-content\/uploads\/2025\/03\/Gepunkteter-Korallenzackenbarsch_1024x768.jpg\" alt=\"\" class=\"wp-image-10427\" srcset=\"https:\/\/alles-ueber-riffe.de\/wp-content\/uploads\/2025\/03\/Gepunkteter-Korallenzackenbarsch_1024x768.jpg 1024w, https:\/\/alles-ueber-riffe.de\/wp-content\/uploads\/2025\/03\/Gepunkteter-Korallenzackenbarsch_1024x768-300x225.jpg 300w, https:\/\/alles-ueber-riffe.de\/wp-content\/uploads\/2025\/03\/Gepunkteter-Korallenzackenbarsch_1024x768-768x576.jpg 768w\" sizes=\"auto, (max-width: 767px) 89vw, (max-width: 1000px) 54vw, (max-width: 1071px) 543px, 580px\" \/><figcaption class=\"wp-element-caption\">\u00a9 Joris Rombouts<\/figcaption><\/figure>\n\n\n\n<hr class=\"wp-block-separator has-alpha-channel-opacity is-style-default\"\/>\n\n\n\n<p><strong>Gr\u00f6\u00dfe: <\/strong> bis 1,25 m<\/p>\n\n\n\n<p><strong>Lebensraum:<\/strong> Korallen- und Felsenriffe<\/p>\n\n\n\n<p><strong>Vorkommen:  <\/strong>Philippinen, Malaysia, Nordaustralien, Papua-Neuguinea<\/p>\n\n\n\n<p><strong>Erkennungsmerkmale:<\/strong> Grundfarbe hellbraun; mit zahlreichen, kleinen, hellblauen Punkten und kleine, hellblaue Striche am ganzen K\u00f6rper und auf den Flossen<\/p>\n\n\n\n<p><strong>Biologie &amp; Verhalten: <\/strong> Er bevorzugt veralgte und gesch\u00fctzte Riffbereiche. Der Einzelg\u00e4nger frisst Fische und Wirbellose.<\/p>\n\n\n\n<p><strong>Bedrohungsstatus:<\/strong> Die Art wird auf der Roten Liste der IUCN als <mark style=\"background-color:rgba(0, 0, 0, 0)\" class=\"has-inline-color has-vivid-green-cyan-color\">\u201enicht gef\u00e4hrdet\u201c<\/mark> gef\u00fchrt.<\/p>\n\n\n\n<p><mark style=\"background-color:rgba(0, 0, 0, 0)\" class=\"has-inline-color has-vivid-red-color\"><strong>Gefahr: <\/strong>Vom Verzehr wird wegen der Gefahr einer ciguatoxischen Vergiftung wird gewarnt.\u00a0<\/mark><\/p>\n\n\n\n<hr class=\"wp-block-separator has-alpha-channel-opacity is-style-default\"\/>\n\n\n\n<p><\/p>\n","protected":false},"excerpt":{"rendered":"<p>Gepunkteter-Korallenzackenbarsch Spotted coralgrouper Plectropomus maculatus Gr\u00f6\u00dfe: bis 1,25 m Lebensraum: Korallen- und Felsenriffe Vorkommen: Philippinen, Malaysia, Nordaustralien, Papua-Neuguinea Erkennungsmerkmale: Grundfarbe hellbraun; mit zahlreichen, kleinen, hellblauen Punkten und kleine, hellblaue Striche am ganzen K\u00f6rper und auf den Flossen Biologie &amp; Verhalten: Er bevorzugt veralgte und gesch\u00fctzte Riffbereiche. Der Einzelg\u00e4nger frisst Fische und Wirbellose. Bedrohungsstatus: Die Art &hellip; <\/p>\n<p class=\"link-more\"><a href=\"https:\/\/alles-ueber-riffe.de\/?page_id=6096\" class=\"more-link\"><span class=\"screen-reader-text\">\u201eGepunkteter-Korallenzackenbarsch\u201c<\/span> weiterlesen<\/a><\/p>\n","protected":false},"author":1,"featured_media":0,"parent":0,"menu_order":0,"comment_status":"closed","ping_status":"closed","template":"","meta":{"footnotes":""},"class_list":["post-6096","page","type-page","status-publish","hentry"],"_links":{"self":[{"href":"https:\/\/alles-ueber-riffe.de\/index.php?rest_route=\/wp\/v2\/pages\/6096","targetHints":{"allow":["GET"]}}],"collection":[{"href":"https:\/\/alles-ueber-riffe.de\/index.php?rest_route=\/wp\/v2\/pages"}],"about":[{"href":"https:\/\/alles-ueber-riffe.de\/index.php?rest_route=\/wp\/v2\/types\/page"}],"author":[{"embeddable":true,"href":"https:\/\/alles-ueber-riffe.de\/index.php?rest_route=\/wp\/v2\/users\/1"}],"replies":[{"embeddable":true,"href":"https:\/\/alles-ueber-riffe.de\/index.php?rest_route=%2Fwp%2Fv2%2Fcomments&post=6096"}],"version-history":[{"count":4,"href":"https:\/\/alles-ueber-riffe.de\/index.php?rest_route=\/wp\/v2\/pages\/6096\/revisions"}],"predecessor-version":[{"id":10430,"href":"https:\/\/alles-ueber-riffe.de\/index.php?rest_route=\/wp\/v2\/pages\/6096\/revisions\/10430"}],"wp:attachment":[{"href":"https:\/\/alles-ueber-riffe.de\/index.php?rest_route=%2Fwp%2Fv2%2Fmedia&parent=6096"}],"curies":[{"name":"wp","href":"https:\/\/api.w.org\/{rel}","templated":true}]}}