{"id":6086,"date":"2025-01-09T11:51:55","date_gmt":"2025-01-09T11:51:55","guid":{"rendered":"https:\/\/alles-ueber-riffe.de\/?page_id=6086"},"modified":"2025-03-02T22:01:42","modified_gmt":"2025-03-02T22:01:42","slug":"stierkopf-zackenbarsch","status":"publish","type":"page","link":"https:\/\/alles-ueber-riffe.de\/?page_id=6086","title":{"rendered":"Stierkopf-Zackenbarsch"},"content":{"rendered":"\n<div class=\"wp-block-group is-vertical is-layout-flex wp-container-core-group-is-layout-8cf370e7 wp-block-group-is-layout-flex\">\n<p><strong>Stierkopf-Zackenbarsch<\/strong><\/p>\n\n\n\n<p>Brown-marbled grouper<\/p>\n\n\n\n<p><em>Epinephelus fuscoguttatus<\/em><\/p>\n<\/div>\n\n\n\n<div style=\"height:30px\" aria-hidden=\"true\" class=\"wp-block-spacer\"><\/div>\n\n\n\n<figure class=\"wp-block-video\"><video height=\"576\" style=\"aspect-ratio: 1024 \/ 576;\" width=\"1024\" controls src=\"https:\/\/alles-ueber-riffe.de\/wp-content\/uploads\/2025\/03\/Stierkopf-Zackenbarsch.mp4\"><\/video><figcaption class=\"wp-element-caption\">\u00a9 Heinz Krimmer<\/figcaption><\/figure>\n\n\n\n<hr class=\"wp-block-separator has-alpha-channel-opacity is-style-default\"\/>\n\n\n\n<p><strong>Gr\u00f6\u00dfe: <\/strong> bis 1,20 m<\/p>\n\n\n\n<p><strong>Lebensraum:<\/strong> Korallen-und Felsenriffe, Sand- und Ger\u00f6llb\u00f6den<\/p>\n\n\n\n<p><strong>Vorkommen:  <\/strong>Ostafrika, Rotes Meer, Malediven, ganz S\u00fcdostasien, Papua-Neuguinea, Nordaustralien, Ozeanien bis Hawaii<\/p>\n\n\n\n<p><strong>Erkennungsmerkmale:<\/strong> Grundfarbe hellbraun, mit gro\u00dfen, unregelm\u00e4\u00dfigen schwarzen Flecken<\/p>\n\n\n\n<p><strong>Biologie &amp; Verhalten: <\/strong> Der Einzelg\u00e4nger ist vorwiegend in der D\u00e4mmerung aktiv und jagt im Riff Fische, Krabben und Kopff\u00fc\u00dfer.<\/p>\n\n\n\n<p><strong>Bedrohungsstatus:<\/strong> Die Art wird auf der Roten Liste der IUCN als <mark style=\"background-color:rgba(0, 0, 0, 0)\" class=\"has-inline-color has-vivid-red-color\">\u201egef\u00e4hrdet\u201c<\/mark> gef\u00fchrt.<\/p>\n\n\n\n<p><mark style=\"background-color:rgba(0, 0, 0, 0)\" class=\"has-inline-color has-vivid-red-color\"><strong>Gefahr:<\/strong> Wie bei fast allen R\u00e4ubern am Ende der Nahrungskette kann es beim Verzehr zu einer ciguatoxischen Vergiftung kommen.<\/mark><\/p>\n\n\n\n<hr class=\"wp-block-separator has-alpha-channel-opacity is-style-default\"\/>\n\n\n\n<p><\/p>\n","protected":false},"excerpt":{"rendered":"<p>Stierkopf-Zackenbarsch Brown-marbled grouper Epinephelus fuscoguttatus Gr\u00f6\u00dfe: bis 1,20 m Lebensraum: Korallen-und Felsenriffe, Sand- und Ger\u00f6llb\u00f6den Vorkommen: Ostafrika, Rotes Meer, Malediven, ganz S\u00fcdostasien, Papua-Neuguinea, Nordaustralien, Ozeanien bis Hawaii Erkennungsmerkmale: Grundfarbe hellbraun, mit gro\u00dfen, unregelm\u00e4\u00dfigen schwarzen Flecken Biologie &amp; Verhalten: Der Einzelg\u00e4nger ist vorwiegend in der D\u00e4mmerung aktiv und jagt im Riff Fische, Krabben und Kopff\u00fc\u00dfer. Bedrohungsstatus: &hellip; <\/p>\n<p class=\"link-more\"><a href=\"https:\/\/alles-ueber-riffe.de\/?page_id=6086\" class=\"more-link\"><span class=\"screen-reader-text\">\u201eStierkopf-Zackenbarsch\u201c<\/span> weiterlesen<\/a><\/p>\n","protected":false},"author":1,"featured_media":0,"parent":0,"menu_order":0,"comment_status":"closed","ping_status":"closed","template":"","meta":{"footnotes":""},"class_list":["post-6086","page","type-page","status-publish","hentry"],"_links":{"self":[{"href":"https:\/\/alles-ueber-riffe.de\/index.php?rest_route=\/wp\/v2\/pages\/6086","targetHints":{"allow":["GET"]}}],"collection":[{"href":"https:\/\/alles-ueber-riffe.de\/index.php?rest_route=\/wp\/v2\/pages"}],"about":[{"href":"https:\/\/alles-ueber-riffe.de\/index.php?rest_route=\/wp\/v2\/types\/page"}],"author":[{"embeddable":true,"href":"https:\/\/alles-ueber-riffe.de\/index.php?rest_route=\/wp\/v2\/users\/1"}],"replies":[{"embeddable":true,"href":"https:\/\/alles-ueber-riffe.de\/index.php?rest_route=%2Fwp%2Fv2%2Fcomments&post=6086"}],"version-history":[{"count":4,"href":"https:\/\/alles-ueber-riffe.de\/index.php?rest_route=\/wp\/v2\/pages\/6086\/revisions"}],"predecessor-version":[{"id":10406,"href":"https:\/\/alles-ueber-riffe.de\/index.php?rest_route=\/wp\/v2\/pages\/6086\/revisions\/10406"}],"wp:attachment":[{"href":"https:\/\/alles-ueber-riffe.de\/index.php?rest_route=%2Fwp%2Fv2%2Fmedia&parent=6086"}],"curies":[{"name":"wp","href":"https:\/\/api.w.org\/{rel}","templated":true}]}}