{"id":6081,"date":"2025-01-09T11:51:34","date_gmt":"2025-01-09T11:51:34","guid":{"rendered":"https:\/\/alles-ueber-riffe.de\/?page_id=6081"},"modified":"2025-03-02T21:48:57","modified_gmt":"2025-03-02T21:48:57","slug":"segelflossen-zackenbarsch","status":"publish","type":"page","link":"https:\/\/alles-ueber-riffe.de\/?page_id=6081","title":{"rendered":"Segelflossen-Zackenbarsch"},"content":{"rendered":"\n<div class=\"wp-block-group is-vertical is-layout-flex wp-container-core-group-is-layout-8cf370e7 wp-block-group-is-layout-flex\">\n<p><strong>Segelflossen-Zackenbarsch<\/strong><\/p>\n\n\n\n<p>Sailfin grouper<\/p>\n\n\n\n<p><em>Mycteroperca olfax<\/em><\/p>\n<\/div>\n\n\n\n<div style=\"height:30px\" aria-hidden=\"true\" class=\"wp-block-spacer\"><\/div>\n\n\n\n<figure class=\"wp-block-video\"><video height=\"576\" style=\"aspect-ratio: 1024 \/ 576;\" width=\"1024\" controls src=\"https:\/\/alles-ueber-riffe.de\/wp-content\/uploads\/2025\/03\/Segelflossen-Zackenbarsch.mp4\"><\/video><figcaption class=\"wp-element-caption\">\u00a9 Heinz Krimmer<\/figcaption><\/figure>\n\n\n\n<hr class=\"wp-block-separator has-alpha-channel-opacity is-style-default\"\/>\n\n\n\n<p><strong>Gr\u00f6\u00dfe: <\/strong> bis 50 cm<\/p>\n\n\n\n<p><strong>Lebensraum:<\/strong> Korallen- und Felsenriffe<\/p>\n\n\n\n<p><strong>Vorkommen:  <\/strong>Galapagos, Cocos, Malpelo, vermutlich auch an der Pazifikk\u00fcste Mittelamerikas<\/p>\n\n\n\n<p><strong>Erkennungsmerkmale:<\/strong> Farbe variabel von grau bis braun; kleine dunkle Flecken am K\u00f6rper; mal mehr oder weniger sichtbare, dunkle Querb\u00e4nder<\/p>\n\n\n\n<p><strong>Biologie &amp; Verhalten: <\/strong> W\u00e4hrend adulte Tiere sich gerne im tieferen Wasser an Steilh\u00e4ngen aufhalten, suchen juvenile Tiere die flachen Bereiche auf. Fressen Fische.<\/p>\n\n\n\n<p><strong>Bedrohungsstatus:<\/strong> Die Art wird auf der Roten Liste der IUCN als <mark style=\"background-color:rgba(0, 0, 0, 0)\" class=\"has-inline-color has-vivid-red-color\">\u201estark gef\u00e4hrdet\u201c<\/mark> gef\u00fchrt.<\/p>\n\n\n\n<hr class=\"wp-block-separator has-alpha-channel-opacity is-style-default\"\/>\n\n\n\n<p><\/p>\n","protected":false},"excerpt":{"rendered":"<p>Segelflossen-Zackenbarsch Sailfin grouper Mycteroperca olfax Gr\u00f6\u00dfe: bis 50 cm Lebensraum: Korallen- und Felsenriffe Vorkommen: Galapagos, Cocos, Malpelo, vermutlich auch an der Pazifikk\u00fcste Mittelamerikas Erkennungsmerkmale: Farbe variabel von grau bis braun; kleine dunkle Flecken am K\u00f6rper; mal mehr oder weniger sichtbare, dunkle Querb\u00e4nder Biologie &amp; Verhalten: W\u00e4hrend adulte Tiere sich gerne im tieferen Wasser an Steilh\u00e4ngen &hellip; <\/p>\n<p class=\"link-more\"><a href=\"https:\/\/alles-ueber-riffe.de\/?page_id=6081\" class=\"more-link\"><span class=\"screen-reader-text\">\u201eSegelflossen-Zackenbarsch\u201c<\/span> weiterlesen<\/a><\/p>\n","protected":false},"author":1,"featured_media":0,"parent":0,"menu_order":0,"comment_status":"closed","ping_status":"closed","template":"","meta":{"footnotes":""},"class_list":["post-6081","page","type-page","status-publish","hentry"],"_links":{"self":[{"href":"https:\/\/alles-ueber-riffe.de\/index.php?rest_route=\/wp\/v2\/pages\/6081","targetHints":{"allow":["GET"]}}],"collection":[{"href":"https:\/\/alles-ueber-riffe.de\/index.php?rest_route=\/wp\/v2\/pages"}],"about":[{"href":"https:\/\/alles-ueber-riffe.de\/index.php?rest_route=\/wp\/v2\/types\/page"}],"author":[{"embeddable":true,"href":"https:\/\/alles-ueber-riffe.de\/index.php?rest_route=\/wp\/v2\/users\/1"}],"replies":[{"embeddable":true,"href":"https:\/\/alles-ueber-riffe.de\/index.php?rest_route=%2Fwp%2Fv2%2Fcomments&post=6081"}],"version-history":[{"count":5,"href":"https:\/\/alles-ueber-riffe.de\/index.php?rest_route=\/wp\/v2\/pages\/6081\/revisions"}],"predecessor-version":[{"id":10397,"href":"https:\/\/alles-ueber-riffe.de\/index.php?rest_route=\/wp\/v2\/pages\/6081\/revisions\/10397"}],"wp:attachment":[{"href":"https:\/\/alles-ueber-riffe.de\/index.php?rest_route=%2Fwp%2Fv2%2Fmedia&parent=6081"}],"curies":[{"name":"wp","href":"https:\/\/api.w.org\/{rel}","templated":true}]}}