{"id":6078,"date":"2025-01-09T11:51:18","date_gmt":"2025-01-09T11:51:18","guid":{"rendered":"https:\/\/alles-ueber-riffe.de\/?page_id=6078"},"modified":"2025-03-02T21:44:26","modified_gmt":"2025-03-02T21:44:26","slug":"sechsstreifen-zackenbarsch","status":"publish","type":"page","link":"https:\/\/alles-ueber-riffe.de\/?page_id=6078","title":{"rendered":"Sechsstreifen-Zackenbarsch"},"content":{"rendered":"\n<div class=\"wp-block-group is-vertical is-layout-flex wp-container-core-group-is-layout-8cf370e7 wp-block-group-is-layout-flex\">\n<p><strong>Sechsstreifen-Zackenbarsch<\/strong><\/p>\n\n\n\n<p>Sixblotch hind<\/p>\n\n\n\n<p><em>Cephalopholis sexmaculata<\/em><\/p>\n<\/div>\n\n\n\n<div style=\"height:30px\" aria-hidden=\"true\" class=\"wp-block-spacer\"><\/div>\n\n\n\n<figure class=\"wp-block-image size-full\"><img loading=\"lazy\" decoding=\"async\" width=\"1024\" height=\"768\" src=\"https:\/\/alles-ueber-riffe.de\/wp-content\/uploads\/2025\/03\/Sechsstreifen-Zackenbarsch_1024x768.jpg\" alt=\"\" class=\"wp-image-10390\" srcset=\"https:\/\/alles-ueber-riffe.de\/wp-content\/uploads\/2025\/03\/Sechsstreifen-Zackenbarsch_1024x768.jpg 1024w, https:\/\/alles-ueber-riffe.de\/wp-content\/uploads\/2025\/03\/Sechsstreifen-Zackenbarsch_1024x768-300x225.jpg 300w, https:\/\/alles-ueber-riffe.de\/wp-content\/uploads\/2025\/03\/Sechsstreifen-Zackenbarsch_1024x768-768x576.jpg 768w\" sizes=\"auto, (max-width: 767px) 89vw, (max-width: 1000px) 54vw, (max-width: 1071px) 543px, 580px\" \/><figcaption class=\"wp-element-caption\">\u00a9 Stephan Moldzio<\/figcaption><\/figure>\n\n\n\n<hr class=\"wp-block-separator has-alpha-channel-opacity is-style-default\"\/>\n\n\n\n<p><strong>Gr\u00f6\u00dfe: <\/strong> bis 50 cm<\/p>\n\n\n\n<p><strong>Lebensraum:<\/strong> Korallenriffe, Sand- und Ger\u00f6llb\u00f6den<\/p>\n\n\n\n<p><strong>Vorkommen:  <\/strong>von Ostafrika, Rotes Meer, Oman, Malediven, S\u00fcdjapan, Vietnam, ganz S\u00fcdostasien, Nordaustralien, Papua-Neuguinea, Ozeanien bis Franz\u00f6sisch-Polynesien<\/p>\n\n\n\n<p><strong>Erkennungsmerkmale:<\/strong> Farbe variabel von rotbraun bis rot; charakteristisch sind die f\u00fcnf bis sieben dunklen Flecken am R\u00fccken<\/p>\n\n\n\n<p><strong>Biologie &amp; Verhalten: <\/strong> Der Sechsstreifen-Zackenbarsch ist ein nachtaktiver R\u00e4uber. Fri\u00dft Fische. Tags\u00fcber versteckt er sich gerne in H\u00f6hlen oder unter \u00dcberh\u00e4ngen.<\/p>\n\n\n\n<p><strong>Bedrohungsstatus:<\/strong> Die Art wird auf der Roten Liste der IUCN als <mark style=\"background-color:rgba(0, 0, 0, 0)\" class=\"has-inline-color has-vivid-green-cyan-color\">\u201enicht gef\u00e4hrdet\u201c<\/mark> gef\u00fchrt.<\/p>\n\n\n\n<hr class=\"wp-block-separator has-alpha-channel-opacity is-style-default\"\/>\n\n\n\n<p><\/p>\n","protected":false},"excerpt":{"rendered":"<p>Sechsstreifen-Zackenbarsch Sixblotch hind Cephalopholis sexmaculata Gr\u00f6\u00dfe: bis 50 cm Lebensraum: Korallenriffe, Sand- und Ger\u00f6llb\u00f6den Vorkommen: von Ostafrika, Rotes Meer, Oman, Malediven, S\u00fcdjapan, Vietnam, ganz S\u00fcdostasien, Nordaustralien, Papua-Neuguinea, Ozeanien bis Franz\u00f6sisch-Polynesien Erkennungsmerkmale: Farbe variabel von rotbraun bis rot; charakteristisch sind die f\u00fcnf bis sieben dunklen Flecken am R\u00fccken Biologie &amp; Verhalten: Der Sechsstreifen-Zackenbarsch ist ein nachtaktiver &hellip; <\/p>\n<p class=\"link-more\"><a href=\"https:\/\/alles-ueber-riffe.de\/?page_id=6078\" class=\"more-link\"><span class=\"screen-reader-text\">\u201eSechsstreifen-Zackenbarsch\u201c<\/span> weiterlesen<\/a><\/p>\n","protected":false},"author":1,"featured_media":0,"parent":0,"menu_order":0,"comment_status":"closed","ping_status":"closed","template":"","meta":{"footnotes":""},"class_list":["post-6078","page","type-page","status-publish","hentry"],"_links":{"self":[{"href":"https:\/\/alles-ueber-riffe.de\/index.php?rest_route=\/wp\/v2\/pages\/6078","targetHints":{"allow":["GET"]}}],"collection":[{"href":"https:\/\/alles-ueber-riffe.de\/index.php?rest_route=\/wp\/v2\/pages"}],"about":[{"href":"https:\/\/alles-ueber-riffe.de\/index.php?rest_route=\/wp\/v2\/types\/page"}],"author":[{"embeddable":true,"href":"https:\/\/alles-ueber-riffe.de\/index.php?rest_route=\/wp\/v2\/users\/1"}],"replies":[{"embeddable":true,"href":"https:\/\/alles-ueber-riffe.de\/index.php?rest_route=%2Fwp%2Fv2%2Fcomments&post=6078"}],"version-history":[{"count":4,"href":"https:\/\/alles-ueber-riffe.de\/index.php?rest_route=\/wp\/v2\/pages\/6078\/revisions"}],"predecessor-version":[{"id":10392,"href":"https:\/\/alles-ueber-riffe.de\/index.php?rest_route=\/wp\/v2\/pages\/6078\/revisions\/10392"}],"wp:attachment":[{"href":"https:\/\/alles-ueber-riffe.de\/index.php?rest_route=%2Fwp%2Fv2%2Fmedia&parent=6078"}],"curies":[{"name":"wp","href":"https:\/\/api.w.org\/{rel}","templated":true}]}}