{"id":6069,"date":"2025-01-09T11:50:50","date_gmt":"2025-01-09T11:50:50","guid":{"rendered":"https:\/\/alles-ueber-riffe.de\/?page_id=6069"},"modified":"2025-03-02T21:30:50","modified_gmt":"2025-03-02T21:30:50","slug":"rostflecken-zackenbarsch","status":"publish","type":"page","link":"https:\/\/alles-ueber-riffe.de\/?page_id=6069","title":{"rendered":"Rostflecken-Zackenbarsch"},"content":{"rendered":"\n<div class=\"wp-block-group is-vertical is-layout-flex wp-container-core-group-is-layout-8cf370e7 wp-block-group-is-layout-flex\">\n<p><strong>Rostflecken-Zackenbarsch<\/strong><\/p>\n\n\n\n<p>Greasy grouper<\/p>\n\n\n\n<p><em>Epinephelus tauvina<\/em><\/p>\n<\/div>\n\n\n\n<div style=\"height:30px\" aria-hidden=\"true\" class=\"wp-block-spacer\"><\/div>\n\n\n\n<figure class=\"wp-block-video\"><video height=\"576\" style=\"aspect-ratio: 1024 \/ 576;\" width=\"1024\" controls src=\"https:\/\/alles-ueber-riffe.de\/wp-content\/uploads\/2025\/03\/Rostflecken-Zackenbarsch.mp4\"><\/video><figcaption class=\"wp-element-caption\">\u00a9 Heinz Krimmer<\/figcaption><\/figure>\n\n\n\n<hr class=\"wp-block-separator has-alpha-channel-opacity is-style-default\"\/>\n\n\n\n<p><strong>Gr\u00f6\u00dfe: <\/strong> bis 90 cm<\/p>\n\n\n\n<p><strong>Lebensraum:<\/strong> Korallenriffe, Sand- und Ger\u00f6llb\u00f6den<\/p>\n\n\n\n<p><strong>Vorkommen:  <\/strong>von Ostafrika, Rotes Meer, Malediven, S\u00fcdjapan, Vietnam, ganz S\u00fcdostasien, Nordaustralien, Papua-Neuguinea, Ozeanien bis Franz\u00f6sisch-Polynesien<\/p>\n\n\n\n<p><strong>Erkennungsmerkmale:<\/strong> Grundfarbe hellgrau; braun marmoriert; zahlreiche rotbraune Punkte auf dem K\u00f6rper und den Flossen<\/p>\n\n\n\n<p><strong>Biologie &amp; Verhalten: <\/strong> Diesen Einzelg\u00e4nger sieht man meistens auf dem Boden liegend. Er l\u00e4sst Taucher nahe herankommen, beobachtet aber mit seinen Glubschaugen genau jede Bewegung.<\/p>\n\n\n\n<p>Frisst Fische.<\/p>\n\n\n\n<p><strong>Bedrohungsstatus:<\/strong> Es liegen zu wenig Daten vor, um einen Status auf der Roten Liste der IUCN zu bestimmen.<\/p>\n\n\n\n<p><mark style=\"background-color:rgba(0, 0, 0, 0)\" class=\"has-inline-color has-vivid-red-color\"><strong>Gefahr:<\/strong> In manchen Regionen ist das Fleisch ciguatoxisch.<\/mark><\/p>\n\n\n\n<hr class=\"wp-block-separator has-alpha-channel-opacity is-style-default\"\/>\n\n\n\n<p><\/p>\n","protected":false},"excerpt":{"rendered":"<p>Rostflecken-Zackenbarsch Greasy grouper Epinephelus tauvina Gr\u00f6\u00dfe: bis 90 cm Lebensraum: Korallenriffe, Sand- und Ger\u00f6llb\u00f6den Vorkommen: von Ostafrika, Rotes Meer, Malediven, S\u00fcdjapan, Vietnam, ganz S\u00fcdostasien, Nordaustralien, Papua-Neuguinea, Ozeanien bis Franz\u00f6sisch-Polynesien Erkennungsmerkmale: Grundfarbe hellgrau; braun marmoriert; zahlreiche rotbraune Punkte auf dem K\u00f6rper und den Flossen Biologie &amp; Verhalten: Diesen Einzelg\u00e4nger sieht man meistens auf dem Boden liegend. &hellip; <\/p>\n<p class=\"link-more\"><a href=\"https:\/\/alles-ueber-riffe.de\/?page_id=6069\" class=\"more-link\"><span class=\"screen-reader-text\">\u201eRostflecken-Zackenbarsch\u201c<\/span> weiterlesen<\/a><\/p>\n","protected":false},"author":1,"featured_media":0,"parent":0,"menu_order":0,"comment_status":"closed","ping_status":"closed","template":"","meta":{"footnotes":""},"class_list":["post-6069","page","type-page","status-publish","hentry"],"_links":{"self":[{"href":"https:\/\/alles-ueber-riffe.de\/index.php?rest_route=\/wp\/v2\/pages\/6069","targetHints":{"allow":["GET"]}}],"collection":[{"href":"https:\/\/alles-ueber-riffe.de\/index.php?rest_route=\/wp\/v2\/pages"}],"about":[{"href":"https:\/\/alles-ueber-riffe.de\/index.php?rest_route=\/wp\/v2\/types\/page"}],"author":[{"embeddable":true,"href":"https:\/\/alles-ueber-riffe.de\/index.php?rest_route=\/wp\/v2\/users\/1"}],"replies":[{"embeddable":true,"href":"https:\/\/alles-ueber-riffe.de\/index.php?rest_route=%2Fwp%2Fv2%2Fcomments&post=6069"}],"version-history":[{"count":4,"href":"https:\/\/alles-ueber-riffe.de\/index.php?rest_route=\/wp\/v2\/pages\/6069\/revisions"}],"predecessor-version":[{"id":10379,"href":"https:\/\/alles-ueber-riffe.de\/index.php?rest_route=\/wp\/v2\/pages\/6069\/revisions\/10379"}],"wp:attachment":[{"href":"https:\/\/alles-ueber-riffe.de\/index.php?rest_route=%2Fwp%2Fv2%2Fmedia&parent=6069"}],"curies":[{"name":"wp","href":"https:\/\/api.w.org\/{rel}","templated":true}]}}