{"id":6066,"date":"2025-01-09T11:50:41","date_gmt":"2025-01-09T11:50:41","guid":{"rendered":"https:\/\/alles-ueber-riffe.de\/?page_id=6066"},"modified":"2025-03-02T21:26:43","modified_gmt":"2025-03-02T21:26:43","slug":"riesen-zackenbarsch","status":"publish","type":"page","link":"https:\/\/alles-ueber-riffe.de\/?page_id=6066","title":{"rendered":"Riesen-Zackenbarsch"},"content":{"rendered":"\n<div class=\"wp-block-group is-vertical is-layout-flex wp-container-core-group-is-layout-8cf370e7 wp-block-group-is-layout-flex\">\n<p><strong>Riesen-Zackenbarsch<\/strong><\/p>\n\n\n\n<p>Giant grouper<\/p>\n\n\n\n<p><em>Epinephelus lanceolatus<\/em><\/p>\n<\/div>\n\n\n\n<div style=\"height:30px\" aria-hidden=\"true\" class=\"wp-block-spacer\"><\/div>\n\n\n\n<figure class=\"wp-block-image size-full\"><img loading=\"lazy\" decoding=\"async\" width=\"1024\" height=\"768\" src=\"https:\/\/alles-ueber-riffe.de\/wp-content\/uploads\/2025\/03\/Riesen-Zackenbarsch_1024x768.jpg\" alt=\"\" class=\"wp-image-10372\" srcset=\"https:\/\/alles-ueber-riffe.de\/wp-content\/uploads\/2025\/03\/Riesen-Zackenbarsch_1024x768.jpg 1024w, https:\/\/alles-ueber-riffe.de\/wp-content\/uploads\/2025\/03\/Riesen-Zackenbarsch_1024x768-300x225.jpg 300w, https:\/\/alles-ueber-riffe.de\/wp-content\/uploads\/2025\/03\/Riesen-Zackenbarsch_1024x768-768x576.jpg 768w\" sizes=\"auto, (max-width: 767px) 89vw, (max-width: 1000px) 54vw, (max-width: 1071px) 543px, 580px\" \/><figcaption class=\"wp-element-caption\">\u00a9 Heinz Krimmer<\/figcaption><\/figure>\n\n\n\n<hr class=\"wp-block-separator has-alpha-channel-opacity is-style-default\"\/>\n\n\n\n<p><strong>Gr\u00f6\u00dfe: <\/strong> bis 2,70 m<\/p>\n\n\n\n<p><strong>Lebensraum:<\/strong> Korallen-und Felsenriffe, Sand- und Ger\u00f6llb\u00f6den, Flussm\u00fcndungen, Mangroven<\/p>\n\n\n\n<p><strong>Vorkommen:  <\/strong>Ostafrika, Rotes Meer, Malediven, ganz S\u00fcdostasien, Papua-Neuguinea, Nordaustralien, Ozeanien bis Hawaii<\/p>\n\n\n\n<p><strong>Erkennungsmerkmale:<\/strong> Grundfarbe olivebraun mit hellem unregelm\u00e4\u00dfigem Fleckenmuster; juvenile Tiere schwarz mit gro\u00dfen gelbbraunen Flecken, die im Alter verschwinden<\/p>\n\n\n\n<p><strong>Biologie &amp; Verhalten: <\/strong> Der Riesen-Zackenbarsch ist einer der gr\u00f6\u00dften Knochenfische, denen man im Riff begegnen kann. Er h\u00e4lt sich auch gerne im flachen und tr\u00fcben Wasser auf. Ich erinnere mich noch gut an meine erste Begegnung. Wir tauchten im tr\u00fcben Flachwasser zwischen runden Felsbl\u00f6cken, als sich pl\u00f6tzlich ein Felsblock vom Boden l\u00f6ste und davon schwamm.<\/p>\n\n\n\n<p>Der m\u00e4chtige R\u00e4uber jagt auch kleinere Haie und Schildkr\u00f6ten.<\/p>\n\n\n\n<p><strong>Bedrohungsstatus:<\/strong> Es liegen zu wenig Daten vor, um einen Status auf der Roten Liste der IUCN zu bestimmen.<\/p>\n\n\n\n<p><strong>Gefahr:<\/strong> T\u00f6dliche Angriffe von Riesen-Zackenbarschen auf Menschen soll es angeblich gegeben haben, doch sind diese Vorf\u00e4lle nicht wirklich dokumentiert. Wahrscheinlicher ist es, dass es sich um Unf\u00e4lle handelte, vielleicht auch im Zusammenhang mit Harpunenfischerei.<\/p>\n\n\n\n<p><mark style=\"background-color:rgba(0, 0, 0, 0)\" class=\"has-inline-color has-vivid-red-color\">Wie bei fast allen R\u00e4ubern am Ende der Nahrungskette kann es beim Verzehr zu einer ciguatoxischen Vergiftung kommen.<\/mark><\/p>\n\n\n\n<hr class=\"wp-block-separator has-alpha-channel-opacity is-style-default\"\/>\n\n\n\n<p><\/p>\n","protected":false},"excerpt":{"rendered":"<p>Riesen-Zackenbarsch Giant grouper Epinephelus lanceolatus Gr\u00f6\u00dfe: bis 2,70 m Lebensraum: Korallen-und Felsenriffe, Sand- und Ger\u00f6llb\u00f6den, Flussm\u00fcndungen, Mangroven Vorkommen: Ostafrika, Rotes Meer, Malediven, ganz S\u00fcdostasien, Papua-Neuguinea, Nordaustralien, Ozeanien bis Hawaii Erkennungsmerkmale: Grundfarbe olivebraun mit hellem unregelm\u00e4\u00dfigem Fleckenmuster; juvenile Tiere schwarz mit gro\u00dfen gelbbraunen Flecken, die im Alter verschwinden Biologie &amp; Verhalten: Der Riesen-Zackenbarsch ist einer der &hellip; <\/p>\n<p class=\"link-more\"><a href=\"https:\/\/alles-ueber-riffe.de\/?page_id=6066\" class=\"more-link\"><span class=\"screen-reader-text\">\u201eRiesen-Zackenbarsch\u201c<\/span> weiterlesen<\/a><\/p>\n","protected":false},"author":1,"featured_media":0,"parent":0,"menu_order":0,"comment_status":"closed","ping_status":"closed","template":"","meta":{"footnotes":""},"class_list":["post-6066","page","type-page","status-publish","hentry"],"_links":{"self":[{"href":"https:\/\/alles-ueber-riffe.de\/index.php?rest_route=\/wp\/v2\/pages\/6066","targetHints":{"allow":["GET"]}}],"collection":[{"href":"https:\/\/alles-ueber-riffe.de\/index.php?rest_route=\/wp\/v2\/pages"}],"about":[{"href":"https:\/\/alles-ueber-riffe.de\/index.php?rest_route=\/wp\/v2\/types\/page"}],"author":[{"embeddable":true,"href":"https:\/\/alles-ueber-riffe.de\/index.php?rest_route=\/wp\/v2\/users\/1"}],"replies":[{"embeddable":true,"href":"https:\/\/alles-ueber-riffe.de\/index.php?rest_route=%2Fwp%2Fv2%2Fcomments&post=6066"}],"version-history":[{"count":5,"href":"https:\/\/alles-ueber-riffe.de\/index.php?rest_route=\/wp\/v2\/pages\/6066\/revisions"}],"predecessor-version":[{"id":10375,"href":"https:\/\/alles-ueber-riffe.de\/index.php?rest_route=\/wp\/v2\/pages\/6066\/revisions\/10375"}],"wp:attachment":[{"href":"https:\/\/alles-ueber-riffe.de\/index.php?rest_route=%2Fwp%2Fv2%2Fmedia&parent=6066"}],"curies":[{"name":"wp","href":"https:\/\/api.w.org\/{rel}","templated":true}]}}