{"id":6064,"date":"2025-01-09T11:50:23","date_gmt":"2025-01-09T11:50:23","guid":{"rendered":"https:\/\/alles-ueber-riffe.de\/?page_id=6064"},"modified":"2025-03-02T21:19:29","modified_gmt":"2025-03-02T21:19:29","slug":"pfauen-zackenbarsch","status":"publish","type":"page","link":"https:\/\/alles-ueber-riffe.de\/?page_id=6064","title":{"rendered":"Pfauen-Zackenbarsch"},"content":{"rendered":"\n<div class=\"wp-block-group is-vertical is-layout-flex wp-container-core-group-is-layout-8cf370e7 wp-block-group-is-layout-flex\">\n<p><strong>Pfauen-Zackenbarsch<\/strong><\/p>\n\n\n\n<p>Peacock hind<\/p>\n\n\n\n<p><em>Cephalopholis argus<\/em><\/p>\n<\/div>\n\n\n\n<div style=\"height:30px\" aria-hidden=\"true\" class=\"wp-block-spacer\"><\/div>\n\n\n\n<figure class=\"wp-block-video\"><video height=\"576\" style=\"aspect-ratio: 1024 \/ 576;\" width=\"1024\" controls src=\"https:\/\/alles-ueber-riffe.de\/wp-content\/uploads\/2025\/03\/Pfauen-Zackenbarsch.mp4\"><\/video><figcaption class=\"wp-element-caption\">\u00a9 Heinz Krimmer<\/figcaption><\/figure>\n\n\n\n<hr class=\"wp-block-separator has-alpha-channel-opacity is-style-default\"\/>\n\n\n\n<p><strong>Gr\u00f6\u00dfe: <\/strong> bis 83 cm<\/p>\n\n\n\n<p><strong>Lebensraum:<\/strong> Korallenriffe; Sand- und Ger\u00f6llb\u00f6den<\/p>\n\n\n\n<p><strong>Vorkommen:  <\/strong>von Ostafrika, Rotes Meer, Malediven, S\u00fcdjapan, Vietnam, ganz S\u00fcdostasien, Nordaustralien, Papua-Neuguinea, Ozeanien bis Franz\u00f6sisch-Polynesien<\/p>\n\n\n\n<p><strong>Erkennungsmerkmale:<\/strong> Grundfarbe dunkelbraun; hellbraune, breite Querb\u00e4nder in der hinteren K\u00f6rperh\u00e4lfte; zahlreiche blaue Punkte; dunkelblaue, breite Flossens\u00e4ume<\/p>\n\n\n\n<p><strong>Biologie &amp; Verhalten: <\/strong> Diese h\u00e4ufig vorkommende Art frisst bevorzugt Fische. Leben in kleinen Gruppen bis zu 12 Tieren in einem Revier von bis zu 2000 qm. Das gesamte Revier ist wiederum in einzelne Reviere unterteilt, die von je einem Weibchen beherrscht werden. Es gibt ein dominantes M\u00e4nnchen, das das Gesamtrevier verteidigt. In manchen Regionen sind sie eher nachtacktiv.<\/p>\n\n\n\n<p><strong>Bedrohungsstatus:<\/strong> Die Art wird auf der Roten Liste der IUCN als <mark style=\"background-color:rgba(0, 0, 0, 0)\" class=\"has-inline-color has-vivid-green-cyan-color\">\u201enicht gef\u00e4hrdet\u201c<\/mark> gef\u00fchrt.<\/p>\n\n\n\n<p><mark style=\"background-color:rgba(0, 0, 0, 0)\" class=\"has-inline-color has-vivid-red-color\"><strong>Gefahr:\u00a0<\/strong>In manchen Regionen ist das Fleisch ciguatoxisch.<\/mark><\/p>\n\n\n\n<hr class=\"wp-block-separator has-alpha-channel-opacity is-style-default\"\/>\n\n\n\n<p><\/p>\n","protected":false},"excerpt":{"rendered":"<p>Pfauen-Zackenbarsch Peacock hind Cephalopholis argus Gr\u00f6\u00dfe: bis 83 cm Lebensraum: Korallenriffe; Sand- und Ger\u00f6llb\u00f6den Vorkommen: von Ostafrika, Rotes Meer, Malediven, S\u00fcdjapan, Vietnam, ganz S\u00fcdostasien, Nordaustralien, Papua-Neuguinea, Ozeanien bis Franz\u00f6sisch-Polynesien Erkennungsmerkmale: Grundfarbe dunkelbraun; hellbraune, breite Querb\u00e4nder in der hinteren K\u00f6rperh\u00e4lfte; zahlreiche blaue Punkte; dunkelblaue, breite Flossens\u00e4ume Biologie &amp; Verhalten: Diese h\u00e4ufig vorkommende Art frisst bevorzugt Fische. &hellip; <\/p>\n<p class=\"link-more\"><a href=\"https:\/\/alles-ueber-riffe.de\/?page_id=6064\" class=\"more-link\"><span class=\"screen-reader-text\">\u201ePfauen-Zackenbarsch\u201c<\/span> weiterlesen<\/a><\/p>\n","protected":false},"author":1,"featured_media":0,"parent":0,"menu_order":0,"comment_status":"closed","ping_status":"closed","template":"","meta":{"footnotes":""},"class_list":["post-6064","page","type-page","status-publish","hentry"],"_links":{"self":[{"href":"https:\/\/alles-ueber-riffe.de\/index.php?rest_route=\/wp\/v2\/pages\/6064","targetHints":{"allow":["GET"]}}],"collection":[{"href":"https:\/\/alles-ueber-riffe.de\/index.php?rest_route=\/wp\/v2\/pages"}],"about":[{"href":"https:\/\/alles-ueber-riffe.de\/index.php?rest_route=\/wp\/v2\/types\/page"}],"author":[{"embeddable":true,"href":"https:\/\/alles-ueber-riffe.de\/index.php?rest_route=\/wp\/v2\/users\/1"}],"replies":[{"embeddable":true,"href":"https:\/\/alles-ueber-riffe.de\/index.php?rest_route=%2Fwp%2Fv2%2Fcomments&post=6064"}],"version-history":[{"count":4,"href":"https:\/\/alles-ueber-riffe.de\/index.php?rest_route=\/wp\/v2\/pages\/6064\/revisions"}],"predecessor-version":[{"id":10369,"href":"https:\/\/alles-ueber-riffe.de\/index.php?rest_route=\/wp\/v2\/pages\/6064\/revisions\/10369"}],"wp:attachment":[{"href":"https:\/\/alles-ueber-riffe.de\/index.php?rest_route=%2Fwp%2Fv2%2Fmedia&parent=6064"}],"curies":[{"name":"wp","href":"https:\/\/api.w.org\/{rel}","templated":true}]}}