{"id":6053,"date":"2025-01-09T11:49:43","date_gmt":"2025-01-09T11:49:43","guid":{"rendered":"https:\/\/alles-ueber-riffe.de\/?page_id=6053"},"modified":"2025-03-02T17:59:35","modified_gmt":"2025-03-02T17:59:35","slug":"malabar-zackenbarsch","status":"publish","type":"page","link":"https:\/\/alles-ueber-riffe.de\/?page_id=6053","title":{"rendered":"Malabar-Zackenbarsch"},"content":{"rendered":"\n<div class=\"wp-block-group is-vertical is-layout-flex wp-container-core-group-is-layout-8cf370e7 wp-block-group-is-layout-flex\">\n<p><strong>Malabar-Zackenbarsch<\/strong><\/p>\n\n\n\n<p>Malabar grouper<\/p>\n\n\n\n<p><em>Epinephelus malabaricus<\/em><\/p>\n<\/div>\n\n\n\n<div style=\"height:30px\" aria-hidden=\"true\" class=\"wp-block-spacer\"><\/div>\n\n\n\n<figure class=\"wp-block-video\"><video height=\"576\" style=\"aspect-ratio: 1024 \/ 576;\" width=\"1024\" controls src=\"https:\/\/alles-ueber-riffe.de\/wp-content\/uploads\/2025\/03\/Malabar-Zackenbarsch.mp4\"><\/video><figcaption class=\"wp-element-caption\">\u00a9 Heinz Krimmer<\/figcaption><\/figure>\n\n\n\n<hr class=\"wp-block-separator has-alpha-channel-opacity is-style-default\"\/>\n\n\n\n<p><strong>Gr\u00f6\u00dfe: <\/strong>bis 2,34 m<\/p>\n\n\n\n<p><strong>Lebensraum:<\/strong> Korallen-und Felsenriffe, Sand- und Ger\u00f6llb\u00f6den, Mangrovengebiete<\/p>\n\n\n\n<p><strong>Vorkommen:  <\/strong>von Ostafrika, Rotes Meer, Malediven, S\u00fcdjapan, Vietnam, ganz S\u00fcdostasien, Nordaustralien, Papua-Neuguinea, Ozeanien bis Tonga<\/p>\n\n\n\n<p><strong>Erkennungsmerkmale:<\/strong> hellgrau und dunkelbraun marmoriert; manchmal sind breite helle Querb\u00e4nder zu sehen; zahlreiche, kleine, schwarze Punkte am ganzen K\u00f6rper inklusive der Flossen<\/p>\n\n\n\n<p><strong>Biologie &amp; Verhalten: <\/strong> Dieser gro\u00dfe R\u00e4uber bewohnt alle Biotope in seinem Verbreitungsgebiet. Er ist ein Einzelg\u00e4nger.<\/p>\n\n\n\n<p><strong>Bedrohungsstatus:<\/strong> Die Art wird auf der Roten Liste der IUCN als <mark style=\"background-color:rgba(0, 0, 0, 0)\" class=\"has-inline-color has-vivid-green-cyan-color\">\u201enicht gef\u00e4hrdet\u201c<\/mark> gef\u00fchrt.<\/p>\n\n\n\n<hr class=\"wp-block-separator has-alpha-channel-opacity is-style-default\"\/>\n\n\n\n<p><\/p>\n","protected":false},"excerpt":{"rendered":"<p>Malabar-Zackenbarsch Malabar grouper Epinephelus malabaricus Gr\u00f6\u00dfe: bis 2,34 m Lebensraum: Korallen-und Felsenriffe, Sand- und Ger\u00f6llb\u00f6den, Mangrovengebiete Vorkommen: von Ostafrika, Rotes Meer, Malediven, S\u00fcdjapan, Vietnam, ganz S\u00fcdostasien, Nordaustralien, Papua-Neuguinea, Ozeanien bis Tonga Erkennungsmerkmale: hellgrau und dunkelbraun marmoriert; manchmal sind breite helle Querb\u00e4nder zu sehen; zahlreiche, kleine, schwarze Punkte am ganzen K\u00f6rper inklusive der Flossen Biologie &amp; &hellip; <\/p>\n<p class=\"link-more\"><a href=\"https:\/\/alles-ueber-riffe.de\/?page_id=6053\" class=\"more-link\"><span class=\"screen-reader-text\">\u201eMalabar-Zackenbarsch\u201c<\/span> weiterlesen<\/a><\/p>\n","protected":false},"author":1,"featured_media":0,"parent":0,"menu_order":0,"comment_status":"closed","ping_status":"closed","template":"","meta":{"footnotes":""},"class_list":["post-6053","page","type-page","status-publish","hentry"],"_links":{"self":[{"href":"https:\/\/alles-ueber-riffe.de\/index.php?rest_route=\/wp\/v2\/pages\/6053","targetHints":{"allow":["GET"]}}],"collection":[{"href":"https:\/\/alles-ueber-riffe.de\/index.php?rest_route=\/wp\/v2\/pages"}],"about":[{"href":"https:\/\/alles-ueber-riffe.de\/index.php?rest_route=\/wp\/v2\/types\/page"}],"author":[{"embeddable":true,"href":"https:\/\/alles-ueber-riffe.de\/index.php?rest_route=\/wp\/v2\/users\/1"}],"replies":[{"embeddable":true,"href":"https:\/\/alles-ueber-riffe.de\/index.php?rest_route=%2Fwp%2Fv2%2Fcomments&post=6053"}],"version-history":[{"count":4,"href":"https:\/\/alles-ueber-riffe.de\/index.php?rest_route=\/wp\/v2\/pages\/6053\/revisions"}],"predecessor-version":[{"id":10348,"href":"https:\/\/alles-ueber-riffe.de\/index.php?rest_route=\/wp\/v2\/pages\/6053\/revisions\/10348"}],"wp:attachment":[{"href":"https:\/\/alles-ueber-riffe.de\/index.php?rest_route=%2Fwp%2Fv2%2Fmedia&parent=6053"}],"curies":[{"name":"wp","href":"https:\/\/api.w.org\/{rel}","templated":true}]}}