{"id":6051,"date":"2025-01-09T11:49:34","date_gmt":"2025-01-09T11:49:34","guid":{"rendered":"https:\/\/alles-ueber-riffe.de\/?page_id=6051"},"modified":"2025-03-02T17:53:48","modified_gmt":"2025-03-02T17:53:48","slug":"leder-zackenbarsch","status":"publish","type":"page","link":"https:\/\/alles-ueber-riffe.de\/?page_id=6051","title":{"rendered":"Leder-Zackenbarsch"},"content":{"rendered":"\n<div class=\"wp-block-group is-vertical is-layout-flex wp-container-core-group-is-layout-8cf370e7 wp-block-group-is-layout-flex\">\n<p><strong>Leder-Zackenbarsch<\/strong><\/p>\n\n\n\n<p>Leather bass<\/p>\n\n\n\n<p><em>Dermatolepis dermatolepis<\/em><\/p>\n<\/div>\n\n\n\n<div style=\"height:30px\" aria-hidden=\"true\" class=\"wp-block-spacer\"><\/div>\n\n\n\n<figure class=\"wp-block-video\"><video height=\"576\" style=\"aspect-ratio: 1024 \/ 576;\" width=\"1024\" controls src=\"https:\/\/alles-ueber-riffe.de\/wp-content\/uploads\/2025\/03\/Leder-Zackenbarsch.mp4\"><\/video><figcaption class=\"wp-element-caption\">\u00a9 Heinz Krimmer<\/figcaption><\/figure>\n\n\n\n<hr class=\"wp-block-separator has-alpha-channel-opacity is-style-default\"\/>\n\n\n\n<p><strong>Gr\u00f6\u00dfe: <\/strong> bis 100 cm<\/p>\n\n\n\n<p><strong>Lebensraum:<\/strong> Korallen- und Felsenriffe<\/p>\n\n\n\n<p><strong>Vorkommen:  <\/strong>Pazifikk\u00fcste Mittelamerikas, Galapagos, Cocos, Malpelo<\/p>\n\n\n\n<p><strong>Erkennungsmerkmale:<\/strong> Adulte: graubraun marmoriert; helle und dunkle Querb\u00e4nder, gelb ges\u00e4umte Flossen; hochr\u00fcckig, Juvenile schwarz mit wei\u00dflichen d\u00fcnnen Querstreifen<\/p>\n\n\n\n<p><strong>Biologie &amp; Verhalten: <\/strong> Der Leder-Zackenbarsch hat eine interessante Jagdtechnik entwickelt. Er l\u00e4sst andere f\u00fcr sich arbeiten. So folgt er z.B. Mur\u00e4nen und wenn diese Fische aufschrecken, dann schnappt er zu.<\/p>\n\n\n\n<p>Leder-Zackenbarsche k\u00f6nnen auch in Schw\u00e4rmen auftreten und es ist ein tolles Erlebnis einen solchen zu begleiten.<\/p>\n\n\n\n<p>Juvenile Tiere suchen oft Schutz zwischen den Stacheln von Seeigeln.<\/p>\n\n\n\n<p><strong>Bedrohungsstatus:<\/strong> Die Art wird auf der Roten Liste der IUCN als <mark style=\"background-color:rgba(0, 0, 0, 0)\" class=\"has-inline-color has-vivid-green-cyan-color\">\u201enicht gef\u00e4hrdet\u201c<\/mark> gef\u00fchrt.<\/p>\n\n\n\n<hr class=\"wp-block-separator has-alpha-channel-opacity is-style-default\"\/>\n\n\n\n<p><\/p>\n","protected":false},"excerpt":{"rendered":"<p>Leder-Zackenbarsch Leather bass Dermatolepis dermatolepis Gr\u00f6\u00dfe: bis 100 cm Lebensraum: Korallen- und Felsenriffe Vorkommen: Pazifikk\u00fcste Mittelamerikas, Galapagos, Cocos, Malpelo Erkennungsmerkmale: Adulte: graubraun marmoriert; helle und dunkle Querb\u00e4nder, gelb ges\u00e4umte Flossen; hochr\u00fcckig, Juvenile schwarz mit wei\u00dflichen d\u00fcnnen Querstreifen Biologie &amp; Verhalten: Der Leder-Zackenbarsch hat eine interessante Jagdtechnik entwickelt. Er l\u00e4sst andere f\u00fcr sich arbeiten. So folgt &hellip; <\/p>\n<p class=\"link-more\"><a href=\"https:\/\/alles-ueber-riffe.de\/?page_id=6051\" class=\"more-link\"><span class=\"screen-reader-text\">\u201eLeder-Zackenbarsch\u201c<\/span> weiterlesen<\/a><\/p>\n","protected":false},"author":1,"featured_media":0,"parent":0,"menu_order":0,"comment_status":"closed","ping_status":"closed","template":"","meta":{"footnotes":""},"class_list":["post-6051","page","type-page","status-publish","hentry"],"_links":{"self":[{"href":"https:\/\/alles-ueber-riffe.de\/index.php?rest_route=\/wp\/v2\/pages\/6051","targetHints":{"allow":["GET"]}}],"collection":[{"href":"https:\/\/alles-ueber-riffe.de\/index.php?rest_route=\/wp\/v2\/pages"}],"about":[{"href":"https:\/\/alles-ueber-riffe.de\/index.php?rest_route=\/wp\/v2\/types\/page"}],"author":[{"embeddable":true,"href":"https:\/\/alles-ueber-riffe.de\/index.php?rest_route=\/wp\/v2\/users\/1"}],"replies":[{"embeddable":true,"href":"https:\/\/alles-ueber-riffe.de\/index.php?rest_route=%2Fwp%2Fv2%2Fcomments&post=6051"}],"version-history":[{"count":4,"href":"https:\/\/alles-ueber-riffe.de\/index.php?rest_route=\/wp\/v2\/pages\/6051\/revisions"}],"predecessor-version":[{"id":10344,"href":"https:\/\/alles-ueber-riffe.de\/index.php?rest_route=\/wp\/v2\/pages\/6051\/revisions\/10344"}],"wp:attachment":[{"href":"https:\/\/alles-ueber-riffe.de\/index.php?rest_route=%2Fwp%2Fv2%2Fmedia&parent=6051"}],"curies":[{"name":"wp","href":"https:\/\/api.w.org\/{rel}","templated":true}]}}