{"id":6049,"date":"2025-01-09T11:49:24","date_gmt":"2025-01-09T11:49:24","guid":{"rendered":"https:\/\/alles-ueber-riffe.de\/?page_id=6049"},"modified":"2025-03-02T16:19:34","modified_gmt":"2025-03-02T16:19:34","slug":"kartoffel-zackenbarsch","status":"publish","type":"page","link":"https:\/\/alles-ueber-riffe.de\/?page_id=6049","title":{"rendered":"Kartoffel-Zackenbarsch"},"content":{"rendered":"\n<div class=\"wp-block-group is-vertical is-layout-flex wp-container-core-group-is-layout-8cf370e7 wp-block-group-is-layout-flex\">\n<p><strong>Kartoffel-Zackenbarsch<\/strong><\/p>\n\n\n\n<p>Potato grouper<\/p>\n\n\n\n<p><em>Epinephelus tukula<\/em><\/p>\n<\/div>\n\n\n\n<div style=\"height:30px\" aria-hidden=\"true\" class=\"wp-block-spacer\"><\/div>\n\n\n\n<figure class=\"wp-block-image size-full\"><img loading=\"lazy\" decoding=\"async\" width=\"1024\" height=\"768\" src=\"https:\/\/alles-ueber-riffe.de\/wp-content\/uploads\/2025\/03\/Kartoffel-Zackenbarsch_1024x768.jpg\" alt=\"\" class=\"wp-image-10338\" srcset=\"https:\/\/alles-ueber-riffe.de\/wp-content\/uploads\/2025\/03\/Kartoffel-Zackenbarsch_1024x768.jpg 1024w, https:\/\/alles-ueber-riffe.de\/wp-content\/uploads\/2025\/03\/Kartoffel-Zackenbarsch_1024x768-300x225.jpg 300w, https:\/\/alles-ueber-riffe.de\/wp-content\/uploads\/2025\/03\/Kartoffel-Zackenbarsch_1024x768-768x576.jpg 768w\" sizes=\"auto, (max-width: 767px) 89vw, (max-width: 1000px) 54vw, (max-width: 1071px) 543px, 580px\" \/><figcaption class=\"wp-element-caption\">\u00a9 Tomas Kotouc<\/figcaption><\/figure>\n\n\n\n<hr class=\"wp-block-separator has-alpha-channel-opacity is-style-default\"\/>\n\n\n\n<p><strong>Gr\u00f6\u00dfe: <\/strong> bis 2,00 m<\/p>\n\n\n\n<p><strong>Lebensraum:<\/strong> Korallenriffe<\/p>\n\n\n\n<p><strong>Vorkommen:  <\/strong>von Ostafrika, Rotes Meer, S\u00fcdjapan, Philippinen, Ostindonesien, Nordaustralien, Papua-Neuguinea<\/p>\n\n\n\n<p><strong>Erkennungsmerkmale:<\/strong> Grundfarbe hellgrau; gro\u00dfe schwarze Flecken \u00fcber den ganzen K\u00f6rper<\/p>\n\n\n\n<p><strong>Biologie &amp; Verhalten: <\/strong> Das Verbreitungsgebiet dieses gro\u00dfen, m\u00e4chtigen Zackenbarsches ist ein R\u00e4tsel, denn es ist sehr l\u00fcckenhaft. Vom Roten Meer im Westen bis nach S\u00fcdjapan im Osten kommt er z.B. nicht vor. Der Einzelg\u00e4nger verteidigt sein Revier mit gro\u00dfer Aggressivit\u00e4t.<\/p>\n\n\n\n<p><strong>Bedrohungsstatus:<\/strong> Die Art wird auf der Roten Liste der IUCN als <mark style=\"background-color:rgba(0, 0, 0, 0)\" class=\"has-inline-color has-vivid-green-cyan-color\">\u201enicht gef\u00e4hrdet\u201c<\/mark> gef\u00fchrt.<\/p>\n\n\n\n<p><mark style=\"background-color:rgba(0, 0, 0, 0)\" class=\"has-inline-color has-vivid-red-color\"><strong>Gefahr:<\/strong> Manchmal wird er von Tauchern angef\u00fcttert. Wie bei allen gro\u00dfen Zackenbarschen ist dies nicht ganz ungef\u00e4hrlich. Es kam schon zu Unf\u00e4llen.<\/mark><\/p>\n\n\n\n<hr class=\"wp-block-separator has-alpha-channel-opacity is-style-default\"\/>\n\n\n\n<p><\/p>\n","protected":false},"excerpt":{"rendered":"<p>Kartoffel-Zackenbarsch Potato grouper Epinephelus tukula Gr\u00f6\u00dfe: bis 2,00 m Lebensraum: Korallenriffe Vorkommen: von Ostafrika, Rotes Meer, S\u00fcdjapan, Philippinen, Ostindonesien, Nordaustralien, Papua-Neuguinea Erkennungsmerkmale: Grundfarbe hellgrau; gro\u00dfe schwarze Flecken \u00fcber den ganzen K\u00f6rper Biologie &amp; Verhalten: Das Verbreitungsgebiet dieses gro\u00dfen, m\u00e4chtigen Zackenbarsches ist ein R\u00e4tsel, denn es ist sehr l\u00fcckenhaft. Vom Roten Meer im Westen bis nach &hellip; <\/p>\n<p class=\"link-more\"><a href=\"https:\/\/alles-ueber-riffe.de\/?page_id=6049\" class=\"more-link\"><span class=\"screen-reader-text\">\u201eKartoffel-Zackenbarsch\u201c<\/span> weiterlesen<\/a><\/p>\n","protected":false},"author":1,"featured_media":0,"parent":0,"menu_order":0,"comment_status":"closed","ping_status":"closed","template":"","meta":{"footnotes":""},"class_list":["post-6049","page","type-page","status-publish","hentry"],"_links":{"self":[{"href":"https:\/\/alles-ueber-riffe.de\/index.php?rest_route=\/wp\/v2\/pages\/6049","targetHints":{"allow":["GET"]}}],"collection":[{"href":"https:\/\/alles-ueber-riffe.de\/index.php?rest_route=\/wp\/v2\/pages"}],"about":[{"href":"https:\/\/alles-ueber-riffe.de\/index.php?rest_route=\/wp\/v2\/types\/page"}],"author":[{"embeddable":true,"href":"https:\/\/alles-ueber-riffe.de\/index.php?rest_route=\/wp\/v2\/users\/1"}],"replies":[{"embeddable":true,"href":"https:\/\/alles-ueber-riffe.de\/index.php?rest_route=%2Fwp%2Fv2%2Fcomments&post=6049"}],"version-history":[{"count":4,"href":"https:\/\/alles-ueber-riffe.de\/index.php?rest_route=\/wp\/v2\/pages\/6049\/revisions"}],"predecessor-version":[{"id":10340,"href":"https:\/\/alles-ueber-riffe.de\/index.php?rest_route=\/wp\/v2\/pages\/6049\/revisions\/10340"}],"wp:attachment":[{"href":"https:\/\/alles-ueber-riffe.de\/index.php?rest_route=%2Fwp%2Fv2%2Fmedia&parent=6049"}],"curies":[{"name":"wp","href":"https:\/\/api.w.org\/{rel}","templated":true}]}}