{"id":6043,"date":"2025-01-09T11:49:06","date_gmt":"2025-01-09T11:49:06","guid":{"rendered":"https:\/\/alles-ueber-riffe.de\/?page_id=6043"},"modified":"2025-03-01T22:47:18","modified_gmt":"2025-03-01T22:47:18","slug":"forellenbarsch","status":"publish","type":"page","link":"https:\/\/alles-ueber-riffe.de\/?page_id=6043","title":{"rendered":"Forellenbarsch"},"content":{"rendered":"\n<div class=\"wp-block-group is-vertical is-layout-flex wp-container-core-group-is-layout-8cf370e7 wp-block-group-is-layout-flex\">\n<p><strong>Forellenbarsch<\/strong><\/p>\n\n\n\n<p>Roving coralgrouper<\/p>\n\n\n\n<p><em>Plectropomus marisrubri<\/em><\/p>\n<\/div>\n\n\n\n<div style=\"height:30px\" aria-hidden=\"true\" class=\"wp-block-spacer\"><\/div>\n\n\n\n<figure class=\"wp-block-video\"><video height=\"576\" style=\"aspect-ratio: 1024 \/ 576;\" width=\"1024\" controls src=\"https:\/\/alles-ueber-riffe.de\/wp-content\/uploads\/2025\/03\/Rotmeer-Forellenbarsch.mp4\"><\/video><figcaption class=\"wp-element-caption\">\u00a9 Heinz Krimmer<\/figcaption><\/figure>\n\n\n\n<hr class=\"wp-block-separator has-alpha-channel-opacity is-style-default\"\/>\n\n\n\n<p><strong>Gr\u00f6\u00dfe: <\/strong> bis 1,20 m<\/p>\n\n\n\n<p><strong>Lebensraum:<\/strong> Korallenriffe; Sand- und Ger\u00f6llb\u00f6den<\/p>\n\n\n\n<p><strong>Vorkommen:  <\/strong>Endemisch im Roten Meer<\/p>\n\n\n\n<p><strong>Erkennungsmerkmale:<\/strong> Farbe variabel von braun bis rot; oft mit hellen, breiten Querb\u00e4ndern; zahlreiche, blaue Punkte oder kleine Striche auf dem K\u00f6rper und den Flossen<\/p>\n\n\n\n<p><strong>Biologie &amp; Verhalten: <\/strong> Sehr \u00e4hnlich:&nbsp;Plectropomus pessuliferus, der aber weit im Indopazifik verbreitet ist. \u00dcber die Art ist wenig bekannt.<\/p>\n\n\n\n<p><strong>Bedrohungsstatus:<\/strong> Die Art wird auf der Roten Liste der IUCN als <mark style=\"background-color:rgba(0, 0, 0, 0)\" class=\"has-inline-color has-vivid-red-color\">\u201egef\u00e4hrdet\u201c <\/mark>gef\u00fchrt.<\/p>\n\n\n\n<hr class=\"wp-block-separator has-alpha-channel-opacity is-style-default\"\/>\n\n\n\n<p><\/p>\n","protected":false},"excerpt":{"rendered":"<p>Forellenbarsch Roving coralgrouper Plectropomus marisrubri Gr\u00f6\u00dfe: bis 1,20 m Lebensraum: Korallenriffe; Sand- und Ger\u00f6llb\u00f6den Vorkommen: Endemisch im Roten Meer Erkennungsmerkmale: Farbe variabel von braun bis rot; oft mit hellen, breiten Querb\u00e4ndern; zahlreiche, blaue Punkte oder kleine Striche auf dem K\u00f6rper und den Flossen Biologie &amp; Verhalten: Sehr \u00e4hnlich:&nbsp;Plectropomus pessuliferus, der aber weit im Indopazifik verbreitet &hellip; <\/p>\n<p class=\"link-more\"><a href=\"https:\/\/alles-ueber-riffe.de\/?page_id=6043\" class=\"more-link\"><span class=\"screen-reader-text\">\u201eForellenbarsch\u201c<\/span> weiterlesen<\/a><\/p>\n","protected":false},"author":1,"featured_media":0,"parent":0,"menu_order":0,"comment_status":"closed","ping_status":"closed","template":"","meta":{"footnotes":""},"class_list":["post-6043","page","type-page","status-publish","hentry"],"_links":{"self":[{"href":"https:\/\/alles-ueber-riffe.de\/index.php?rest_route=\/wp\/v2\/pages\/6043","targetHints":{"allow":["GET"]}}],"collection":[{"href":"https:\/\/alles-ueber-riffe.de\/index.php?rest_route=\/wp\/v2\/pages"}],"about":[{"href":"https:\/\/alles-ueber-riffe.de\/index.php?rest_route=\/wp\/v2\/types\/page"}],"author":[{"embeddable":true,"href":"https:\/\/alles-ueber-riffe.de\/index.php?rest_route=\/wp\/v2\/users\/1"}],"replies":[{"embeddable":true,"href":"https:\/\/alles-ueber-riffe.de\/index.php?rest_route=%2Fwp%2Fv2%2Fcomments&post=6043"}],"version-history":[{"count":4,"href":"https:\/\/alles-ueber-riffe.de\/index.php?rest_route=\/wp\/v2\/pages\/6043\/revisions"}],"predecessor-version":[{"id":10331,"href":"https:\/\/alles-ueber-riffe.de\/index.php?rest_route=\/wp\/v2\/pages\/6043\/revisions\/10331"}],"wp:attachment":[{"href":"https:\/\/alles-ueber-riffe.de\/index.php?rest_route=%2Fwp%2Fv2%2Fmedia&parent=6043"}],"curies":[{"name":"wp","href":"https:\/\/api.w.org\/{rel}","templated":true}]}}