{"id":6035,"date":"2025-01-08T22:44:33","date_gmt":"2025-01-08T22:44:33","guid":{"rendered":"https:\/\/alles-ueber-riffe.de\/?page_id=6035"},"modified":"2025-03-01T16:56:24","modified_gmt":"2025-03-01T16:56:24","slug":"trompetenfisch","status":"publish","type":"page","link":"https:\/\/alles-ueber-riffe.de\/?page_id=6035","title":{"rendered":"Trompetenfisch"},"content":{"rendered":"\n<div class=\"wp-block-group is-vertical is-layout-flex wp-container-core-group-is-layout-8cf370e7 wp-block-group-is-layout-flex\">\n<p><strong>Trompetenfisch<\/strong><\/p>\n\n\n\n<p>Chinese trumpetfish<\/p>\n\n\n\n<p><em>Aulostomus chinesis<\/em><\/p>\n<\/div>\n\n\n\n<div style=\"height:30px\" aria-hidden=\"true\" class=\"wp-block-spacer\"><\/div>\n\n\n\n<figure class=\"wp-block-video\"><video height=\"576\" style=\"aspect-ratio: 1024 \/ 576;\" width=\"1024\" controls src=\"https:\/\/alles-ueber-riffe.de\/wp-content\/uploads\/2025\/03\/Trompetenfisch.mp4\"><\/video><figcaption class=\"wp-element-caption\">\u00a9 Heinz Krimmer<\/figcaption><\/figure>\n\n\n\n<hr class=\"wp-block-separator has-alpha-channel-opacity is-style-default\"\/>\n\n\n\n<p><strong>Gr\u00f6\u00dfe: <\/strong> bis 80 cm<\/p>\n\n\n\n<p><strong>Lebensraum:<\/strong> Korallen- und Felsenriffe<\/p>\n\n\n\n<p><strong>Vorkommen:  <\/strong>im gesamten tropischen Pazifik mit Ausnahme der Nebenmeere<\/p>\n\n\n\n<p><strong>Erkennungsmerkmale:<\/strong> Zwei Farbvarianten: komplett gelb und braun; mit schwarzem Fleck und wei\u00dfen Punkten am Ansatz der Schwanzflosse; lang und d\u00fcnn; fl\u00f6tenartiges Maul<\/p>\n\n\n\n<p><strong>Biologie &amp; Verhalten: <\/strong> Fl\u00f6tenfische sind raffinierte R\u00e4uber. Um unbemerkt nahe genug an Beutefische zu gelangen, tarnen sie sich mit anderen Fischen. Entweder schlie\u00dfen sie sich einem Fischschwarm an, oder schwimmen nahe am R\u00fccken, von gr\u00f6\u00dferen Fischen. Ist die Beute nicht mehr weit, schiessen sie blitzschnell auf sie zu und saugen sie ein. Die mit ihnen nah verwandten Fl\u00f6tenfische zeigen das gleich Jagdverhalten.<\/p>\n\n\n\n<p>Erstaunlicherweise gibt es zwei Farbvarianten: die gelben und die braunen Trompetenfische. Diese Farbvarianten haben nichts mit Geschlecht oder Lebensphasen zu tun.<\/p>\n\n\n\n<p><strong>Bedrohungsstatus:<\/strong> Die Art wird auf der Roten Liste der IUCN als <mark style=\"background-color:rgba(0, 0, 0, 0)\" class=\"has-inline-color has-vivid-green-cyan-color\">\u201enicht gef\u00e4hrdet\u201c<\/mark> gef\u00fchrt.<\/p>\n\n\n\n<hr class=\"wp-block-separator has-alpha-channel-opacity is-style-default\"\/>\n\n\n\n<p><\/p>\n","protected":false},"excerpt":{"rendered":"<p>Trompetenfisch Chinese trumpetfish Aulostomus chinesis Gr\u00f6\u00dfe: bis 80 cm Lebensraum: Korallen- und Felsenriffe Vorkommen: im gesamten tropischen Pazifik mit Ausnahme der Nebenmeere Erkennungsmerkmale: Zwei Farbvarianten: komplett gelb und braun; mit schwarzem Fleck und wei\u00dfen Punkten am Ansatz der Schwanzflosse; lang und d\u00fcnn; fl\u00f6tenartiges Maul Biologie &amp; Verhalten: Fl\u00f6tenfische sind raffinierte R\u00e4uber. Um unbemerkt nahe genug &hellip; <\/p>\n<p class=\"link-more\"><a href=\"https:\/\/alles-ueber-riffe.de\/?page_id=6035\" class=\"more-link\"><span class=\"screen-reader-text\">\u201eTrompetenfisch\u201c<\/span> weiterlesen<\/a><\/p>\n","protected":false},"author":1,"featured_media":0,"parent":0,"menu_order":0,"comment_status":"closed","ping_status":"closed","template":"","meta":{"footnotes":""},"class_list":["post-6035","page","type-page","status-publish","hentry"],"_links":{"self":[{"href":"https:\/\/alles-ueber-riffe.de\/index.php?rest_route=\/wp\/v2\/pages\/6035","targetHints":{"allow":["GET"]}}],"collection":[{"href":"https:\/\/alles-ueber-riffe.de\/index.php?rest_route=\/wp\/v2\/pages"}],"about":[{"href":"https:\/\/alles-ueber-riffe.de\/index.php?rest_route=\/wp\/v2\/types\/page"}],"author":[{"embeddable":true,"href":"https:\/\/alles-ueber-riffe.de\/index.php?rest_route=\/wp\/v2\/users\/1"}],"replies":[{"embeddable":true,"href":"https:\/\/alles-ueber-riffe.de\/index.php?rest_route=%2Fwp%2Fv2%2Fcomments&post=6035"}],"version-history":[{"count":5,"href":"https:\/\/alles-ueber-riffe.de\/index.php?rest_route=\/wp\/v2\/pages\/6035\/revisions"}],"predecessor-version":[{"id":10285,"href":"https:\/\/alles-ueber-riffe.de\/index.php?rest_route=\/wp\/v2\/pages\/6035\/revisions\/10285"}],"wp:attachment":[{"href":"https:\/\/alles-ueber-riffe.de\/index.php?rest_route=%2Fwp%2Fv2%2Fmedia&parent=6035"}],"curies":[{"name":"wp","href":"https:\/\/api.w.org\/{rel}","templated":true}]}}