{"id":6025,"date":"2025-01-08T22:43:56","date_gmt":"2025-01-08T22:43:56","guid":{"rendered":"https:\/\/alles-ueber-riffe.de\/?page_id=6025"},"modified":"2025-03-01T22:02:00","modified_gmt":"2025-03-01T22:02:00","slug":"feuer-schwertgrundel","status":"publish","type":"page","link":"https:\/\/alles-ueber-riffe.de\/?page_id=6025","title":{"rendered":"Feuer-Schwertgrundel"},"content":{"rendered":"\n<div class=\"wp-block-group is-vertical is-layout-flex wp-container-core-group-is-layout-8cf370e7 wp-block-group-is-layout-flex\">\n<p><strong>Feuer-Schwertgrundel<\/strong><\/p>\n\n\n\n<p>Fire goby<\/p>\n\n\n\n<p><em>Nemateleotris magnifica<\/em><\/p>\n<\/div>\n\n\n\n<div style=\"height:30px\" aria-hidden=\"true\" class=\"wp-block-spacer\"><\/div>\n\n\n\n<figure class=\"wp-block-video\"><video height=\"576\" style=\"aspect-ratio: 1024 \/ 576;\" width=\"1024\" controls src=\"https:\/\/alles-ueber-riffe.de\/wp-content\/uploads\/2025\/03\/Feuer-Schwertgrundel.mp4\"><\/video><figcaption class=\"wp-element-caption\">\u00a9 Heinz Krimmer<\/figcaption><\/figure>\n\n\n\n<hr class=\"wp-block-separator has-alpha-channel-opacity is-style-default\"\/>\n\n\n\n<p><strong>Gr\u00f6\u00dfe: <\/strong> bis 9 cm<\/p>\n\n\n\n<p><strong>Lebensraum:<\/strong> Korallenriffe<\/p>\n\n\n\n<p><strong>Vorkommen:  <\/strong>von Ostafrika, Malediven, S\u00fcdjapan, Philippinen, Ostindonesien, Nordaustralien, Papua-Neuguinea, Ozeanien bis Hawaii<\/p>\n\n\n\n<p><strong>Erkennungsmerkmale:<\/strong> wei\u00dfer Vorderk\u00f6rper, der nach hinten zun\u00e4chst in orange und dann in fast schwarz \u00fcbergeht; hohe erste R\u00fcckenflosse in Form einer Messerklinge<\/p>\n\n\n\n<p><strong>Biologie &amp; Verhalten: <\/strong> Die sch\u00f6nen Feuer-Schwergrundeln leben paarweise in einer Wohnh\u00f6hle im Substrat. Wenn sie die H\u00f6hle verlassen, stehen sie schr\u00e4g mit dem Kopf nach oben im Wasser. Sie fressen Zooplankton. Monogam.<\/p>\n\n\n\n<p><strong>Bedrohungsstatus:<\/strong> Die Art wird auf der Roten Liste der IUCN als <mark style=\"background-color:rgba(0, 0, 0, 0)\" class=\"has-inline-color has-vivid-green-cyan-color\">\u201enicht gef\u00e4hrdet\u201c<\/mark> gef\u00fchrt.<\/p>\n\n\n\n<hr class=\"wp-block-separator has-alpha-channel-opacity is-style-default\"\/>\n\n\n\n<p><\/p>\n","protected":false},"excerpt":{"rendered":"<p>Feuer-Schwertgrundel Fire goby Nemateleotris magnifica Gr\u00f6\u00dfe: bis 9 cm Lebensraum: Korallenriffe Vorkommen: von Ostafrika, Malediven, S\u00fcdjapan, Philippinen, Ostindonesien, Nordaustralien, Papua-Neuguinea, Ozeanien bis Hawaii Erkennungsmerkmale: wei\u00dfer Vorderk\u00f6rper, der nach hinten zun\u00e4chst in orange und dann in fast schwarz \u00fcbergeht; hohe erste R\u00fcckenflosse in Form einer Messerklinge Biologie &amp; Verhalten: Die sch\u00f6nen Feuer-Schwergrundeln leben paarweise in einer &hellip; <\/p>\n<p class=\"link-more\"><a href=\"https:\/\/alles-ueber-riffe.de\/?page_id=6025\" class=\"more-link\"><span class=\"screen-reader-text\">\u201eFeuer-Schwertgrundel\u201c<\/span> weiterlesen<\/a><\/p>\n","protected":false},"author":1,"featured_media":0,"parent":0,"menu_order":0,"comment_status":"closed","ping_status":"closed","template":"","meta":{"footnotes":""},"class_list":["post-6025","page","type-page","status-publish","hentry"],"_links":{"self":[{"href":"https:\/\/alles-ueber-riffe.de\/index.php?rest_route=\/wp\/v2\/pages\/6025","targetHints":{"allow":["GET"]}}],"collection":[{"href":"https:\/\/alles-ueber-riffe.de\/index.php?rest_route=\/wp\/v2\/pages"}],"about":[{"href":"https:\/\/alles-ueber-riffe.de\/index.php?rest_route=\/wp\/v2\/types\/page"}],"author":[{"embeddable":true,"href":"https:\/\/alles-ueber-riffe.de\/index.php?rest_route=\/wp\/v2\/users\/1"}],"replies":[{"embeddable":true,"href":"https:\/\/alles-ueber-riffe.de\/index.php?rest_route=%2Fwp%2Fv2%2Fcomments&post=6025"}],"version-history":[{"count":4,"href":"https:\/\/alles-ueber-riffe.de\/index.php?rest_route=\/wp\/v2\/pages\/6025\/revisions"}],"predecessor-version":[{"id":10296,"href":"https:\/\/alles-ueber-riffe.de\/index.php?rest_route=\/wp\/v2\/pages\/6025\/revisions\/10296"}],"wp:attachment":[{"href":"https:\/\/alles-ueber-riffe.de\/index.php?rest_route=%2Fwp%2Fv2%2Fmedia&parent=6025"}],"curies":[{"name":"wp","href":"https:\/\/api.w.org\/{rel}","templated":true}]}}