{"id":6018,"date":"2025-01-08T22:43:27","date_gmt":"2025-01-08T22:43:27","guid":{"rendered":"https:\/\/alles-ueber-riffe.de\/?page_id=6018"},"modified":"2025-03-01T16:46:21","modified_gmt":"2025-03-01T16:46:21","slug":"flaggenschwanz-torpdobarsch","status":"publish","type":"page","link":"https:\/\/alles-ueber-riffe.de\/?page_id=6018","title":{"rendered":"Flaggenschwanz-Torpedobarsch"},"content":{"rendered":"\n<div class=\"wp-block-group is-vertical is-layout-flex wp-container-core-group-is-layout-8cf370e7 wp-block-group-is-layout-flex\">\n<p><strong>Flaggenschwanz-Torpedobarsch<\/strong><\/p>\n\n\n\n<p>Quakerfish<\/p>\n\n\n\n<p><em>Malacanthus brevirostris<\/em><\/p>\n<\/div>\n\n\n\n<div style=\"height:30px\" aria-hidden=\"true\" class=\"wp-block-spacer\"><\/div>\n\n\n\n<figure class=\"wp-block-image size-full\"><img loading=\"lazy\" decoding=\"async\" width=\"300\" height=\"200\" src=\"https:\/\/alles-ueber-riffe.de\/wp-content\/uploads\/2024\/12\/Flaggenschwanz-Torpdobarsch_300x200.jpg\" alt=\"\" class=\"wp-image-3607\"\/><figcaption class=\"wp-element-caption\">\u00a9 Heinz Krimmer<\/figcaption><\/figure>\n\n\n\n<hr class=\"wp-block-separator has-alpha-channel-opacity is-style-default\"\/>\n\n\n\n<p><strong>Gr\u00f6\u00dfe: <\/strong> bis 32 cm<\/p>\n\n\n\n<p><strong>Lebensraum:<\/strong> Sand- und Ger\u00f6llb\u00f6den in der N\u00e4he von Korallenriffen<\/p>\n\n\n\n<p><strong>Vorkommen:  <\/strong>im gesamten tropischen Pazifik einschlie\u00dflich der Nebenmeere<\/p>\n\n\n\n<p><strong>Erkennungsmerkmale:<\/strong> Grundfarbe hellgrau; Bauch wei\u00df; Schwanzflosse in der Mitte mit wei\u00dfem Fleck, der von zwei schwarzen L\u00e4ngsb\u00e4ndern eingerahmt ist<\/p>\n\n\n\n<p><strong>Biologie &amp; Verhalten: <\/strong> Der Flaggenschwanz-Torpedobarsch baut sich zum Schutz eine Wohnh\u00f6hle im Sand, die er unter Steinen anlegt. F\u00fchlt sich der scheue Fisch bedroht,\u00a0\u00a0zieht er sich sofort in sein Versteck zur\u00fcck.<\/p>\n\n\n\n<p><strong>Bedrohungsstatus:<\/strong> Die Art wird auf der Roten Liste der IUCN als <mark style=\"background-color:rgba(0, 0, 0, 0)\" class=\"has-inline-color has-vivid-green-cyan-color\">\u201enicht gef\u00e4hrdet\u201c<\/mark> gef\u00fchrt.<\/p>\n\n\n\n<hr class=\"wp-block-separator has-alpha-channel-opacity is-style-default\"\/>\n\n\n\n<p><\/p>\n","protected":false},"excerpt":{"rendered":"<p>Flaggenschwanz-Torpedobarsch Quakerfish Malacanthus brevirostris Gr\u00f6\u00dfe: bis 32 cm Lebensraum: Sand- und Ger\u00f6llb\u00f6den in der N\u00e4he von Korallenriffen Vorkommen: im gesamten tropischen Pazifik einschlie\u00dflich der Nebenmeere Erkennungsmerkmale: Grundfarbe hellgrau; Bauch wei\u00df; Schwanzflosse in der Mitte mit wei\u00dfem Fleck, der von zwei schwarzen L\u00e4ngsb\u00e4ndern eingerahmt ist Biologie &amp; Verhalten: Der Flaggenschwanz-Torpedobarsch baut sich zum Schutz eine Wohnh\u00f6hle &hellip; <\/p>\n<p class=\"link-more\"><a href=\"https:\/\/alles-ueber-riffe.de\/?page_id=6018\" class=\"more-link\"><span class=\"screen-reader-text\">\u201eFlaggenschwanz-Torpedobarsch\u201c<\/span> weiterlesen<\/a><\/p>\n","protected":false},"author":1,"featured_media":0,"parent":0,"menu_order":0,"comment_status":"closed","ping_status":"closed","template":"","meta":{"footnotes":""},"class_list":["post-6018","page","type-page","status-publish","hentry"],"_links":{"self":[{"href":"https:\/\/alles-ueber-riffe.de\/index.php?rest_route=\/wp\/v2\/pages\/6018","targetHints":{"allow":["GET"]}}],"collection":[{"href":"https:\/\/alles-ueber-riffe.de\/index.php?rest_route=\/wp\/v2\/pages"}],"about":[{"href":"https:\/\/alles-ueber-riffe.de\/index.php?rest_route=\/wp\/v2\/types\/page"}],"author":[{"embeddable":true,"href":"https:\/\/alles-ueber-riffe.de\/index.php?rest_route=\/wp\/v2\/users\/1"}],"replies":[{"embeddable":true,"href":"https:\/\/alles-ueber-riffe.de\/index.php?rest_route=%2Fwp%2Fv2%2Fcomments&post=6018"}],"version-history":[{"count":4,"href":"https:\/\/alles-ueber-riffe.de\/index.php?rest_route=\/wp\/v2\/pages\/6018\/revisions"}],"predecessor-version":[{"id":10273,"href":"https:\/\/alles-ueber-riffe.de\/index.php?rest_route=\/wp\/v2\/pages\/6018\/revisions\/10273"}],"wp:attachment":[{"href":"https:\/\/alles-ueber-riffe.de\/index.php?rest_route=%2Fwp%2Fv2%2Fmedia&parent=6018"}],"curies":[{"name":"wp","href":"https:\/\/api.w.org\/{rel}","templated":true}]}}