{"id":6014,"date":"2025-01-08T22:43:06","date_gmt":"2025-01-08T22:43:06","guid":{"rendered":"https:\/\/alles-ueber-riffe.de\/?page_id=6014"},"modified":"2025-03-01T16:38:42","modified_gmt":"2025-03-01T16:38:42","slug":"japanischer-tannenzapfenfisch","status":"publish","type":"page","link":"https:\/\/alles-ueber-riffe.de\/?page_id=6014","title":{"rendered":"Japanischer Tannenzapfenfisch"},"content":{"rendered":"\n<div class=\"wp-block-group is-vertical is-layout-flex wp-container-core-group-is-layout-8cf370e7 wp-block-group-is-layout-flex\">\n<p><strong>Japanischer Tannenzapfenfisch<\/strong><\/p>\n\n\n\n<p>Pineconefish<\/p>\n\n\n\n<p><em>Monocentris japonica<\/em><\/p>\n<\/div>\n\n\n\n<div style=\"height:30px\" aria-hidden=\"true\" class=\"wp-block-spacer\"><\/div>\n\n\n\n<figure class=\"wp-block-image size-full\"><img loading=\"lazy\" decoding=\"async\" width=\"1024\" height=\"768\" src=\"https:\/\/alles-ueber-riffe.de\/wp-content\/uploads\/2025\/03\/Japanischer-Tannenzapfenfisch_1024x768.jpg\" alt=\"\" class=\"wp-image-10262\" srcset=\"https:\/\/alles-ueber-riffe.de\/wp-content\/uploads\/2025\/03\/Japanischer-Tannenzapfenfisch_1024x768.jpg 1024w, https:\/\/alles-ueber-riffe.de\/wp-content\/uploads\/2025\/03\/Japanischer-Tannenzapfenfisch_1024x768-300x225.jpg 300w, https:\/\/alles-ueber-riffe.de\/wp-content\/uploads\/2025\/03\/Japanischer-Tannenzapfenfisch_1024x768-768x576.jpg 768w\" sizes=\"auto, (max-width: 767px) 89vw, (max-width: 1000px) 54vw, (max-width: 1071px) 543px, 580px\" \/><figcaption class=\"wp-element-caption\">\u00a9 Heinz Krimmer<\/figcaption><\/figure>\n\n\n\n<figure class=\"wp-block-image size-full\"><img loading=\"lazy\" decoding=\"async\" width=\"1023\" height=\"763\" src=\"https:\/\/alles-ueber-riffe.de\/wp-content\/uploads\/2025\/03\/Japanischer-Tannenzapfenfisch_2-1024x768-1.jpg\" alt=\"\" class=\"wp-image-10264\" srcset=\"https:\/\/alles-ueber-riffe.de\/wp-content\/uploads\/2025\/03\/Japanischer-Tannenzapfenfisch_2-1024x768-1.jpg 1023w, https:\/\/alles-ueber-riffe.de\/wp-content\/uploads\/2025\/03\/Japanischer-Tannenzapfenfisch_2-1024x768-1-300x224.jpg 300w, https:\/\/alles-ueber-riffe.de\/wp-content\/uploads\/2025\/03\/Japanischer-Tannenzapfenfisch_2-1024x768-1-768x573.jpg 768w\" sizes=\"auto, (max-width: 767px) 89vw, (max-width: 1000px) 54vw, (max-width: 1071px) 543px, 580px\" \/><figcaption class=\"wp-element-caption\">\u00a9 Heinz Krimmer<\/figcaption><\/figure>\n\n\n\n<hr class=\"wp-block-separator has-alpha-channel-opacity is-style-default\"\/>\n\n\n\n<p><strong>Gr\u00f6\u00dfe: <\/strong> bis 17 cm<\/p>\n\n\n\n<p><strong>Lebensraum:<\/strong> Korallen- und Felsenriffe<\/p>\n\n\n\n<p><strong>Vorkommen:  <\/strong>von Ostafrika, Rotes Meer, Malediven, S\u00fcdjapan, Vietnam, ganz S\u00fcdostasien, Australien, Papua-Neuguinea, Neuseeland<\/p>\n\n\n\n<p><strong>Erkennungsmerkmale:<\/strong> Grundfarbe gelb bis dunkelbraun; gro\u00dfe Schuppen mit schwarzem Rand<\/p>\n\n\n\n<p><strong>Biologie &amp; Verhalten: <\/strong> Dieser Fisch sieht tats\u00e4chlich aus wie ein Tannenzapfen, nur eben rund. Man findet sie in kleinen H\u00f6hlen ab 1 m &#8211; 300m Tiefe. <\/p>\n\n\n\n<p>Unter den Augen besitzen sie ein Leuchtorgan, das orange oder gr\u00fcn leuchtet. Diese F\u00e4higkeit verdankt der Fisch Bakterien. <\/p>\n\n\n\n<p>Es gibt noch zwei weitere Arten im Pazifik, die aber ein sehr kleines Verbreitungsgebiet haben. Einer ist in Neuseeland heimisch, der andere im S\u00fcdostpazifik. \u00fcber sie ist nur wenig bekannt.<\/p>\n\n\n\n<p><strong>Bedrohungsstatus:<\/strong> Die Art wird auf der Roten Liste der IUCN als <mark style=\"background-color:rgba(0, 0, 0, 0)\" class=\"has-inline-color has-vivid-green-cyan-color\">\u201enicht gef\u00e4hrdet\u201c<\/mark> gef\u00fchrt.<\/p>\n\n\n\n<hr class=\"wp-block-separator has-alpha-channel-opacity is-style-default\"\/>\n\n\n\n<p><\/p>\n","protected":false},"excerpt":{"rendered":"<p>Japanischer Tannenzapfenfisch Pineconefish Monocentris japonica Gr\u00f6\u00dfe: bis 17 cm Lebensraum: Korallen- und Felsenriffe Vorkommen: von Ostafrika, Rotes Meer, Malediven, S\u00fcdjapan, Vietnam, ganz S\u00fcdostasien, Australien, Papua-Neuguinea, Neuseeland Erkennungsmerkmale: Grundfarbe gelb bis dunkelbraun; gro\u00dfe Schuppen mit schwarzem Rand Biologie &amp; Verhalten: Dieser Fisch sieht tats\u00e4chlich aus wie ein Tannenzapfen, nur eben rund. Man findet sie in kleinen &hellip; <\/p>\n<p class=\"link-more\"><a href=\"https:\/\/alles-ueber-riffe.de\/?page_id=6014\" class=\"more-link\"><span class=\"screen-reader-text\">\u201eJapanischer Tannenzapfenfisch\u201c<\/span> weiterlesen<\/a><\/p>\n","protected":false},"author":1,"featured_media":0,"parent":0,"menu_order":0,"comment_status":"closed","ping_status":"closed","template":"","meta":{"footnotes":""},"class_list":["post-6014","page","type-page","status-publish","hentry"],"_links":{"self":[{"href":"https:\/\/alles-ueber-riffe.de\/index.php?rest_route=\/wp\/v2\/pages\/6014","targetHints":{"allow":["GET"]}}],"collection":[{"href":"https:\/\/alles-ueber-riffe.de\/index.php?rest_route=\/wp\/v2\/pages"}],"about":[{"href":"https:\/\/alles-ueber-riffe.de\/index.php?rest_route=\/wp\/v2\/types\/page"}],"author":[{"embeddable":true,"href":"https:\/\/alles-ueber-riffe.de\/index.php?rest_route=\/wp\/v2\/users\/1"}],"replies":[{"embeddable":true,"href":"https:\/\/alles-ueber-riffe.de\/index.php?rest_route=%2Fwp%2Fv2%2Fcomments&post=6014"}],"version-history":[{"count":4,"href":"https:\/\/alles-ueber-riffe.de\/index.php?rest_route=\/wp\/v2\/pages\/6014\/revisions"}],"predecessor-version":[{"id":10265,"href":"https:\/\/alles-ueber-riffe.de\/index.php?rest_route=\/wp\/v2\/pages\/6014\/revisions\/10265"}],"wp:attachment":[{"href":"https:\/\/alles-ueber-riffe.de\/index.php?rest_route=%2Fwp%2Fv2%2Fmedia&parent=6014"}],"curies":[{"name":"wp","href":"https:\/\/api.w.org\/{rel}","templated":true}]}}