{"id":6012,"date":"2025-01-08T22:42:45","date_gmt":"2025-01-08T22:42:45","guid":{"rendered":"https:\/\/alles-ueber-riffe.de\/?page_id=6012"},"modified":"2025-02-27T21:26:32","modified_gmt":"2025-02-27T21:26:32","slug":"riesen-suesslippe","status":"publish","type":"page","link":"https:\/\/alles-ueber-riffe.de\/?page_id=6012","title":{"rendered":"Riesen-S\u00fc\u00dflippe"},"content":{"rendered":"\n<div class=\"wp-block-group is-vertical is-layout-flex wp-container-core-group-is-layout-8cf370e7 wp-block-group-is-layout-flex\">\n<p><strong>Riesen-S\u00fc\u00dflippe<\/strong><\/p>\n\n\n\n<p>Two-striped sweetlips<\/p>\n\n\n\n<p><em>Plectorhinchus albovittatus<\/em><\/p>\n<\/div>\n\n\n\n<div style=\"height:30px\" aria-hidden=\"true\" class=\"wp-block-spacer\"><\/div>\n\n\n\n<figure class=\"wp-block-image size-full\"><img loading=\"lazy\" decoding=\"async\" width=\"1024\" height=\"768\" src=\"https:\/\/alles-ueber-riffe.de\/wp-content\/uploads\/2025\/02\/Riesen-Suesslippe_1024x768.jpg\" alt=\"\" class=\"wp-image-10249\" srcset=\"https:\/\/alles-ueber-riffe.de\/wp-content\/uploads\/2025\/02\/Riesen-Suesslippe_1024x768.jpg 1024w, https:\/\/alles-ueber-riffe.de\/wp-content\/uploads\/2025\/02\/Riesen-Suesslippe_1024x768-300x225.jpg 300w, https:\/\/alles-ueber-riffe.de\/wp-content\/uploads\/2025\/02\/Riesen-Suesslippe_1024x768-768x576.jpg 768w\" sizes=\"auto, (max-width: 767px) 89vw, (max-width: 1000px) 54vw, (max-width: 1071px) 543px, 580px\" \/><figcaption class=\"wp-element-caption\">\u00a9 Joris Rombouts<\/figcaption><\/figure>\n\n\n\n<hr class=\"wp-block-separator has-alpha-channel-opacity is-style-default\"\/>\n\n\n\n<p><strong>Gr\u00f6\u00dfe: <\/strong> bis 100 cm<\/p>\n\n\n\n<p><strong>Lebensraum:<\/strong> Korallenriffe, Sand- und Ger\u00f6llb\u00f6den<\/p>\n\n\n\n<p><strong>Vorkommen:  <\/strong>von Ostafrika, Rotes Meer, S\u00fcdjapan, Vietnam, ganz S\u00fcdostasien, Nordaustralien, Papua-Neuguinea, Ozeanien bis Fidschi<\/p>\n\n\n\n<p><strong>Erkennungsmerkmale:<\/strong> Grundfarbe dunkelgrau; Flossenr\u00e4nder mit schwarzem Saum; juvenile Tiere dunkelbraun mit zwei orangenen bis wei\u00dfen L\u00e4ngsstreifen<\/p>\n\n\n\n<p><strong>Biologie &amp; Verhalten: <\/strong> Die Riesen-S\u00fc\u00dflippe ist die gr\u00f6\u00dfte S\u00fc\u00dflippe. Sie sieht man meistens einzeln, seltener paarweise.<\/p>\n\n\n\n<p><strong>Bedrohungsstatus:<\/strong> Die Art wird auf der Roten Liste der IUCN als <mark style=\"background-color:rgba(0, 0, 0, 0)\" class=\"has-inline-color has-vivid-green-cyan-color\">\u201enicht gef\u00e4hrdet\u201c<\/mark> gef\u00fchrt.<\/p>\n\n\n\n<hr class=\"wp-block-separator has-alpha-channel-opacity is-style-default\"\/>\n\n\n\n<p><\/p>\n","protected":false},"excerpt":{"rendered":"<p>Riesen-S\u00fc\u00dflippe Two-striped sweetlips Plectorhinchus albovittatus Gr\u00f6\u00dfe: bis 100 cm Lebensraum: Korallenriffe, Sand- und Ger\u00f6llb\u00f6den Vorkommen: von Ostafrika, Rotes Meer, S\u00fcdjapan, Vietnam, ganz S\u00fcdostasien, Nordaustralien, Papua-Neuguinea, Ozeanien bis Fidschi Erkennungsmerkmale: Grundfarbe dunkelgrau; Flossenr\u00e4nder mit schwarzem Saum; juvenile Tiere dunkelbraun mit zwei orangenen bis wei\u00dfen L\u00e4ngsstreifen Biologie &amp; Verhalten: Die Riesen-S\u00fc\u00dflippe ist die gr\u00f6\u00dfte S\u00fc\u00dflippe. Sie sieht &hellip; <\/p>\n<p class=\"link-more\"><a href=\"https:\/\/alles-ueber-riffe.de\/?page_id=6012\" class=\"more-link\"><span class=\"screen-reader-text\">\u201eRiesen-S\u00fc\u00dflippe\u201c<\/span> weiterlesen<\/a><\/p>\n","protected":false},"author":1,"featured_media":0,"parent":0,"menu_order":0,"comment_status":"closed","ping_status":"closed","template":"","meta":{"footnotes":""},"class_list":["post-6012","page","type-page","status-publish","hentry"],"_links":{"self":[{"href":"https:\/\/alles-ueber-riffe.de\/index.php?rest_route=\/wp\/v2\/pages\/6012","targetHints":{"allow":["GET"]}}],"collection":[{"href":"https:\/\/alles-ueber-riffe.de\/index.php?rest_route=\/wp\/v2\/pages"}],"about":[{"href":"https:\/\/alles-ueber-riffe.de\/index.php?rest_route=\/wp\/v2\/types\/page"}],"author":[{"embeddable":true,"href":"https:\/\/alles-ueber-riffe.de\/index.php?rest_route=\/wp\/v2\/users\/1"}],"replies":[{"embeddable":true,"href":"https:\/\/alles-ueber-riffe.de\/index.php?rest_route=%2Fwp%2Fv2%2Fcomments&post=6012"}],"version-history":[{"count":4,"href":"https:\/\/alles-ueber-riffe.de\/index.php?rest_route=\/wp\/v2\/pages\/6012\/revisions"}],"predecessor-version":[{"id":10252,"href":"https:\/\/alles-ueber-riffe.de\/index.php?rest_route=\/wp\/v2\/pages\/6012\/revisions\/10252"}],"wp:attachment":[{"href":"https:\/\/alles-ueber-riffe.de\/index.php?rest_route=%2Fwp%2Fv2%2Fmedia&parent=6012"}],"curies":[{"name":"wp","href":"https:\/\/api.w.org\/{rel}","templated":true}]}}