{"id":6005,"date":"2025-01-08T22:42:16","date_gmt":"2025-01-08T22:42:16","guid":{"rendered":"https:\/\/alles-ueber-riffe.de\/?page_id=6005"},"modified":"2025-02-27T21:17:24","modified_gmt":"2025-02-27T21:17:24","slug":"orient-suesslippe","status":"publish","type":"page","link":"https:\/\/alles-ueber-riffe.de\/?page_id=6005","title":{"rendered":"Orient-S\u00fc\u00dflippe"},"content":{"rendered":"\n<div class=\"wp-block-group is-vertical is-layout-flex wp-container-core-group-is-layout-8cf370e7 wp-block-group-is-layout-flex\">\n<p><strong>Orient-S\u00fc\u00dflippe<\/strong><\/p>\n\n\n\n<p>Indian Ocean oriental sweetlips<\/p>\n\n\n\n<p><em>Plectorhinchus vittatus<\/em><\/p>\n<\/div>\n\n\n\n<div style=\"height:30px\" aria-hidden=\"true\" class=\"wp-block-spacer\"><\/div>\n\n\n\n<figure class=\"wp-block-image size-full\"><img loading=\"lazy\" decoding=\"async\" width=\"1024\" height=\"768\" src=\"https:\/\/alles-ueber-riffe.de\/wp-content\/uploads\/2025\/02\/Orient-Suesslippe_1024x768.jpg\" alt=\"\" class=\"wp-image-10239\" srcset=\"https:\/\/alles-ueber-riffe.de\/wp-content\/uploads\/2025\/02\/Orient-Suesslippe_1024x768.jpg 1024w, https:\/\/alles-ueber-riffe.de\/wp-content\/uploads\/2025\/02\/Orient-Suesslippe_1024x768-300x225.jpg 300w, https:\/\/alles-ueber-riffe.de\/wp-content\/uploads\/2025\/02\/Orient-Suesslippe_1024x768-768x576.jpg 768w\" sizes=\"auto, (max-width: 767px) 89vw, (max-width: 1000px) 54vw, (max-width: 1071px) 543px, 580px\" \/><figcaption class=\"wp-element-caption\">\u00a9 Heinz Krimmer<\/figcaption><\/figure>\n\n\n\n<hr class=\"wp-block-separator has-alpha-channel-opacity is-style-default\"\/>\n\n\n\n<p><strong>Gr\u00f6\u00dfe: <\/strong> bis 72 cm<\/p>\n\n\n\n<p><strong>Lebensraum:<\/strong> Korallenriffe<\/p>\n\n\n\n<p><strong>Vorkommen:  <\/strong>von Ostafrika,\u00a0\u00a0Malediven, ganz S\u00fcdostasien, S\u00fcdjapan, Vietnam, Nordaustralien, Papua-Neuguinea bis Neukaledonien<\/p>\n\n\n\n<p><strong>Erkennungsmerkmale:<\/strong> Grundfarbe wei\u00df bis hellblau; zahlreiche, schwarze L\u00e4ngsstreifen; Flossen gelb und bis auf die Brust- und Bauchflossen mit schwarzen Punkten; juvenile Tiere braun mit gro\u00dfen, wei\u00dfen Flecken<\/p>\n\n\n\n<p><strong>Biologie &amp; Verhalten: <\/strong> Die Orient-S\u00fc\u00dflippe frisst Wirbellose und kleine Fische.<\/p>\n\n\n\n<p><strong>Bedrohungsstatus:<\/strong> Die Art wird auf der Roten Liste der IUCN als <mark style=\"background-color:rgba(0, 0, 0, 0)\" class=\"has-inline-color has-vivid-green-cyan-color\">\u201enicht gef\u00e4hrdet\u201c<\/mark> gef\u00fchrt.<\/p>\n\n\n\n<hr class=\"wp-block-separator has-alpha-channel-opacity is-style-default\"\/>\n\n\n\n<p><\/p>\n","protected":false},"excerpt":{"rendered":"<p>Orient-S\u00fc\u00dflippe Indian Ocean oriental sweetlips Plectorhinchus vittatus Gr\u00f6\u00dfe: bis 72 cm Lebensraum: Korallenriffe Vorkommen: von Ostafrika,\u00a0\u00a0Malediven, ganz S\u00fcdostasien, S\u00fcdjapan, Vietnam, Nordaustralien, Papua-Neuguinea bis Neukaledonien Erkennungsmerkmale: Grundfarbe wei\u00df bis hellblau; zahlreiche, schwarze L\u00e4ngsstreifen; Flossen gelb und bis auf die Brust- und Bauchflossen mit schwarzen Punkten; juvenile Tiere braun mit gro\u00dfen, wei\u00dfen Flecken Biologie &amp; Verhalten: Die &hellip; <\/p>\n<p class=\"link-more\"><a href=\"https:\/\/alles-ueber-riffe.de\/?page_id=6005\" class=\"more-link\"><span class=\"screen-reader-text\">\u201eOrient-S\u00fc\u00dflippe\u201c<\/span> weiterlesen<\/a><\/p>\n","protected":false},"author":1,"featured_media":0,"parent":0,"menu_order":0,"comment_status":"closed","ping_status":"closed","template":"","meta":{"footnotes":""},"class_list":["post-6005","page","type-page","status-publish","hentry"],"_links":{"self":[{"href":"https:\/\/alles-ueber-riffe.de\/index.php?rest_route=\/wp\/v2\/pages\/6005","targetHints":{"allow":["GET"]}}],"collection":[{"href":"https:\/\/alles-ueber-riffe.de\/index.php?rest_route=\/wp\/v2\/pages"}],"about":[{"href":"https:\/\/alles-ueber-riffe.de\/index.php?rest_route=\/wp\/v2\/types\/page"}],"author":[{"embeddable":true,"href":"https:\/\/alles-ueber-riffe.de\/index.php?rest_route=\/wp\/v2\/users\/1"}],"replies":[{"embeddable":true,"href":"https:\/\/alles-ueber-riffe.de\/index.php?rest_route=%2Fwp%2Fv2%2Fcomments&post=6005"}],"version-history":[{"count":6,"href":"https:\/\/alles-ueber-riffe.de\/index.php?rest_route=\/wp\/v2\/pages\/6005\/revisions"}],"predecessor-version":[{"id":10243,"href":"https:\/\/alles-ueber-riffe.de\/index.php?rest_route=\/wp\/v2\/pages\/6005\/revisions\/10243"}],"wp:attachment":[{"href":"https:\/\/alles-ueber-riffe.de\/index.php?rest_route=%2Fwp%2Fv2%2Fmedia&parent=6005"}],"curies":[{"name":"wp","href":"https:\/\/api.w.org\/{rel}","templated":true}]}}