{"id":5997,"date":"2025-01-08T22:41:48","date_gmt":"2025-01-08T22:41:48","guid":{"rendered":"https:\/\/alles-ueber-riffe.de\/?page_id=5997"},"modified":"2025-02-27T21:03:59","modified_gmt":"2025-02-27T21:03:59","slug":"blaustreifen-suesslippe","status":"publish","type":"page","link":"https:\/\/alles-ueber-riffe.de\/?page_id=5997","title":{"rendered":"Blaustreifen-S\u00fc\u00dflippe"},"content":{"rendered":"\n<div class=\"wp-block-group is-vertical is-layout-flex wp-container-core-group-is-layout-8cf370e7 wp-block-group-is-layout-flex\">\n<p><strong>Blaustreifen-S\u00fc\u00dflippe<\/strong><\/p>\n\n\n\n<p>Ribboned sweetlips<\/p>\n\n\n\n<p>Plectorhinchus polytaenia<\/p>\n<\/div>\n\n\n\n<div style=\"height:30px\" aria-hidden=\"true\" class=\"wp-block-spacer\"><\/div>\n\n\n\n<figure class=\"wp-block-video\"><video height=\"576\" style=\"aspect-ratio: 1024 \/ 576;\" width=\"1024\" controls src=\"https:\/\/alles-ueber-riffe.de\/wp-content\/uploads\/2025\/02\/Blaustreifen-Suesslippe.mp4\"><\/video><figcaption class=\"wp-element-caption\">\u00a9 Heinz Krimmer<\/figcaption><\/figure>\n\n\n\n<hr class=\"wp-block-separator has-alpha-channel-opacity is-style-default\"\/>\n\n\n\n<p><strong>Gr\u00f6\u00dfe: <\/strong> bis 50 cm<\/p>\n\n\n\n<p><strong>Lebensraum:<\/strong> Korallenriffe<\/p>\n\n\n\n<p><strong>Vorkommen:  <\/strong>Indien, Malediven, ganz S\u00fcdostasien, Nordaustralien, Papua-Neuguinea<\/p>\n\n\n\n<p><strong>Erkennungsmerkmale:<\/strong> Grundfarbe gelb; hellblaue L\u00e4ngsstreifen mit schwarzem Rand<\/p>\n\n\n\n<p><strong>Biologie &amp; Verhalten: <\/strong> Der nachtaktive J\u00e4ger ruht sich tags\u00fcber gerne unter oder auf Korallen aus. Blaustreifen-S\u00fc\u00dflippen fressen \u00fcberwiegend\u00a0\u00a0Wirbellose. Eher selten zu sehen.<\/p>\n\n\n\n<p><strong>Bedrohungsstatus:<\/strong> Die Art wird auf der Roten Liste der IUCN als <mark style=\"background-color:rgba(0, 0, 0, 0)\" class=\"has-inline-color has-vivid-green-cyan-color\">\u201enicht gef\u00e4hrdet\u201c<\/mark> gef\u00fchrt.<\/p>\n\n\n\n<hr class=\"wp-block-separator has-alpha-channel-opacity is-style-default\"\/>\n\n\n\n<p><\/p>\n","protected":false},"excerpt":{"rendered":"<p>Blaustreifen-S\u00fc\u00dflippe Ribboned sweetlips Plectorhinchus polytaenia Gr\u00f6\u00dfe: bis 50 cm Lebensraum: Korallenriffe Vorkommen: Indien, Malediven, ganz S\u00fcdostasien, Nordaustralien, Papua-Neuguinea Erkennungsmerkmale: Grundfarbe gelb; hellblaue L\u00e4ngsstreifen mit schwarzem Rand Biologie &amp; Verhalten: Der nachtaktive J\u00e4ger ruht sich tags\u00fcber gerne unter oder auf Korallen aus. Blaustreifen-S\u00fc\u00dflippen fressen \u00fcberwiegend\u00a0\u00a0Wirbellose. Eher selten zu sehen. Bedrohungsstatus: Die Art wird auf der Roten &hellip; <\/p>\n<p class=\"link-more\"><a href=\"https:\/\/alles-ueber-riffe.de\/?page_id=5997\" class=\"more-link\"><span class=\"screen-reader-text\">\u201eBlaustreifen-S\u00fc\u00dflippe\u201c<\/span> weiterlesen<\/a><\/p>\n","protected":false},"author":1,"featured_media":0,"parent":0,"menu_order":0,"comment_status":"closed","ping_status":"closed","template":"","meta":{"footnotes":""},"class_list":["post-5997","page","type-page","status-publish","hentry"],"_links":{"self":[{"href":"https:\/\/alles-ueber-riffe.de\/index.php?rest_route=\/wp\/v2\/pages\/5997","targetHints":{"allow":["GET"]}}],"collection":[{"href":"https:\/\/alles-ueber-riffe.de\/index.php?rest_route=\/wp\/v2\/pages"}],"about":[{"href":"https:\/\/alles-ueber-riffe.de\/index.php?rest_route=\/wp\/v2\/types\/page"}],"author":[{"embeddable":true,"href":"https:\/\/alles-ueber-riffe.de\/index.php?rest_route=\/wp\/v2\/users\/1"}],"replies":[{"embeddable":true,"href":"https:\/\/alles-ueber-riffe.de\/index.php?rest_route=%2Fwp%2Fv2%2Fcomments&post=5997"}],"version-history":[{"count":4,"href":"https:\/\/alles-ueber-riffe.de\/index.php?rest_route=\/wp\/v2\/pages\/5997\/revisions"}],"predecessor-version":[{"id":10228,"href":"https:\/\/alles-ueber-riffe.de\/index.php?rest_route=\/wp\/v2\/pages\/5997\/revisions\/10228"}],"wp:attachment":[{"href":"https:\/\/alles-ueber-riffe.de\/index.php?rest_route=%2Fwp%2Fv2%2Fmedia&parent=5997"}],"curies":[{"name":"wp","href":"https:\/\/api.w.org\/{rel}","templated":true}]}}