{"id":5991,"date":"2025-01-08T22:41:10","date_gmt":"2025-01-08T22:41:10","guid":{"rendered":"https:\/\/alles-ueber-riffe.de\/?page_id=5991"},"modified":"2025-02-27T20:49:32","modified_gmt":"2025-02-27T20:49:32","slug":"spitzkopf-strassenkehrer","status":"publish","type":"page","link":"https:\/\/alles-ueber-riffe.de\/?page_id=5991","title":{"rendered":"Spitzkopf-Stra\u00dfenkehrer"},"content":{"rendered":"\n<div class=\"wp-block-group is-vertical is-layout-flex wp-container-core-group-is-layout-8cf370e7 wp-block-group-is-layout-flex\">\n<p><strong>Spitzkopf-Stra\u00dfenkehrer<\/strong><\/p>\n\n\n\n<p>Smalltooth emperor<\/p>\n\n\n\n<p><em>Lethrinus microdon<\/em><\/p>\n<\/div>\n\n\n\n<div style=\"height:30px\" aria-hidden=\"true\" class=\"wp-block-spacer\"><\/div>\n\n\n\n<figure class=\"wp-block-video\"><video height=\"576\" style=\"aspect-ratio: 1024 \/ 576;\" width=\"1024\" controls src=\"https:\/\/alles-ueber-riffe.de\/wp-content\/uploads\/2025\/02\/Spitzkopf-Strassenkehrer.mp4\"><\/video><figcaption class=\"wp-element-caption\">\u00a9 Heinz Krimmer<\/figcaption><\/figure>\n\n\n\n<hr class=\"wp-block-separator has-alpha-channel-opacity is-style-default\"\/>\n\n\n\n<p><strong>Gr\u00f6\u00dfe: <\/strong> bis 80 cm<\/p>\n\n\n\n<p><strong>Lebensraum:<\/strong> Korallenriffe, Sand- und Ger\u00f6llb\u00f6den, Seegraswiesen<\/p>\n\n\n\n<p><strong>Vorkommen:  <\/strong>von Ostafrika, Rotes Meer, Oman, Persischer Golf, ganz S\u00fcdostasien, S\u00fcdjapan, Nordaustralien, Papua-Neuguinea<\/p>\n\n\n\n<p><strong>Erkennungsmerkmale:<\/strong> Grundfarbe olivgr\u00fcn, manchmal braun marmoriert; lange Schnauze<\/p>\n\n\n\n<p><strong>Biologie &amp; Verhalten: <\/strong> In kleinen Gruppen in ihrem Biotop zu sehen. Sie fressen \u00fcberwiegend Wirbellose, aber auch Fische.<\/p>\n\n\n\n<p><strong>Bedrohungsstatus:<\/strong> Die Art wird auf der Roten Liste der IUCN als <mark style=\"background-color:rgba(0, 0, 0, 0)\" class=\"has-inline-color has-vivid-green-cyan-color\">\u201enicht gef\u00e4hrdet\u201c<\/mark> gef\u00fchrt.<\/p>\n\n\n\n<p><mark style=\"background-color:rgba(0, 0, 0, 0)\" class=\"has-inline-color has-vivid-red-color\"><strong>Gefahr:<\/strong> Beim Verzehr kann es zu einer ciguatoxischen Vergiftung kommen.<\/mark><\/p>\n\n\n\n<hr class=\"wp-block-separator has-alpha-channel-opacity is-style-default\"\/>\n\n\n\n<p><\/p>\n","protected":false},"excerpt":{"rendered":"<p>Spitzkopf-Stra\u00dfenkehrer Smalltooth emperor Lethrinus microdon Gr\u00f6\u00dfe: bis 80 cm Lebensraum: Korallenriffe, Sand- und Ger\u00f6llb\u00f6den, Seegraswiesen Vorkommen: von Ostafrika, Rotes Meer, Oman, Persischer Golf, ganz S\u00fcdostasien, S\u00fcdjapan, Nordaustralien, Papua-Neuguinea Erkennungsmerkmale: Grundfarbe olivgr\u00fcn, manchmal braun marmoriert; lange Schnauze Biologie &amp; Verhalten: In kleinen Gruppen in ihrem Biotop zu sehen. Sie fressen \u00fcberwiegend Wirbellose, aber auch Fische. Bedrohungsstatus: &hellip; <\/p>\n<p class=\"link-more\"><a href=\"https:\/\/alles-ueber-riffe.de\/?page_id=5991\" class=\"more-link\"><span class=\"screen-reader-text\">\u201eSpitzkopf-Stra\u00dfenkehrer\u201c<\/span> weiterlesen<\/a><\/p>\n","protected":false},"author":1,"featured_media":0,"parent":0,"menu_order":0,"comment_status":"closed","ping_status":"closed","template":"","meta":{"footnotes":""},"class_list":["post-5991","page","type-page","status-publish","hentry"],"_links":{"self":[{"href":"https:\/\/alles-ueber-riffe.de\/index.php?rest_route=\/wp\/v2\/pages\/5991","targetHints":{"allow":["GET"]}}],"collection":[{"href":"https:\/\/alles-ueber-riffe.de\/index.php?rest_route=\/wp\/v2\/pages"}],"about":[{"href":"https:\/\/alles-ueber-riffe.de\/index.php?rest_route=\/wp\/v2\/types\/page"}],"author":[{"embeddable":true,"href":"https:\/\/alles-ueber-riffe.de\/index.php?rest_route=\/wp\/v2\/users\/1"}],"replies":[{"embeddable":true,"href":"https:\/\/alles-ueber-riffe.de\/index.php?rest_route=%2Fwp%2Fv2%2Fcomments&post=5991"}],"version-history":[{"count":4,"href":"https:\/\/alles-ueber-riffe.de\/index.php?rest_route=\/wp\/v2\/pages\/5991\/revisions"}],"predecessor-version":[{"id":10211,"href":"https:\/\/alles-ueber-riffe.de\/index.php?rest_route=\/wp\/v2\/pages\/5991\/revisions\/10211"}],"wp:attachment":[{"href":"https:\/\/alles-ueber-riffe.de\/index.php?rest_route=%2Fwp%2Fv2%2Fmedia&parent=5991"}],"curies":[{"name":"wp","href":"https:\/\/api.w.org\/{rel}","templated":true}]}}