{"id":5989,"date":"2025-01-08T22:41:01","date_gmt":"2025-01-08T22:41:01","guid":{"rendered":"https:\/\/alles-ueber-riffe.de\/?page_id=5989"},"modified":"2025-02-27T20:44:54","modified_gmt":"2025-02-27T20:44:54","slug":"mahsena-strassenkehrer","status":"publish","type":"page","link":"https:\/\/alles-ueber-riffe.de\/?page_id=5989","title":{"rendered":"Mahsena-Stra\u00dfenkehrer"},"content":{"rendered":"\n<div class=\"wp-block-group is-vertical is-layout-flex wp-container-core-group-is-layout-8cf370e7 wp-block-group-is-layout-flex\">\n<p><strong>Mahsena-Stra\u00dfenkehrer<\/strong><\/p>\n\n\n\n<p>Sky emperor<\/p>\n\n\n\n<p><em>Lethrinus mahsena<\/em><\/p>\n<\/div>\n\n\n\n<div style=\"height:30px\" aria-hidden=\"true\" class=\"wp-block-spacer\"><\/div>\n\n\n\n<figure class=\"wp-block-video\"><video height=\"576\" style=\"aspect-ratio: 1024 \/ 576;\" width=\"1024\" controls src=\"https:\/\/alles-ueber-riffe.de\/wp-content\/uploads\/2025\/02\/Mahsena-Strassenkehrer.mp4\"><\/video><figcaption class=\"wp-element-caption\">\u00a9 Heinz Krimmer<\/figcaption><\/figure>\n\n\n\n<hr class=\"wp-block-separator has-alpha-channel-opacity is-style-default\"\/>\n\n\n\n<p><strong>Gr\u00f6\u00dfe: <\/strong> bis 65 cm<\/p>\n\n\n\n<p><strong>Lebensraum:<\/strong> Korallenriffe, Sand- und Ger\u00f6llb\u00f6den<\/p>\n\n\n\n<p><strong>Vorkommen:  <\/strong>von Ostafrika, Rotes Meer, Oman, Indien, Malediven, Sri Lanka<\/p>\n\n\n\n<p><strong>Erkennungsmerkmale:<\/strong> Grundfarbe silbern; Messing farbene L\u00e4ngsstreifen<\/p>\n\n\n\n<p><strong>Biologie &amp; Verhalten: <\/strong> Einzeln oder in Gruppen in ihrem Biotop zu sehen.\u00a0\u00a0Sie fressen \u00fcberwiegend Wirbellose. Es wurde beobachtet, dass die Tiere im Alter von 5 bis 6 Jahren das Geschlecht wechseln.<\/p>\n\n\n\n<p><strong>Bedrohungsstatus:<\/strong> Die Art wird auf der Roten Liste der IUCN als <mark style=\"background-color:rgba(0, 0, 0, 0)\" class=\"has-inline-color has-vivid-red-color\">\u201estark gef\u00e4hrdet\u201c <\/mark>gef\u00fchrt.<\/p>\n\n\n\n<hr class=\"wp-block-separator has-alpha-channel-opacity is-style-default\"\/>\n\n\n\n<p><\/p>\n","protected":false},"excerpt":{"rendered":"<p>Mahsena-Stra\u00dfenkehrer Sky emperor Lethrinus mahsena Gr\u00f6\u00dfe: bis 65 cm Lebensraum: Korallenriffe, Sand- und Ger\u00f6llb\u00f6den Vorkommen: von Ostafrika, Rotes Meer, Oman, Indien, Malediven, Sri Lanka Erkennungsmerkmale: Grundfarbe silbern; Messing farbene L\u00e4ngsstreifen Biologie &amp; Verhalten: Einzeln oder in Gruppen in ihrem Biotop zu sehen.\u00a0\u00a0Sie fressen \u00fcberwiegend Wirbellose. Es wurde beobachtet, dass die Tiere im Alter von 5 &hellip; <\/p>\n<p class=\"link-more\"><a href=\"https:\/\/alles-ueber-riffe.de\/?page_id=5989\" class=\"more-link\"><span class=\"screen-reader-text\">\u201eMahsena-Stra\u00dfenkehrer\u201c<\/span> weiterlesen<\/a><\/p>\n","protected":false},"author":1,"featured_media":0,"parent":0,"menu_order":0,"comment_status":"closed","ping_status":"closed","template":"","meta":{"footnotes":""},"class_list":["post-5989","page","type-page","status-publish","hentry"],"_links":{"self":[{"href":"https:\/\/alles-ueber-riffe.de\/index.php?rest_route=\/wp\/v2\/pages\/5989","targetHints":{"allow":["GET"]}}],"collection":[{"href":"https:\/\/alles-ueber-riffe.de\/index.php?rest_route=\/wp\/v2\/pages"}],"about":[{"href":"https:\/\/alles-ueber-riffe.de\/index.php?rest_route=\/wp\/v2\/types\/page"}],"author":[{"embeddable":true,"href":"https:\/\/alles-ueber-riffe.de\/index.php?rest_route=\/wp\/v2\/users\/1"}],"replies":[{"embeddable":true,"href":"https:\/\/alles-ueber-riffe.de\/index.php?rest_route=%2Fwp%2Fv2%2Fcomments&post=5989"}],"version-history":[{"count":6,"href":"https:\/\/alles-ueber-riffe.de\/index.php?rest_route=\/wp\/v2\/pages\/5989\/revisions"}],"predecessor-version":[{"id":10207,"href":"https:\/\/alles-ueber-riffe.de\/index.php?rest_route=\/wp\/v2\/pages\/5989\/revisions\/10207"}],"wp:attachment":[{"href":"https:\/\/alles-ueber-riffe.de\/index.php?rest_route=%2Fwp%2Fv2%2Fmedia&parent=5989"}],"curies":[{"name":"wp","href":"https:\/\/api.w.org\/{rel}","templated":true}]}}