{"id":5976,"date":"2025-01-08T22:40:13","date_gmt":"2025-01-08T22:40:13","guid":{"rendered":"https:\/\/alles-ueber-riffe.de\/?page_id=5976"},"modified":"2025-02-25T20:58:49","modified_gmt":"2025-02-25T20:58:49","slug":"langstrahlen-stirnflosser","status":"publish","type":"page","link":"https:\/\/alles-ueber-riffe.de\/?page_id=5976","title":{"rendered":"Langstrahlen Stirnflosser"},"content":{"rendered":"\n<div class=\"wp-block-group is-vertical is-layout-flex wp-container-core-group-is-layout-8cf370e7 wp-block-group-is-layout-flex\">\n<p><strong>Langstrahlen Stirnflosser<\/strong><\/p>\n\n\n\n<p>Wispy waspfish<\/p>\n\n\n\n<p><em>Paracentropogon longispinus<\/em><\/p>\n<\/div>\n\n\n\n<div style=\"height:30px\" aria-hidden=\"true\" class=\"wp-block-spacer\"><\/div>\n\n\n\n<figure class=\"wp-block-image size-full\"><img loading=\"lazy\" decoding=\"async\" width=\"1024\" height=\"768\" src=\"https:\/\/alles-ueber-riffe.de\/wp-content\/uploads\/2025\/02\/Langstrahlen-Stirnflosser_1024x768.jpg\" alt=\"\" class=\"wp-image-10178\" srcset=\"https:\/\/alles-ueber-riffe.de\/wp-content\/uploads\/2025\/02\/Langstrahlen-Stirnflosser_1024x768.jpg 1024w, https:\/\/alles-ueber-riffe.de\/wp-content\/uploads\/2025\/02\/Langstrahlen-Stirnflosser_1024x768-300x225.jpg 300w, https:\/\/alles-ueber-riffe.de\/wp-content\/uploads\/2025\/02\/Langstrahlen-Stirnflosser_1024x768-768x576.jpg 768w\" sizes=\"auto, (max-width: 767px) 89vw, (max-width: 1000px) 54vw, (max-width: 1071px) 543px, 580px\" \/><figcaption class=\"wp-element-caption\">\u00a9 Joris Rombouts<\/figcaption><\/figure>\n\n\n\n<hr class=\"wp-block-separator has-alpha-channel-opacity is-style-default\"\/>\n\n\n\n<p><strong>Gr\u00f6\u00dfe: <\/strong> bis 13 cm<\/p>\n\n\n\n<p><strong>Lebensraum:<\/strong> Ger\u00f6llb\u00f6den und Korallenriffe<\/p>\n\n\n\n<p><strong>Vorkommen:  <\/strong>S\u00fcdindien, S\u00fcdchina, ganz S\u00fcdostasien, Nordaustralien, Papua-Neuguinea bis Neukaledonien<\/p>\n\n\n\n<p><strong>Erkennungsmerkmale:<\/strong> Farbe variabel von rosa, rot bis braun; R\u00fcckenflosse nicht segelartig, sondern die Stacheln sind deutlich als solche zu erkennen; wei\u00dfer Punkt in der K\u00f6rpermitte; in manchen Regionen wei\u00dfe Stirn<\/p>\n\n\n\n<p><strong>Biologie &amp; Verhalten: <\/strong> Im Gegensatz zu anderen Stirnflossern, h\u00e4lt dieser Fisch sich auch zwischen Korallen auf.<\/p>\n\n\n\n<p><strong>Bedrohungsstatus:<\/strong> Die Art wird auf der Roten Liste der IUCN als <mark style=\"background-color:rgba(0, 0, 0, 0)\" class=\"has-inline-color has-vivid-green-cyan-color\">\u201enicht gef\u00e4hrdet\u201c<\/mark> gef\u00fchrt.<\/p>\n\n\n\n<p><mark style=\"background-color:rgba(0, 0, 0, 0)\" class=\"has-inline-color has-vivid-red-color\"><strong>Gefahr:<\/strong> Stirnflosser geh\u00f6ren zu den Skorpionsfischen und sind wie die meisten Skorpionsfische auch giftig. Das Gift des Langstrahlen-Stirnflossers kann starke Schmerzen verursachen.<\/mark><\/p>\n\n\n\n<hr class=\"wp-block-separator has-alpha-channel-opacity is-style-default\"\/>\n\n\n\n<p><\/p>\n","protected":false},"excerpt":{"rendered":"<p>Langstrahlen Stirnflosser Wispy waspfish Paracentropogon longispinus Gr\u00f6\u00dfe: bis 13 cm Lebensraum: Ger\u00f6llb\u00f6den und Korallenriffe Vorkommen: S\u00fcdindien, S\u00fcdchina, ganz S\u00fcdostasien, Nordaustralien, Papua-Neuguinea bis Neukaledonien Erkennungsmerkmale: Farbe variabel von rosa, rot bis braun; R\u00fcckenflosse nicht segelartig, sondern die Stacheln sind deutlich als solche zu erkennen; wei\u00dfer Punkt in der K\u00f6rpermitte; in manchen Regionen wei\u00dfe Stirn Biologie &amp; &hellip; <\/p>\n<p class=\"link-more\"><a href=\"https:\/\/alles-ueber-riffe.de\/?page_id=5976\" class=\"more-link\"><span class=\"screen-reader-text\">\u201eLangstrahlen Stirnflosser\u201c<\/span> weiterlesen<\/a><\/p>\n","protected":false},"author":1,"featured_media":0,"parent":0,"menu_order":0,"comment_status":"closed","ping_status":"closed","template":"","meta":{"footnotes":""},"class_list":["post-5976","page","type-page","status-publish","hentry"],"_links":{"self":[{"href":"https:\/\/alles-ueber-riffe.de\/index.php?rest_route=\/wp\/v2\/pages\/5976","targetHints":{"allow":["GET"]}}],"collection":[{"href":"https:\/\/alles-ueber-riffe.de\/index.php?rest_route=\/wp\/v2\/pages"}],"about":[{"href":"https:\/\/alles-ueber-riffe.de\/index.php?rest_route=\/wp\/v2\/types\/page"}],"author":[{"embeddable":true,"href":"https:\/\/alles-ueber-riffe.de\/index.php?rest_route=\/wp\/v2\/users\/1"}],"replies":[{"embeddable":true,"href":"https:\/\/alles-ueber-riffe.de\/index.php?rest_route=%2Fwp%2Fv2%2Fcomments&post=5976"}],"version-history":[{"count":4,"href":"https:\/\/alles-ueber-riffe.de\/index.php?rest_route=\/wp\/v2\/pages\/5976\/revisions"}],"predecessor-version":[{"id":10180,"href":"https:\/\/alles-ueber-riffe.de\/index.php?rest_route=\/wp\/v2\/pages\/5976\/revisions\/10180"}],"wp:attachment":[{"href":"https:\/\/alles-ueber-riffe.de\/index.php?rest_route=%2Fwp%2Fv2%2Fmedia&parent=5976"}],"curies":[{"name":"wp","href":"https:\/\/api.w.org\/{rel}","templated":true}]}}