{"id":5971,"date":"2025-01-08T22:39:56","date_gmt":"2025-01-08T22:39:56","guid":{"rendered":"https:\/\/alles-ueber-riffe.de\/?page_id=5971"},"modified":"2025-02-25T20:52:16","modified_gmt":"2025-02-25T20:52:16","slug":"kakadu-stirnflosser","status":"publish","type":"page","link":"https:\/\/alles-ueber-riffe.de\/?page_id=5971","title":{"rendered":"Kakadu-Stirnflosser"},"content":{"rendered":"\n<div class=\"wp-block-group is-vertical is-layout-flex wp-container-core-group-is-layout-8cf370e7 wp-block-group-is-layout-flex\">\n<p><strong>Kakadu-Stirnflosser<\/strong><\/p>\n\n\n\n<p>Cockatoo waspfish<\/p>\n\n\n\n<p>Ablabys taenianotus<\/p>\n<\/div>\n\n\n\n<div style=\"height:30px\" aria-hidden=\"true\" class=\"wp-block-spacer\"><\/div>\n\n\n\n<figure class=\"wp-block-image size-full\"><img loading=\"lazy\" decoding=\"async\" width=\"1024\" height=\"768\" src=\"https:\/\/alles-ueber-riffe.de\/wp-content\/uploads\/2025\/02\/Kakadu-Stirnflosser_1024x768.jpg\" alt=\"\" class=\"wp-image-10165\" srcset=\"https:\/\/alles-ueber-riffe.de\/wp-content\/uploads\/2025\/02\/Kakadu-Stirnflosser_1024x768.jpg 1024w, https:\/\/alles-ueber-riffe.de\/wp-content\/uploads\/2025\/02\/Kakadu-Stirnflosser_1024x768-300x225.jpg 300w, https:\/\/alles-ueber-riffe.de\/wp-content\/uploads\/2025\/02\/Kakadu-Stirnflosser_1024x768-768x576.jpg 768w\" sizes=\"auto, (max-width: 767px) 89vw, (max-width: 1000px) 54vw, (max-width: 1071px) 543px, 580px\" \/><figcaption class=\"wp-element-caption\">\u00a9 Heinz Krimmer<\/figcaption><\/figure>\n\n\n\n<hr class=\"wp-block-separator has-alpha-channel-opacity is-style-default\"\/>\n\n\n\n<p><strong>Gr\u00f6\u00dfe: <\/strong> bis 15 cm<\/p>\n\n\n\n<p><strong>Lebensraum:<\/strong> Sand-, Schlamm und Ger\u00f6llb\u00f6den in der N\u00e4he von Korallenriffen<\/p>\n\n\n\n<p><strong>Vorkommen:  <\/strong>ganz S\u00fcdostasien, S\u00fcdjapan, Nordaustralien, Papua-Neuguinea, Ozeanien bis Fidschi<\/p>\n\n\n\n<p><strong>Erkennungsmerkmale:<\/strong> Farbe variabel von gelblich, rotbraun bis braun; der vordere Teil der segelartigen R\u00fcckenflosse ist deutlich h\u00f6her als er Rest der Flosse<\/p>\n\n\n\n<p><strong>Biologie &amp; Verhalten: <\/strong> Den nachtaktiven Fisch sieht man tags\u00fcber oft auf dem Sandboden liegen. \u00c4hnlich wie der Schaukelfisch bewegt er sich in der D\u00fcnung hin und her und sieht auf den ersten Blick aus wie ein totes Blatt. Einzeln oder paarweise.<\/p>\n\n\n\n<p><strong>Bedrohungsstatus:<\/strong> Die Art wird auf der Roten Liste der IUCN als <mark style=\"background-color:rgba(0, 0, 0, 0)\" class=\"has-inline-color has-vivid-green-cyan-color\">\u201enicht gef\u00e4hrdet\u201c<\/mark> gef\u00fchrt.<\/p>\n\n\n\n<p><mark style=\"background-color:rgba(0, 0, 0, 0)\" class=\"has-inline-color has-vivid-red-color\"><strong>Gefahr:<\/strong> Stirnflosser geh\u00f6ren zu den Skorpionsfischen und sind wie die meisten Skorpionsfische auch giftig. Das Gift des Kakadu-Stirnflossers kann starke Schmerzen verursachen.<\/mark><\/p>\n\n\n\n<hr class=\"wp-block-separator has-alpha-channel-opacity is-style-default\"\/>\n\n\n\n<p><\/p>\n","protected":false},"excerpt":{"rendered":"<p>Kakadu-Stirnflosser Cockatoo waspfish Ablabys taenianotus Gr\u00f6\u00dfe: bis 15 cm Lebensraum: Sand-, Schlamm und Ger\u00f6llb\u00f6den in der N\u00e4he von Korallenriffen Vorkommen: ganz S\u00fcdostasien, S\u00fcdjapan, Nordaustralien, Papua-Neuguinea, Ozeanien bis Fidschi Erkennungsmerkmale: Farbe variabel von gelblich, rotbraun bis braun; der vordere Teil der segelartigen R\u00fcckenflosse ist deutlich h\u00f6her als er Rest der Flosse Biologie &amp; Verhalten: Den nachtaktiven &hellip; <\/p>\n<p class=\"link-more\"><a href=\"https:\/\/alles-ueber-riffe.de\/?page_id=5971\" class=\"more-link\"><span class=\"screen-reader-text\">\u201eKakadu-Stirnflosser\u201c<\/span> weiterlesen<\/a><\/p>\n","protected":false},"author":1,"featured_media":0,"parent":0,"menu_order":0,"comment_status":"closed","ping_status":"closed","template":"","meta":{"footnotes":""},"class_list":["post-5971","page","type-page","status-publish","hentry"],"_links":{"self":[{"href":"https:\/\/alles-ueber-riffe.de\/index.php?rest_route=\/wp\/v2\/pages\/5971","targetHints":{"allow":["GET"]}}],"collection":[{"href":"https:\/\/alles-ueber-riffe.de\/index.php?rest_route=\/wp\/v2\/pages"}],"about":[{"href":"https:\/\/alles-ueber-riffe.de\/index.php?rest_route=\/wp\/v2\/types\/page"}],"author":[{"embeddable":true,"href":"https:\/\/alles-ueber-riffe.de\/index.php?rest_route=\/wp\/v2\/users\/1"}],"replies":[{"embeddable":true,"href":"https:\/\/alles-ueber-riffe.de\/index.php?rest_route=%2Fwp%2Fv2%2Fcomments&post=5971"}],"version-history":[{"count":7,"href":"https:\/\/alles-ueber-riffe.de\/index.php?rest_route=\/wp\/v2\/pages\/5971\/revisions"}],"predecessor-version":[{"id":10170,"href":"https:\/\/alles-ueber-riffe.de\/index.php?rest_route=\/wp\/v2\/pages\/5971\/revisions\/10170"}],"wp:attachment":[{"href":"https:\/\/alles-ueber-riffe.de\/index.php?rest_route=%2Fwp%2Fv2%2Fmedia&parent=5971"}],"curies":[{"name":"wp","href":"https:\/\/api.w.org\/{rel}","templated":true}]}}