{"id":5965,"date":"2025-01-08T22:39:34","date_gmt":"2025-01-08T22:39:34","guid":{"rendered":"https:\/\/alles-ueber-riffe.de\/?page_id=5965"},"modified":"2025-02-25T20:47:44","modified_gmt":"2025-02-25T20:47:44","slug":"rotwangen-stechfisch","status":"publish","type":"page","link":"https:\/\/alles-ueber-riffe.de\/?page_id=5965","title":{"rendered":"Rotwangen-Stechfisch"},"content":{"rendered":"\n<div class=\"wp-block-group is-vertical is-layout-flex wp-container-core-group-is-layout-8cf370e7 wp-block-group-is-layout-flex\">\n<p><strong>Rotwangen-Stechfisch<\/strong><\/p>\n\n\n\n<p>Painted stinger<\/p>\n\n\n\n<p><em>Minous pictus<\/em><\/p>\n<\/div>\n\n\n\n<div style=\"height:30px\" aria-hidden=\"true\" class=\"wp-block-spacer\"><\/div>\n\n\n\n<figure class=\"wp-block-image size-full\"><img loading=\"lazy\" decoding=\"async\" width=\"1024\" height=\"768\" src=\"https:\/\/alles-ueber-riffe.de\/wp-content\/uploads\/2025\/02\/Rotwangen-Stechfisch_1024x768.jpg\" alt=\"\" class=\"wp-image-10161\" srcset=\"https:\/\/alles-ueber-riffe.de\/wp-content\/uploads\/2025\/02\/Rotwangen-Stechfisch_1024x768.jpg 1024w, https:\/\/alles-ueber-riffe.de\/wp-content\/uploads\/2025\/02\/Rotwangen-Stechfisch_1024x768-300x225.jpg 300w, https:\/\/alles-ueber-riffe.de\/wp-content\/uploads\/2025\/02\/Rotwangen-Stechfisch_1024x768-768x576.jpg 768w\" sizes=\"auto, (max-width: 767px) 89vw, (max-width: 1000px) 54vw, (max-width: 1071px) 543px, 580px\" \/><figcaption class=\"wp-element-caption\">\u00a9 Joris Rombouts<\/figcaption><\/figure>\n\n\n\n<hr class=\"wp-block-separator has-alpha-channel-opacity is-style-default\"\/>\n\n\n\n<p><strong>Gr\u00f6\u00dfe: <\/strong> bis 11 cm<\/p>\n\n\n\n<p><strong>Lebensraum:<\/strong> Korallenriffe, Sand- und Schlammb\u00f6den<\/p>\n\n\n\n<p><strong>Vorkommen:  <\/strong>Philippinen, Ostindonesien, Papua-Neuguinea<\/p>\n\n\n\n<p><strong>Erkennungsmerkmale:<\/strong> Grundfarbe dunkelbraun; rote Wange und Bauch<\/p>\n\n\n\n<p><strong>Biologie &amp; Verhalten: <\/strong> Tags\u00fcber ruht der Rotwangen-Stechfisch oft eingegraben im Sand. Ganz sieht man ihn meistens bei einem Nachttauchgang.<\/p>\n\n\n\n<p>Obwohl der Rotwangen-Stechfisch zur Gattung der Steinfische geh\u00f6rt, wird er bei\u00a0<a href=\"http:\/\/www.fishbase.org\/\">www.fishbase.org<\/a>\u00a0als nicht giftig eingestuft.<\/p>\n\n\n\n<p><strong>Bedrohungsstatus:<\/strong> Die Art wird auf der Roten Liste der IUCN als <mark style=\"background-color:rgba(0, 0, 0, 0)\" class=\"has-inline-color has-vivid-green-cyan-color\">\u201enicht gef\u00e4hrdet\u201c<\/mark> gef\u00fchrt.<\/p>\n\n\n\n<hr class=\"wp-block-separator has-alpha-channel-opacity is-style-default\"\/>\n\n\n\n<p><\/p>\n","protected":false},"excerpt":{"rendered":"<p>Rotwangen-Stechfisch Painted stinger Minous pictus Gr\u00f6\u00dfe: bis 11 cm Lebensraum: Korallenriffe, Sand- und Schlammb\u00f6den Vorkommen: Philippinen, Ostindonesien, Papua-Neuguinea Erkennungsmerkmale: Grundfarbe dunkelbraun; rote Wange und Bauch Biologie &amp; Verhalten: Tags\u00fcber ruht der Rotwangen-Stechfisch oft eingegraben im Sand. Ganz sieht man ihn meistens bei einem Nachttauchgang. Obwohl der Rotwangen-Stechfisch zur Gattung der Steinfische geh\u00f6rt, wird er bei\u00a0www.fishbase.org\u00a0als &hellip; <\/p>\n<p class=\"link-more\"><a href=\"https:\/\/alles-ueber-riffe.de\/?page_id=5965\" class=\"more-link\"><span class=\"screen-reader-text\">\u201eRotwangen-Stechfisch\u201c<\/span> weiterlesen<\/a><\/p>\n","protected":false},"author":1,"featured_media":0,"parent":0,"menu_order":0,"comment_status":"closed","ping_status":"closed","template":"","meta":{"footnotes":""},"class_list":["post-5965","page","type-page","status-publish","hentry"],"_links":{"self":[{"href":"https:\/\/alles-ueber-riffe.de\/index.php?rest_route=\/wp\/v2\/pages\/5965","targetHints":{"allow":["GET"]}}],"collection":[{"href":"https:\/\/alles-ueber-riffe.de\/index.php?rest_route=\/wp\/v2\/pages"}],"about":[{"href":"https:\/\/alles-ueber-riffe.de\/index.php?rest_route=\/wp\/v2\/types\/page"}],"author":[{"embeddable":true,"href":"https:\/\/alles-ueber-riffe.de\/index.php?rest_route=\/wp\/v2\/users\/1"}],"replies":[{"embeddable":true,"href":"https:\/\/alles-ueber-riffe.de\/index.php?rest_route=%2Fwp%2Fv2%2Fcomments&post=5965"}],"version-history":[{"count":4,"href":"https:\/\/alles-ueber-riffe.de\/index.php?rest_route=\/wp\/v2\/pages\/5965\/revisions"}],"predecessor-version":[{"id":10163,"href":"https:\/\/alles-ueber-riffe.de\/index.php?rest_route=\/wp\/v2\/pages\/5965\/revisions\/10163"}],"wp:attachment":[{"href":"https:\/\/alles-ueber-riffe.de\/index.php?rest_route=%2Fwp%2Fv2%2Fmedia&parent=5965"}],"curies":[{"name":"wp","href":"https:\/\/api.w.org\/{rel}","templated":true}]}}