{"id":5962,"date":"2025-01-08T22:39:25","date_gmt":"2025-01-08T22:39:25","guid":{"rendered":"https:\/\/alles-ueber-riffe.de\/?page_id=5962"},"modified":"2025-02-25T20:40:51","modified_gmt":"2025-02-25T20:40:51","slug":"arabischer-steinfisch","status":"publish","type":"page","link":"https:\/\/alles-ueber-riffe.de\/?page_id=5962","title":{"rendered":"Arabischer Steinfisch"},"content":{"rendered":"\n<div class=\"wp-block-group is-vertical is-layout-flex wp-container-core-group-is-layout-8cf370e7 wp-block-group-is-layout-flex\">\n<p><strong>Arabischer Steinfisch<\/strong><\/p>\n\n\n\n<p>Red Sea Stonefish<\/p>\n\n\n\n<p><em>Synanceia nana<\/em><\/p>\n<\/div>\n\n\n\n<div style=\"height:30px\" aria-hidden=\"true\" class=\"wp-block-spacer\"><\/div>\n\n\n\n<figure class=\"wp-block-image size-full\"><img loading=\"lazy\" decoding=\"async\" width=\"1024\" height=\"768\" src=\"https:\/\/alles-ueber-riffe.de\/wp-content\/uploads\/2025\/02\/Arabischer-Steinfisch_1024x768.jpg\" alt=\"\" class=\"wp-image-10151\" srcset=\"https:\/\/alles-ueber-riffe.de\/wp-content\/uploads\/2025\/02\/Arabischer-Steinfisch_1024x768.jpg 1024w, https:\/\/alles-ueber-riffe.de\/wp-content\/uploads\/2025\/02\/Arabischer-Steinfisch_1024x768-300x225.jpg 300w, https:\/\/alles-ueber-riffe.de\/wp-content\/uploads\/2025\/02\/Arabischer-Steinfisch_1024x768-768x576.jpg 768w\" sizes=\"auto, (max-width: 767px) 89vw, (max-width: 1000px) 54vw, (max-width: 1071px) 543px, 580px\" \/><figcaption class=\"wp-element-caption\">\u00a9 Joris Rombouts<\/figcaption><\/figure>\n\n\n\n<hr class=\"wp-block-separator has-alpha-channel-opacity is-style-default\"\/>\n\n\n\n<p><strong>Gr\u00f6\u00dfe: <\/strong> bis 13.5 cm<\/p>\n\n\n\n<p><strong>Lebensraum:<\/strong> Korallenriffe, Sand- und Ger\u00f6llb\u00f6den<\/p>\n\n\n\n<p><strong>Vorkommen:  <\/strong>Rotes Meer, Oman und Persischer Golf<\/p>\n\n\n\n<p><strong>Erkennungsmerkmale:<\/strong> meistens komplett mit Algen \u00fcberwachsen; kleiner als andere Steinfische<\/p>\n\n\n\n<p><strong>Biologie &amp; Verhalten: <\/strong> Wie alle Steinfische ist auch der Arabische Steinfisch perfekt getarnt und von seiner Umgebung kaum zu unterscheiden. Am ehesten erkennt man ihn an seinem Maul, das senkrecht nach oben steht und somit immer sichtbar ist. Steinfische sind nicht scheu und verlassen sich voll auf ihre Tarnung und ihr Gift. Lauerj\u00e4ger.<\/p>\n\n\n\n<p><strong>Bedrohungsstatus:<\/strong> Die Art wird auf der Roten Liste der IUCN als <mark style=\"background-color:rgba(0, 0, 0, 0)\" class=\"has-inline-color has-vivid-green-cyan-color\">\u201enicht gef\u00e4hrdet\u201c<\/mark> gef\u00fchrt.<\/p>\n\n\n\n<p><mark style=\"background-color:rgba(0, 0, 0, 0)\" class=\"has-inline-color has-vivid-red-color\"><strong>Gefahr:<\/strong> Nicht ganz so giftig wie der Echte Steinfisch, trotzdem giftig genug, um t\u00f6dlich zu sein. Leider h\u00e4lt sich dieser Steinfisch auch im flachen Wasser auf und bedroht damit nicht nur Taucher, sondern auch Schnorchler und Badende.<\/mark><\/p>\n\n\n\n<hr class=\"wp-block-separator has-alpha-channel-opacity is-style-default\"\/>\n\n\n\n<p><\/p>\n","protected":false},"excerpt":{"rendered":"<p>Arabischer Steinfisch Red Sea Stonefish Synanceia nana Gr\u00f6\u00dfe: bis 13.5 cm Lebensraum: Korallenriffe, Sand- und Ger\u00f6llb\u00f6den Vorkommen: Rotes Meer, Oman und Persischer Golf Erkennungsmerkmale: meistens komplett mit Algen \u00fcberwachsen; kleiner als andere Steinfische Biologie &amp; Verhalten: Wie alle Steinfische ist auch der Arabische Steinfisch perfekt getarnt und von seiner Umgebung kaum zu unterscheiden. Am ehesten &hellip; <\/p>\n<p class=\"link-more\"><a href=\"https:\/\/alles-ueber-riffe.de\/?page_id=5962\" class=\"more-link\"><span class=\"screen-reader-text\">\u201eArabischer Steinfisch\u201c<\/span> weiterlesen<\/a><\/p>\n","protected":false},"author":1,"featured_media":0,"parent":0,"menu_order":0,"comment_status":"closed","ping_status":"closed","template":"","meta":{"footnotes":""},"class_list":["post-5962","page","type-page","status-publish","hentry"],"_links":{"self":[{"href":"https:\/\/alles-ueber-riffe.de\/index.php?rest_route=\/wp\/v2\/pages\/5962","targetHints":{"allow":["GET"]}}],"collection":[{"href":"https:\/\/alles-ueber-riffe.de\/index.php?rest_route=\/wp\/v2\/pages"}],"about":[{"href":"https:\/\/alles-ueber-riffe.de\/index.php?rest_route=\/wp\/v2\/types\/page"}],"author":[{"embeddable":true,"href":"https:\/\/alles-ueber-riffe.de\/index.php?rest_route=\/wp\/v2\/users\/1"}],"replies":[{"embeddable":true,"href":"https:\/\/alles-ueber-riffe.de\/index.php?rest_route=%2Fwp%2Fv2%2Fcomments&post=5962"}],"version-history":[{"count":5,"href":"https:\/\/alles-ueber-riffe.de\/index.php?rest_route=\/wp\/v2\/pages\/5962\/revisions"}],"predecessor-version":[{"id":10154,"href":"https:\/\/alles-ueber-riffe.de\/index.php?rest_route=\/wp\/v2\/pages\/5962\/revisions\/10154"}],"wp:attachment":[{"href":"https:\/\/alles-ueber-riffe.de\/index.php?rest_route=%2Fwp%2Fv2%2Fmedia&parent=5962"}],"curies":[{"name":"wp","href":"https:\/\/api.w.org\/{rel}","templated":true}]}}