{"id":5959,"date":"2025-01-08T22:39:16","date_gmt":"2025-01-08T22:39:16","guid":{"rendered":"https:\/\/alles-ueber-riffe.de\/?page_id=5959"},"modified":"2025-02-25T20:37:16","modified_gmt":"2025-02-25T20:37:16","slug":"echter-steinfisch","status":"publish","type":"page","link":"https:\/\/alles-ueber-riffe.de\/?page_id=5959","title":{"rendered":"Echter Steinfisch"},"content":{"rendered":"\n<div class=\"wp-block-group is-vertical is-layout-flex wp-container-core-group-is-layout-8cf370e7 wp-block-group-is-layout-flex\">\n<p><strong>Echter Steinfisch<\/strong><\/p>\n\n\n\n<p>Stonefish<\/p>\n\n\n\n<p><em>Synanceia verrucosa<\/em><\/p>\n<\/div>\n\n\n\n<div style=\"height:30px\" aria-hidden=\"true\" class=\"wp-block-spacer\"><\/div>\n\n\n\n<figure class=\"wp-block-video\"><video height=\"576\" style=\"aspect-ratio: 1024 \/ 576;\" width=\"1024\" controls src=\"https:\/\/alles-ueber-riffe.de\/wp-content\/uploads\/2025\/02\/Echter-Steinfisch.mp4\"><\/video><figcaption class=\"wp-element-caption\">\u00a9 Michael Stadermann<\/figcaption><\/figure>\n\n\n\n<hr class=\"wp-block-separator has-alpha-channel-opacity is-style-default\"\/>\n\n\n\n<p><strong>Gr\u00f6\u00dfe: <\/strong> bis 40 cm<\/p>\n\n\n\n<p><strong>Lebensraum:<\/strong> Korallenriffe, Sand- und Ger\u00f6llb\u00f6den<\/p>\n\n\n\n<p><strong>Vorkommen:  <\/strong>von Ostafrika, Rotes Meer, Oman, Malediven, ganz S\u00fcdostasien, S\u00fcdjapan, Nordaustralien, Papua-Neuguinea, Ozeanien bis Franz\u00f6sisch-Polynesien<\/p>\n\n\n\n<p><strong>Erkennungsmerkmale:<\/strong> Farbe variabel je nach Untergrund von rosa, rot bis violett oder braun; gro\u00dfe, fleischige Brustflossen<\/p>\n\n\n\n<p><strong>Biologie &amp; Verhalten: <\/strong> Wie alle Steinfische ist auch der Echte Steinfisch perfekt getarnt und von seiner Umgebung kaum zu unterscheiden. Am ehesten erkennt man ihn an seinem Maul, das senkrecht nach oben steht und somit immer erkennbar ist. Steinfische sind nicht scheu und verlassen sich voll auf ihre Tarnung und ihr Gift. Lauerj\u00e4ger.<\/p>\n\n\n\n<p><strong>Bedrohungsstatus:<\/strong> Die Art wird auf der Roten Liste der IUCN als <mark style=\"background-color:rgba(0, 0, 0, 0)\" class=\"has-inline-color has-vivid-green-cyan-color\">\u201enicht gef\u00e4hrdet\u201c<\/mark> gef\u00fchrt.<\/p>\n\n\n\n<p><mark style=\"background-color:rgba(0, 0, 0, 0)\" class=\"has-inline-color has-vivid-red-color\"><strong>Gefahr:<\/strong> Der Echte Steinfisch k\u00e4mpft mit anderen Steinfischen um die Ehre der \u201egiftigste Fisch der Welt\u201c zu sein. Ein Kontakt mit den giftigen Flossenstrahlen kann sogar t\u00f6dlich enden.\u00a0\u00a0Es gibt ein Serum gegen das Gift des Echten Steinfisches, dass hilft, wenn es m\u00f6glichst kurz nach einem Stich verabreicht wird. Leider ist dieser Steinfisch sehr h\u00e4ufig, weit verbreitet und h\u00e4lt sich auch im flachen Wasser auf, weshalb neben den Tauchern auch Schnorchler und Badende bedroht sind.<\/mark><\/p>\n\n\n\n<hr class=\"wp-block-separator has-alpha-channel-opacity is-style-default\"\/>\n\n\n\n<p><\/p>\n","protected":false},"excerpt":{"rendered":"<p>Echter Steinfisch Stonefish Synanceia verrucosa Gr\u00f6\u00dfe: bis 40 cm Lebensraum: Korallenriffe, Sand- und Ger\u00f6llb\u00f6den Vorkommen: von Ostafrika, Rotes Meer, Oman, Malediven, ganz S\u00fcdostasien, S\u00fcdjapan, Nordaustralien, Papua-Neuguinea, Ozeanien bis Franz\u00f6sisch-Polynesien Erkennungsmerkmale: Farbe variabel je nach Untergrund von rosa, rot bis violett oder braun; gro\u00dfe, fleischige Brustflossen Biologie &amp; Verhalten: Wie alle Steinfische ist auch der Echte &hellip; <\/p>\n<p class=\"link-more\"><a href=\"https:\/\/alles-ueber-riffe.de\/?page_id=5959\" class=\"more-link\"><span class=\"screen-reader-text\">\u201eEchter Steinfisch\u201c<\/span> weiterlesen<\/a><\/p>\n","protected":false},"author":1,"featured_media":0,"parent":0,"menu_order":0,"comment_status":"closed","ping_status":"closed","template":"","meta":{"footnotes":""},"class_list":["post-5959","page","type-page","status-publish","hentry"],"_links":{"self":[{"href":"https:\/\/alles-ueber-riffe.de\/index.php?rest_route=\/wp\/v2\/pages\/5959","targetHints":{"allow":["GET"]}}],"collection":[{"href":"https:\/\/alles-ueber-riffe.de\/index.php?rest_route=\/wp\/v2\/pages"}],"about":[{"href":"https:\/\/alles-ueber-riffe.de\/index.php?rest_route=\/wp\/v2\/types\/page"}],"author":[{"embeddable":true,"href":"https:\/\/alles-ueber-riffe.de\/index.php?rest_route=\/wp\/v2\/users\/1"}],"replies":[{"embeddable":true,"href":"https:\/\/alles-ueber-riffe.de\/index.php?rest_route=%2Fwp%2Fv2%2Fcomments&post=5959"}],"version-history":[{"count":6,"href":"https:\/\/alles-ueber-riffe.de\/index.php?rest_route=\/wp\/v2\/pages\/5959\/revisions"}],"predecessor-version":[{"id":10149,"href":"https:\/\/alles-ueber-riffe.de\/index.php?rest_route=\/wp\/v2\/pages\/5959\/revisions\/10149"}],"wp:attachment":[{"href":"https:\/\/alles-ueber-riffe.de\/index.php?rest_route=%2Fwp%2Fv2%2Fmedia&parent=5959"}],"curies":[{"name":"wp","href":"https:\/\/api.w.org\/{rel}","templated":true}]}}