{"id":5956,"date":"2025-01-08T22:39:06","date_gmt":"2025-01-08T22:39:06","guid":{"rendered":"https:\/\/alles-ueber-riffe.de\/?page_id=5956"},"modified":"2025-02-24T21:23:52","modified_gmt":"2025-02-24T21:23:52","slug":"gold-makrele","status":"publish","type":"page","link":"https:\/\/alles-ueber-riffe.de\/?page_id=5956","title":{"rendered":"Gold-Makrele"},"content":{"rendered":"\n<div class=\"wp-block-group is-vertical is-layout-flex wp-container-core-group-is-layout-8cf370e7 wp-block-group-is-layout-flex\">\n<p><strong>Gold-Makrele<\/strong><\/p>\n\n\n\n<p>Golden trevally<\/p>\n\n\n\n<p><em>Gnathanodon speciosus<\/em><\/p>\n<\/div>\n\n\n\n<div style=\"height:30px\" aria-hidden=\"true\" class=\"wp-block-spacer\"><\/div>\n\n\n\n<figure class=\"wp-block-video\"><video height=\"576\" style=\"aspect-ratio: 1024 \/ 576;\" width=\"1024\" controls src=\"https:\/\/alles-ueber-riffe.de\/wp-content\/uploads\/2025\/02\/Gold-Makrele-Kopie.mp4\"><\/video><figcaption class=\"wp-element-caption\">Video, adulte Tiere \u00a9 Heinz Krimmer, juvenile Tiere \u00a9 Joris Rombouts<\/figcaption><\/figure>\n\n\n\n<hr class=\"wp-block-separator has-alpha-channel-opacity is-style-default\"\/>\n\n\n\n<p><strong>Gr\u00f6\u00dfe: <\/strong> bis 1,20 m<\/p>\n\n\n\n<p><strong>Lebensraum:<\/strong> adulte Tiere findet man im Riff, \u00fcber Sandb\u00f6den und Seegraswiesen; juvenile Tiere als Pilotfische zusammen mit gro\u00dfen Fischen wie z.B. Haien, Rochen aber auch Schildkr\u00f6ten<\/p>\n\n\n\n<p><strong>Vorkommen:  <\/strong>in allen tropischen Bereichen des Pazifiks einschlie\u00dflich der Nebenmeere<\/p>\n\n\n\n<p><strong>Erkennungsmerkmale:<\/strong> Die juvenilen Gold-Makrelen verhalten sich wie Pilotfische. Sie suchen Schutz bei Quallen und suchen sich sp\u00e4ter ein gro\u00dfes Wirtstier wie z.B. einen Dugong, Schildkr\u00f6ten oder Haie. Sie lassen sich gut an ihrer goldgelben F\u00e4rbung von den Pilotfischen, die ein \u00e4hnliches verhalten haben, unterscheiden.<\/p>\n\n\n\n<p>Adulte Tiere findet man oft in kleinen Gruppen am Riff, \u00fcber Sandfl\u00e4chen und Seegraswiesen. Sie jagen benthische Wirbellose aber auch Fische.<\/p>\n\n\n\n<p><strong>Bedrohungsstatus:<\/strong> Die Art wird auf der Roten Liste der IUCN als <mark style=\"background-color:rgba(0, 0, 0, 0)\" class=\"has-inline-color has-vivid-green-cyan-color\">\u201enicht gef\u00e4hrdet\u201c<\/mark> gef\u00fchrt.<\/p>\n\n\n\n<hr class=\"wp-block-separator has-alpha-channel-opacity is-style-default\"\/>\n\n\n\n<p><\/p>\n","protected":false},"excerpt":{"rendered":"<p>Gold-Makrele Golden trevally Gnathanodon speciosus Gr\u00f6\u00dfe: bis 1,20 m Lebensraum: adulte Tiere findet man im Riff, \u00fcber Sandb\u00f6den und Seegraswiesen; juvenile Tiere als Pilotfische zusammen mit gro\u00dfen Fischen wie z.B. Haien, Rochen aber auch Schildkr\u00f6ten Vorkommen: in allen tropischen Bereichen des Pazifiks einschlie\u00dflich der Nebenmeere Erkennungsmerkmale: Die juvenilen Gold-Makrelen verhalten sich wie Pilotfische. Sie suchen &hellip; <\/p>\n<p class=\"link-more\"><a href=\"https:\/\/alles-ueber-riffe.de\/?page_id=5956\" class=\"more-link\"><span class=\"screen-reader-text\">\u201eGold-Makrele\u201c<\/span> weiterlesen<\/a><\/p>\n","protected":false},"author":1,"featured_media":0,"parent":0,"menu_order":0,"comment_status":"closed","ping_status":"closed","template":"","meta":{"footnotes":""},"class_list":["post-5956","page","type-page","status-publish","hentry"],"_links":{"self":[{"href":"https:\/\/alles-ueber-riffe.de\/index.php?rest_route=\/wp\/v2\/pages\/5956","targetHints":{"allow":["GET"]}}],"collection":[{"href":"https:\/\/alles-ueber-riffe.de\/index.php?rest_route=\/wp\/v2\/pages"}],"about":[{"href":"https:\/\/alles-ueber-riffe.de\/index.php?rest_route=\/wp\/v2\/types\/page"}],"author":[{"embeddable":true,"href":"https:\/\/alles-ueber-riffe.de\/index.php?rest_route=\/wp\/v2\/users\/1"}],"replies":[{"embeddable":true,"href":"https:\/\/alles-ueber-riffe.de\/index.php?rest_route=%2Fwp%2Fv2%2Fcomments&post=5956"}],"version-history":[{"count":5,"href":"https:\/\/alles-ueber-riffe.de\/index.php?rest_route=\/wp\/v2\/pages\/5956\/revisions"}],"predecessor-version":[{"id":10098,"href":"https:\/\/alles-ueber-riffe.de\/index.php?rest_route=\/wp\/v2\/pages\/5956\/revisions\/10098"}],"wp:attachment":[{"href":"https:\/\/alles-ueber-riffe.de\/index.php?rest_route=%2Fwp%2Fv2%2Fmedia&parent=5956"}],"curies":[{"name":"wp","href":"https:\/\/api.w.org\/{rel}","templated":true}]}}