{"id":5953,"date":"2025-01-08T22:38:56","date_gmt":"2025-01-08T22:38:56","guid":{"rendered":"https:\/\/alles-ueber-riffe.de\/?page_id=5953"},"modified":"2025-02-24T21:17:20","modified_gmt":"2025-02-24T21:17:20","slug":"zitronen-stachelmakrele","status":"publish","type":"page","link":"https:\/\/alles-ueber-riffe.de\/?page_id=5953","title":{"rendered":"Zitronen-Stachelmakrele"},"content":{"rendered":"\n<div class=\"wp-block-group is-vertical is-layout-flex wp-container-core-group-is-layout-8cf370e7 wp-block-group-is-layout-flex\">\n<p><strong>Zitronen-Stachelmakrele<\/strong><\/p>\n\n\n\n<p>Orangespotted trevally<\/p>\n\n\n\n<p><em>Carangoides bajad<\/em><\/p>\n<\/div>\n\n\n\n<div style=\"height:30px\" aria-hidden=\"true\" class=\"wp-block-spacer\"><\/div>\n\n\n\n<figure class=\"wp-block-video\"><video height=\"576\" style=\"aspect-ratio: 1024 \/ 576;\" width=\"1024\" controls src=\"https:\/\/alles-ueber-riffe.de\/wp-content\/uploads\/2025\/02\/Zitronen-Stachelmakrele.mp4\"><\/video><figcaption class=\"wp-element-caption\">\u00a9 Heinz Krimmer<\/figcaption><\/figure>\n\n\n\n<hr class=\"wp-block-separator has-alpha-channel-opacity is-style-default\"\/>\n\n\n\n<p><strong>Gr\u00f6\u00dfe: <\/strong> bis 55 cm<\/p>\n\n\n\n<p><strong>Lebensraum:<\/strong> Korallen- und Felsenriffe<\/p>\n\n\n\n<p><strong>Vorkommen:  <\/strong>von Ostafrika, Rotes Meer, Persischer Golf, Malediven, ganz S\u00fcdostasien, Vietnam, S\u00fcdjapan<\/p>\n\n\n\n<p><strong>Erkennungsmerkmale:<\/strong> silbern mit orangenen oder gelben Punkten oder ganz gelb<\/p>\n\n\n\n<p><strong>Biologie &amp; Verhalten: <\/strong> Besonders die ganz gelbe Variante ist vor blauem Hintergrund immer ein echter Hingucker. Jagen nach Fischen in Riffn\u00e4he. Juvenile Tiere als Einzelg\u00e4nger in lachen gesch\u00fctzten Buchten anzutreffen.<\/p>\n\n\n\n<p><strong>Bedrohungsstatus:<\/strong> Die Art wird auf der Roten Liste der IUCN als <mark style=\"background-color:rgba(0, 0, 0, 0)\" class=\"has-inline-color has-vivid-green-cyan-color\">\u201enicht gef\u00e4hrdet\u201c<\/mark> gef\u00fchrt.<\/p>\n\n\n\n<hr class=\"wp-block-separator has-alpha-channel-opacity is-style-default\"\/>\n\n\n\n<p><\/p>\n","protected":false},"excerpt":{"rendered":"<p>Zitronen-Stachelmakrele Orangespotted trevally Carangoides bajad Gr\u00f6\u00dfe: bis 55 cm Lebensraum: Korallen- und Felsenriffe Vorkommen: von Ostafrika, Rotes Meer, Persischer Golf, Malediven, ganz S\u00fcdostasien, Vietnam, S\u00fcdjapan Erkennungsmerkmale: silbern mit orangenen oder gelben Punkten oder ganz gelb Biologie &amp; Verhalten: Besonders die ganz gelbe Variante ist vor blauem Hintergrund immer ein echter Hingucker. Jagen nach Fischen in &hellip; <\/p>\n<p class=\"link-more\"><a href=\"https:\/\/alles-ueber-riffe.de\/?page_id=5953\" class=\"more-link\"><span class=\"screen-reader-text\">\u201eZitronen-Stachelmakrele\u201c<\/span> weiterlesen<\/a><\/p>\n","protected":false},"author":1,"featured_media":0,"parent":0,"menu_order":0,"comment_status":"closed","ping_status":"closed","template":"","meta":{"footnotes":""},"class_list":["post-5953","page","type-page","status-publish","hentry"],"_links":{"self":[{"href":"https:\/\/alles-ueber-riffe.de\/index.php?rest_route=\/wp\/v2\/pages\/5953","targetHints":{"allow":["GET"]}}],"collection":[{"href":"https:\/\/alles-ueber-riffe.de\/index.php?rest_route=\/wp\/v2\/pages"}],"about":[{"href":"https:\/\/alles-ueber-riffe.de\/index.php?rest_route=\/wp\/v2\/types\/page"}],"author":[{"embeddable":true,"href":"https:\/\/alles-ueber-riffe.de\/index.php?rest_route=\/wp\/v2\/users\/1"}],"replies":[{"embeddable":true,"href":"https:\/\/alles-ueber-riffe.de\/index.php?rest_route=%2Fwp%2Fv2%2Fcomments&post=5953"}],"version-history":[{"count":5,"href":"https:\/\/alles-ueber-riffe.de\/index.php?rest_route=\/wp\/v2\/pages\/5953\/revisions"}],"predecessor-version":[{"id":10093,"href":"https:\/\/alles-ueber-riffe.de\/index.php?rest_route=\/wp\/v2\/pages\/5953\/revisions\/10093"}],"wp:attachment":[{"href":"https:\/\/alles-ueber-riffe.de\/index.php?rest_route=%2Fwp%2Fv2%2Fmedia&parent=5953"}],"curies":[{"name":"wp","href":"https:\/\/api.w.org\/{rel}","templated":true}]}}