{"id":5951,"date":"2025-01-08T22:38:45","date_gmt":"2025-01-08T22:38:45","guid":{"rendered":"https:\/\/alles-ueber-riffe.de\/?page_id=5951"},"modified":"2025-02-25T20:32:32","modified_gmt":"2025-02-25T20:32:32","slug":"weissfleck-makrele","status":"publish","type":"page","link":"https:\/\/alles-ueber-riffe.de\/?page_id=5951","title":{"rendered":"Wei\u00dffleck-Makrele"},"content":{"rendered":"\n<div class=\"wp-block-group is-vertical is-layout-flex wp-container-core-group-is-layout-8cf370e7 wp-block-group-is-layout-flex\">\n<p><strong>Wei\u00dffleck-Makrele<\/strong><\/p>\n\n\n\n<p>Steel pompano<\/p>\n\n\n\n<p><em>Trachinotus stilbe<\/em><\/p>\n<\/div>\n\n\n\n<div style=\"height:30px\" aria-hidden=\"true\" class=\"wp-block-spacer\"><\/div>\n\n\n\n<figure class=\"wp-block-video\"><video height=\"576\" style=\"aspect-ratio: 1024 \/ 576;\" width=\"1024\" controls src=\"https:\/\/alles-ueber-riffe.de\/wp-content\/uploads\/2025\/02\/Weissfleck-Makrele-Kopie.mp4\"><\/video><figcaption class=\"wp-element-caption\">\u00a9 Heinz Krimmer<\/figcaption><\/figure>\n\n\n\n<hr class=\"wp-block-separator has-alpha-channel-opacity is-style-default\"\/>\n\n\n\n<p><strong>Gr\u00f6\u00dfe: <\/strong> bis 34 cm<\/p>\n\n\n\n<p><strong>Lebensraum:<\/strong> Freiwasser; meistens an der Oberfl\u00e4che und u.a. in der N\u00e4he von Fels- und Korallenriffen zu finden<\/p>\n\n\n\n<p><strong>Vorkommen:  <\/strong>Pazifikk\u00fcste Mittelamerikas, Galapagos, Malpelo, Cocos<\/p>\n\n\n\n<p><strong>Erkennungsmerkmale:<\/strong> Grundfarbe silbern; wei\u00dfer, breiter, l\u00e4nglicher Fleck von der Mitte der Kiemen zum R\u00fccken<\/p>\n\n\n\n<p><strong>Biologie &amp; Verhalten: <\/strong> Sind in kleinen Gruppen bis gr\u00f6\u00dferen Schw\u00e4rmen an der Wasseroberfl\u00e4che zu finden.<\/p>\n\n\n\n<p><strong>Bedrohungsstatus:<\/strong> Die Art wird auf der Roten Liste der IUCN als <mark style=\"background-color:rgba(0, 0, 0, 0)\" class=\"has-inline-color has-vivid-green-cyan-color\">\u201enicht gef\u00e4hrdet\u201c<\/mark> gef\u00fchrt.<\/p>\n\n\n\n<hr class=\"wp-block-separator has-alpha-channel-opacity is-style-default\"\/>\n\n\n\n<p><\/p>\n","protected":false},"excerpt":{"rendered":"<p>Wei\u00dffleck-Makrele Steel pompano Trachinotus stilbe Gr\u00f6\u00dfe: bis 34 cm Lebensraum: Freiwasser; meistens an der Oberfl\u00e4che und u.a. in der N\u00e4he von Fels- und Korallenriffen zu finden Vorkommen: Pazifikk\u00fcste Mittelamerikas, Galapagos, Malpelo, Cocos Erkennungsmerkmale: Grundfarbe silbern; wei\u00dfer, breiter, l\u00e4nglicher Fleck von der Mitte der Kiemen zum R\u00fccken Biologie &amp; Verhalten: Sind in kleinen Gruppen bis gr\u00f6\u00dferen &hellip; <\/p>\n<p class=\"link-more\"><a href=\"https:\/\/alles-ueber-riffe.de\/?page_id=5951\" class=\"more-link\"><span class=\"screen-reader-text\">\u201eWei\u00dffleck-Makrele\u201c<\/span> weiterlesen<\/a><\/p>\n","protected":false},"author":1,"featured_media":0,"parent":0,"menu_order":0,"comment_status":"closed","ping_status":"closed","template":"","meta":{"footnotes":""},"class_list":["post-5951","page","type-page","status-publish","hentry"],"_links":{"self":[{"href":"https:\/\/alles-ueber-riffe.de\/index.php?rest_route=\/wp\/v2\/pages\/5951","targetHints":{"allow":["GET"]}}],"collection":[{"href":"https:\/\/alles-ueber-riffe.de\/index.php?rest_route=\/wp\/v2\/pages"}],"about":[{"href":"https:\/\/alles-ueber-riffe.de\/index.php?rest_route=\/wp\/v2\/types\/page"}],"author":[{"embeddable":true,"href":"https:\/\/alles-ueber-riffe.de\/index.php?rest_route=\/wp\/v2\/users\/1"}],"replies":[{"embeddable":true,"href":"https:\/\/alles-ueber-riffe.de\/index.php?rest_route=%2Fwp%2Fv2%2Fcomments&post=5951"}],"version-history":[{"count":5,"href":"https:\/\/alles-ueber-riffe.de\/index.php?rest_route=\/wp\/v2\/pages\/5951\/revisions"}],"predecessor-version":[{"id":10143,"href":"https:\/\/alles-ueber-riffe.de\/index.php?rest_route=\/wp\/v2\/pages\/5951\/revisions\/10143"}],"wp:attachment":[{"href":"https:\/\/alles-ueber-riffe.de\/index.php?rest_route=%2Fwp%2Fv2%2Fmedia&parent=5951"}],"curies":[{"name":"wp","href":"https:\/\/api.w.org\/{rel}","templated":true}]}}