{"id":5949,"date":"2025-01-08T22:38:34","date_gmt":"2025-01-08T22:38:34","guid":{"rendered":"https:\/\/alles-ueber-riffe.de\/?page_id=5949"},"modified":"2025-02-24T21:02:34","modified_gmt":"2025-02-24T21:02:34","slug":"stupsnasen-pompano","status":"publish","type":"page","link":"https:\/\/alles-ueber-riffe.de\/?page_id=5949","title":{"rendered":"Stupsnasen-Pompano"},"content":{"rendered":"\n<div class=\"wp-block-group is-vertical is-layout-flex wp-container-core-group-is-layout-8cf370e7 wp-block-group-is-layout-flex\">\n<p><strong>Stupsnasen-Pompano<\/strong><\/p>\n\n\n\n<p>Subnose pompano<\/p>\n\n\n\n<p><em>Trachinotus blochii<\/em><\/p>\n<\/div>\n\n\n\n<div style=\"height:30px\" aria-hidden=\"true\" class=\"wp-block-spacer\"><\/div>\n\n\n\n<figure class=\"wp-block-video\"><video height=\"576\" style=\"aspect-ratio: 1024 \/ 576;\" width=\"1024\" controls src=\"https:\/\/alles-ueber-riffe.de\/wp-content\/uploads\/2025\/02\/Stupsnasen-Pompano.mp4\"><\/video><figcaption class=\"wp-element-caption\">\u00a9 Heinz Krimmer<\/figcaption><\/figure>\n\n\n\n<hr class=\"wp-block-separator has-alpha-channel-opacity is-style-default\"\/>\n\n\n\n<p><strong>Gr\u00f6\u00dfe: <\/strong> bis 1,10 m<\/p>\n\n\n\n<p><strong>Lebensraum:<\/strong> Adulte in Korallen- und Felsenriffen, juvenile bevorzugen sandige und schlammige Gebiete.<\/p>\n\n\n\n<p><strong>Vorkommen:  <\/strong>von Ostafrika, Rotes Meer, Oman, Malediven, ganz S\u00fcdostasien, Vietnam, S\u00fcdjapan, Nordaustralien, Papua-Neuguinea, Ozeanien bis Samoa<\/p>\n\n\n\n<p><strong>Erkennungsmerkmale:<\/strong> Grundfarbe silbern; steile, runde Stirn; gelbliche Flossen<\/p>\n\n\n\n<p><strong>Biologie &amp; Verhalten: <\/strong> Juvenile Tiere verbringen ihre Kindheit im flachen Wasser sandiger oder schlammiger Buchten in der N\u00e4he von Flussm\u00fcndungen. Sie leben in kleinen Gruppen. Adulte Tiere sind Einzelg\u00e4nger. Sie fressen \u00fcberwiegend hartschalige Weichtiere wie Muscheln und Schnecken.<\/p>\n\n\n\n<p><strong>Bedrohungsstatus:<\/strong> Die Art wird auf der Roten Liste der IUCN als <mark style=\"background-color:rgba(0, 0, 0, 0)\" class=\"has-inline-color has-vivid-green-cyan-color\">\u201enicht gef\u00e4hrdet\u201c<\/mark> gef\u00fchrt.<\/p>\n\n\n\n<p><mark style=\"background-color:rgba(0, 0, 0, 0)\" class=\"has-inline-color has-vivid-red-color\"><strong>Gefahr:<\/strong> Wie bei fast allen J\u00e4gern am Ende der Nahrungskette besteht bei Verzehr die Gefahr einer ciguatoxischen Vergiftung.<\/mark><\/p>\n\n\n\n<hr class=\"wp-block-separator has-alpha-channel-opacity is-style-default\"\/>\n\n\n\n<p><\/p>\n","protected":false},"excerpt":{"rendered":"<p>Stupsnasen-Pompano Subnose pompano Trachinotus blochii Gr\u00f6\u00dfe: bis 1,10 m Lebensraum: Adulte in Korallen- und Felsenriffen, juvenile bevorzugen sandige und schlammige Gebiete. Vorkommen: von Ostafrika, Rotes Meer, Oman, Malediven, ganz S\u00fcdostasien, Vietnam, S\u00fcdjapan, Nordaustralien, Papua-Neuguinea, Ozeanien bis Samoa Erkennungsmerkmale: Grundfarbe silbern; steile, runde Stirn; gelbliche Flossen Biologie &amp; Verhalten: Juvenile Tiere verbringen ihre Kindheit im flachen &hellip; <\/p>\n<p class=\"link-more\"><a href=\"https:\/\/alles-ueber-riffe.de\/?page_id=5949\" class=\"more-link\"><span class=\"screen-reader-text\">\u201eStupsnasen-Pompano\u201c<\/span> weiterlesen<\/a><\/p>\n","protected":false},"author":1,"featured_media":0,"parent":0,"menu_order":0,"comment_status":"closed","ping_status":"closed","template":"","meta":{"footnotes":""},"class_list":["post-5949","page","type-page","status-publish","hentry"],"_links":{"self":[{"href":"https:\/\/alles-ueber-riffe.de\/index.php?rest_route=\/wp\/v2\/pages\/5949","targetHints":{"allow":["GET"]}}],"collection":[{"href":"https:\/\/alles-ueber-riffe.de\/index.php?rest_route=\/wp\/v2\/pages"}],"about":[{"href":"https:\/\/alles-ueber-riffe.de\/index.php?rest_route=\/wp\/v2\/types\/page"}],"author":[{"embeddable":true,"href":"https:\/\/alles-ueber-riffe.de\/index.php?rest_route=\/wp\/v2\/users\/1"}],"replies":[{"embeddable":true,"href":"https:\/\/alles-ueber-riffe.de\/index.php?rest_route=%2Fwp%2Fv2%2Fcomments&post=5949"}],"version-history":[{"count":4,"href":"https:\/\/alles-ueber-riffe.de\/index.php?rest_route=\/wp\/v2\/pages\/5949\/revisions"}],"predecessor-version":[{"id":10078,"href":"https:\/\/alles-ueber-riffe.de\/index.php?rest_route=\/wp\/v2\/pages\/5949\/revisions\/10078"}],"wp:attachment":[{"href":"https:\/\/alles-ueber-riffe.de\/index.php?rest_route=%2Fwp%2Fv2%2Fmedia&parent=5949"}],"curies":[{"name":"wp","href":"https:\/\/api.w.org\/{rel}","templated":true}]}}