{"id":5946,"date":"2025-01-08T22:38:25","date_gmt":"2025-01-08T22:38:25","guid":{"rendered":"https:\/\/alles-ueber-riffe.de\/?page_id=5946"},"modified":"2025-02-25T20:28:53","modified_gmt":"2025-02-25T20:28:53","slug":"regenbogen-makrele","status":"publish","type":"page","link":"https:\/\/alles-ueber-riffe.de\/?page_id=5946","title":{"rendered":"Regenbogen-Makrele"},"content":{"rendered":"\n<div class=\"wp-block-group is-vertical is-layout-flex wp-container-core-group-is-layout-8cf370e7 wp-block-group-is-layout-flex\">\n<p><strong>Regenbogen-Makrele<\/strong><\/p>\n\n\n\n<p>Rainbow runner<\/p>\n\n\n\n<p><em>Elagatis bipinnulata<\/em><\/p>\n<\/div>\n\n\n\n<div style=\"height:30px\" aria-hidden=\"true\" class=\"wp-block-spacer\"><\/div>\n\n\n\n<figure class=\"wp-block-video\"><video height=\"576\" style=\"aspect-ratio: 1024 \/ 576;\" width=\"1024\" controls src=\"https:\/\/alles-ueber-riffe.de\/wp-content\/uploads\/2025\/02\/Regenbogen-Makrele.mp4\"><\/video><figcaption class=\"wp-element-caption\">\u00a9 Heinz Krimmer<\/figcaption><\/figure>\n\n\n\n<hr class=\"wp-block-separator has-alpha-channel-opacity is-style-default\"\/>\n\n\n\n<p><strong>Gr\u00f6\u00dfe: <\/strong> bis 1,80 m<\/p>\n\n\n\n<p><strong>Lebensraum:<\/strong> Freiwasser u.a. in der N\u00e4he von Korallenriffen<\/p>\n\n\n\n<p><strong>Vorkommen:  <\/strong>in allen tropischen Bereichen des Pazifik und des Atlantik einschlie\u00dflich der Nebenmeere, au\u00dfer dem Persischen Golf<\/p>\n\n\n\n<p><strong>Erkennungsmerkmale:<\/strong> zwei blaue L\u00e4ngsstreifen; juvenile Tiere mit gelbliche Flossen<\/p>\n\n\n\n<p><strong>Biologie &amp; Verhalten: <\/strong> Die Regenbogen Makrele frisst bevorzug Wirbellose, die Teil des Zooplanktons sind. K\u00f6nnen gro\u00dfe Schw\u00e4rme bilden.<\/p>\n\n\n\n<p><strong>Bedrohungsstatus:<\/strong> Die Art wird auf der Roten Liste der IUCN als <mark style=\"background-color:rgba(0, 0, 0, 0)\" class=\"has-inline-color has-vivid-green-cyan-color\">\u201enicht gef\u00e4hrdet\u201c<\/mark> gef\u00fchrt.<\/p>\n\n\n\n<p><mark style=\"background-color:rgba(0, 0, 0, 0)\" class=\"has-inline-color has-vivid-red-color\"><strong>Gefahr:<\/strong> Wie bei fast allen J\u00e4gern am Ende der Nahrungskette besteht bei Verzehr die Gefahr einer ciguatoxischen Vergiftung.<\/mark><\/p>\n\n\n\n<hr class=\"wp-block-separator has-alpha-channel-opacity is-style-default\"\/>\n\n\n\n<p><\/p>\n","protected":false},"excerpt":{"rendered":"<p>Regenbogen-Makrele Rainbow runner Elagatis bipinnulata Gr\u00f6\u00dfe: bis 1,80 m Lebensraum: Freiwasser u.a. in der N\u00e4he von Korallenriffen Vorkommen: in allen tropischen Bereichen des Pazifik und des Atlantik einschlie\u00dflich der Nebenmeere, au\u00dfer dem Persischen Golf Erkennungsmerkmale: zwei blaue L\u00e4ngsstreifen; juvenile Tiere mit gelbliche Flossen Biologie &amp; Verhalten: Die Regenbogen Makrele frisst bevorzug Wirbellose, die Teil des &hellip; <\/p>\n<p class=\"link-more\"><a href=\"https:\/\/alles-ueber-riffe.de\/?page_id=5946\" class=\"more-link\"><span class=\"screen-reader-text\">\u201eRegenbogen-Makrele\u201c<\/span> weiterlesen<\/a><\/p>\n","protected":false},"author":1,"featured_media":0,"parent":0,"menu_order":0,"comment_status":"closed","ping_status":"closed","template":"","meta":{"footnotes":""},"class_list":["post-5946","page","type-page","status-publish","hentry"],"_links":{"self":[{"href":"https:\/\/alles-ueber-riffe.de\/index.php?rest_route=\/wp\/v2\/pages\/5946","targetHints":{"allow":["GET"]}}],"collection":[{"href":"https:\/\/alles-ueber-riffe.de\/index.php?rest_route=\/wp\/v2\/pages"}],"about":[{"href":"https:\/\/alles-ueber-riffe.de\/index.php?rest_route=\/wp\/v2\/types\/page"}],"author":[{"embeddable":true,"href":"https:\/\/alles-ueber-riffe.de\/index.php?rest_route=\/wp\/v2\/users\/1"}],"replies":[{"embeddable":true,"href":"https:\/\/alles-ueber-riffe.de\/index.php?rest_route=%2Fwp%2Fv2%2Fcomments&post=5946"}],"version-history":[{"count":4,"href":"https:\/\/alles-ueber-riffe.de\/index.php?rest_route=\/wp\/v2\/pages\/5946\/revisions"}],"predecessor-version":[{"id":10140,"href":"https:\/\/alles-ueber-riffe.de\/index.php?rest_route=\/wp\/v2\/pages\/5946\/revisions\/10140"}],"wp:attachment":[{"href":"https:\/\/alles-ueber-riffe.de\/index.php?rest_route=%2Fwp%2Fv2%2Fmedia&parent=5946"}],"curies":[{"name":"wp","href":"https:\/\/api.w.org\/{rel}","templated":true}]}}