{"id":5941,"date":"2025-01-08T22:38:05","date_gmt":"2025-01-08T22:38:05","guid":{"rendered":"https:\/\/alles-ueber-riffe.de\/?page_id=5941"},"modified":"2025-02-24T21:44:34","modified_gmt":"2025-02-24T21:44:34","slug":"grosse-bernsteinmakrele","status":"publish","type":"page","link":"https:\/\/alles-ueber-riffe.de\/?page_id=5941","title":{"rendered":"Gro\u00dfe Bernsteinmakrele"},"content":{"rendered":"\n<div class=\"wp-block-group is-vertical is-layout-flex wp-container-core-group-is-layout-8cf370e7 wp-block-group-is-layout-flex\">\n<p><strong>Gro\u00dfe Bernsteinmakrele<\/strong><\/p>\n\n\n\n<p>Greater amberjack<\/p>\n\n\n\n<p><em>Seriola dumerili<\/em><\/p>\n<\/div>\n\n\n\n<div style=\"height:30px\" aria-hidden=\"true\" class=\"wp-block-spacer\"><\/div>\n\n\n\n<figure class=\"wp-block-video\"><video height=\"576\" style=\"aspect-ratio: 1024 \/ 576;\" width=\"1024\" controls src=\"https:\/\/alles-ueber-riffe.de\/wp-content\/uploads\/2025\/02\/Grosse-Bernsteinmakrele.mp4\"><\/video><figcaption class=\"wp-element-caption\">\u00a9 Heinz Krimmer<\/figcaption><\/figure>\n\n\n\n<hr class=\"wp-block-separator has-alpha-channel-opacity is-style-default\"\/>\n\n\n\n<p><strong>Gr\u00f6\u00dfe: <\/strong> bis 1,90 m<\/p>\n\n\n\n<p><strong>Lebensraum:<\/strong> Freiwasser in Riffn\u00e4he oder \u00fcber Sandb\u00f6den<\/p>\n\n\n\n<p><strong>Vorkommen:  <\/strong>in allen tropischen und subtropischen Bereichen des Pazifik und des Atlantik einschlie\u00dflich der Nebenmeere<\/p>\n\n\n\n<p><strong>Erkennungsmerkmale:<\/strong> Grundfarbe silbern; schwarzer Streifen vom Maul \u00fcber das Auge bis zum R\u00fccken<\/p>\n\n\n\n<p><strong>Biologie &amp; Verhalten: <\/strong> Die Gro\u00dfe Bernsteinmakrele jagt \u00fcberwiegend Fische, darunter auch andere Makrelen, wie z.B. die Gro\u00dfaugen-Makrele. Juvenile Tiere treiben oft mit Algen, oder anderen schwimmenden Gegenst\u00e4nden im Freiwasser.<\/p>\n\n\n\n<p><strong>Bedrohungsstatus:<\/strong> Die Art wird auf der Roten Liste der IUCN als <mark style=\"background-color:rgba(0, 0, 0, 0)\" class=\"has-inline-color has-vivid-green-cyan-color\">\u201enicht gef\u00e4hrdet\u201c<\/mark> gef\u00fchrt.<\/p>\n\n\n\n<p><mark style=\"background-color:rgba(0, 0, 0, 0)\" class=\"has-inline-color has-vivid-red-color\"><strong>Gefahr:<\/strong> Wie bei fast allen J\u00e4gern am Ende der Nahrungskette besteht bei Verzehr die Gefahr einer ciguatoxischen Vergiftung.<\/mark><\/p>\n\n\n\n<hr class=\"wp-block-separator has-alpha-channel-opacity is-style-default\"\/>\n\n\n\n<p><\/p>\n","protected":false},"excerpt":{"rendered":"<p>Gro\u00dfe Bernsteinmakrele Greater amberjack Seriola dumerili Gr\u00f6\u00dfe: bis 1,90 m Lebensraum: Freiwasser in Riffn\u00e4he oder \u00fcber Sandb\u00f6den Vorkommen: in allen tropischen und subtropischen Bereichen des Pazifik und des Atlantik einschlie\u00dflich der Nebenmeere Erkennungsmerkmale: Grundfarbe silbern; schwarzer Streifen vom Maul \u00fcber das Auge bis zum R\u00fccken Biologie &amp; Verhalten: Die Gro\u00dfe Bernsteinmakrele jagt \u00fcberwiegend Fische, darunter &hellip; <\/p>\n<p class=\"link-more\"><a href=\"https:\/\/alles-ueber-riffe.de\/?page_id=5941\" class=\"more-link\"><span class=\"screen-reader-text\">\u201eGro\u00dfe Bernsteinmakrele\u201c<\/span> weiterlesen<\/a><\/p>\n","protected":false},"author":1,"featured_media":0,"parent":0,"menu_order":0,"comment_status":"closed","ping_status":"closed","template":"","meta":{"footnotes":""},"class_list":["post-5941","page","type-page","status-publish","hentry"],"_links":{"self":[{"href":"https:\/\/alles-ueber-riffe.de\/index.php?rest_route=\/wp\/v2\/pages\/5941","targetHints":{"allow":["GET"]}}],"collection":[{"href":"https:\/\/alles-ueber-riffe.de\/index.php?rest_route=\/wp\/v2\/pages"}],"about":[{"href":"https:\/\/alles-ueber-riffe.de\/index.php?rest_route=\/wp\/v2\/types\/page"}],"author":[{"embeddable":true,"href":"https:\/\/alles-ueber-riffe.de\/index.php?rest_route=\/wp\/v2\/users\/1"}],"replies":[{"embeddable":true,"href":"https:\/\/alles-ueber-riffe.de\/index.php?rest_route=%2Fwp%2Fv2%2Fcomments&post=5941"}],"version-history":[{"count":8,"href":"https:\/\/alles-ueber-riffe.de\/index.php?rest_route=\/wp\/v2\/pages\/5941\/revisions"}],"predecessor-version":[{"id":10123,"href":"https:\/\/alles-ueber-riffe.de\/index.php?rest_route=\/wp\/v2\/pages\/5941\/revisions\/10123"}],"wp:attachment":[{"href":"https:\/\/alles-ueber-riffe.de\/index.php?rest_route=%2Fwp%2Fv2%2Fmedia&parent=5941"}],"curies":[{"name":"wp","href":"https:\/\/api.w.org\/{rel}","templated":true}]}}