{"id":5938,"date":"2025-01-08T22:37:56","date_gmt":"2025-01-08T22:37:56","guid":{"rendered":"https:\/\/alles-ueber-riffe.de\/?page_id=5938"},"modified":"2025-02-24T21:39:23","modified_gmt":"2025-02-24T21:39:23","slug":"grossaugen-makrele","status":"publish","type":"page","link":"https:\/\/alles-ueber-riffe.de\/?page_id=5938","title":{"rendered":"Gro\u00dfaugen-Makrele"},"content":{"rendered":"\n<div class=\"wp-block-group is-vertical is-layout-flex wp-container-core-group-is-layout-8cf370e7 wp-block-group-is-layout-flex\">\n<p><strong>Gro\u00dfaugen-Makrele<\/strong><\/p>\n\n\n\n<p>Bigeye trevally<\/p>\n\n\n\n<p><em>Caranx sexfasciatus<\/em><\/p>\n<\/div>\n\n\n\n<div style=\"height:30px\" aria-hidden=\"true\" class=\"wp-block-spacer\"><\/div>\n\n\n\n<figure class=\"wp-block-video\"><video height=\"576\" style=\"aspect-ratio: 1024 \/ 576;\" width=\"1024\" controls src=\"https:\/\/alles-ueber-riffe.de\/wp-content\/uploads\/2025\/02\/Grossaugen-Makrele.mp4\"><\/video><figcaption class=\"wp-element-caption\">\u00a9 Heinz Krimmer<\/figcaption><\/figure>\n\n\n\n<hr class=\"wp-block-separator has-alpha-channel-opacity is-style-default\"\/>\n\n\n\n<p><strong>Gr\u00f6\u00dfe: <\/strong> bis 90 cm<\/p>\n\n\n\n<p><strong>Lebensraum:<\/strong> Freiwasser in Riffn\u00e4he oder \u00fcber Sandb\u00f6den<\/p>\n\n\n\n<p><strong>Vorkommen:  <\/strong>im ganzen tropischen Bereich des Pazifik einschlie\u00dflich der Nebenmeere<\/p>\n\n\n\n<p><strong>Erkennungsmerkmale:<\/strong> Grundfarbe silbern; schwarzer, kleiner Punkt am oberen Kiemendeckel; gro\u00dfes Auge<\/p>\n\n\n\n<p><strong>Biologie &amp; Verhalten: <\/strong> Sieht man zwei Gro\u00dfaugen-Makrelen dicht nebeneinander schwimmen und eine davon ist schwarz, dann pflanzen sie sich fort, denn das M\u00e4nnchen \u00e4ndert bei der Paarung seine Farbe.<\/p>\n\n\n\n<p>Normalerweise sieht man Gro\u00dfaugen-Makrelen aber in gro\u00dfen Schw\u00e4rmen. Sie sind nicht besonders scheu und bilden auch gerne einen Kreis um die Taucher. Wer sich dann unter einer solchen Formation befindet und eine Kamera dabei hat, hat das perfekte Bild.<\/p>\n\n\n\n<p>Gro\u00dfaugen-Makrelen sind nachtaktive J\u00e4ger.<\/p>\n\n\n\n<p><strong>Bedrohungsstatus:<\/strong> Die Art wird auf der Roten Liste der IUCN als <mark style=\"background-color:rgba(0, 0, 0, 0)\" class=\"has-inline-color has-vivid-green-cyan-color\">\u201enicht gef\u00e4hrdet\u201c<\/mark> gef\u00fchrt.<\/p>\n\n\n\n<hr class=\"wp-block-separator has-alpha-channel-opacity is-style-default\"\/>\n\n\n\n<p><\/p>\n","protected":false},"excerpt":{"rendered":"<p>Gro\u00dfaugen-Makrele Bigeye trevally Caranx sexfasciatus Gr\u00f6\u00dfe: bis 90 cm Lebensraum: Freiwasser in Riffn\u00e4he oder \u00fcber Sandb\u00f6den Vorkommen: im ganzen tropischen Bereich des Pazifik einschlie\u00dflich der Nebenmeere Erkennungsmerkmale: Grundfarbe silbern; schwarzer, kleiner Punkt am oberen Kiemendeckel; gro\u00dfes Auge Biologie &amp; Verhalten: Sieht man zwei Gro\u00dfaugen-Makrelen dicht nebeneinander schwimmen und eine davon ist schwarz, dann pflanzen sie &hellip; <\/p>\n<p class=\"link-more\"><a href=\"https:\/\/alles-ueber-riffe.de\/?page_id=5938\" class=\"more-link\"><span class=\"screen-reader-text\">\u201eGro\u00dfaugen-Makrele\u201c<\/span> weiterlesen<\/a><\/p>\n","protected":false},"author":1,"featured_media":0,"parent":0,"menu_order":0,"comment_status":"closed","ping_status":"closed","template":"","meta":{"footnotes":""},"class_list":["post-5938","page","type-page","status-publish","hentry"],"_links":{"self":[{"href":"https:\/\/alles-ueber-riffe.de\/index.php?rest_route=\/wp\/v2\/pages\/5938","targetHints":{"allow":["GET"]}}],"collection":[{"href":"https:\/\/alles-ueber-riffe.de\/index.php?rest_route=\/wp\/v2\/pages"}],"about":[{"href":"https:\/\/alles-ueber-riffe.de\/index.php?rest_route=\/wp\/v2\/types\/page"}],"author":[{"embeddable":true,"href":"https:\/\/alles-ueber-riffe.de\/index.php?rest_route=\/wp\/v2\/users\/1"}],"replies":[{"embeddable":true,"href":"https:\/\/alles-ueber-riffe.de\/index.php?rest_route=%2Fwp%2Fv2%2Fcomments&post=5938"}],"version-history":[{"count":4,"href":"https:\/\/alles-ueber-riffe.de\/index.php?rest_route=\/wp\/v2\/pages\/5938\/revisions"}],"predecessor-version":[{"id":10115,"href":"https:\/\/alles-ueber-riffe.de\/index.php?rest_route=\/wp\/v2\/pages\/5938\/revisions\/10115"}],"wp:attachment":[{"href":"https:\/\/alles-ueber-riffe.de\/index.php?rest_route=%2Fwp%2Fv2%2Fmedia&parent=5938"}],"curies":[{"name":"wp","href":"https:\/\/api.w.org\/{rel}","templated":true}]}}