{"id":5935,"date":"2025-01-08T22:37:46","date_gmt":"2025-01-08T22:37:46","guid":{"rendered":"https:\/\/alles-ueber-riffe.de\/?page_id=5935"},"modified":"2025-02-25T17:16:41","modified_gmt":"2025-02-25T17:16:41","slug":"goldstreifen-heringsmakrele","status":"publish","type":"page","link":"https:\/\/alles-ueber-riffe.de\/?page_id=5935","title":{"rendered":"Goldstreifen-Heringsmakrele"},"content":{"rendered":"\n<div class=\"wp-block-group is-vertical is-layout-flex wp-container-core-group-is-layout-8cf370e7 wp-block-group-is-layout-flex\">\n<p><strong>Goldstreifen-Heringsmakrele<\/strong><\/p>\n\n\n\n<p>Yellostripe scad<\/p>\n\n\n\n<p><em>Selaroides leptolepis<\/em><\/p>\n<\/div>\n\n\n\n<div style=\"height:30px\" aria-hidden=\"true\" class=\"wp-block-spacer\"><\/div>\n\n\n\n<figure class=\"wp-block-video\"><video height=\"576\" style=\"aspect-ratio: 1024 \/ 576;\" width=\"1024\" controls src=\"https:\/\/alles-ueber-riffe.de\/wp-content\/uploads\/2025\/02\/Goldstreifen-Heringsmakrele-Kopie.mp4\"><\/video><figcaption class=\"wp-element-caption\">\u00a9 Heinz Krimmer<\/figcaption><\/figure>\n\n\n\n<hr class=\"wp-block-separator has-alpha-channel-opacity is-style-default\"\/>\n\n\n\n<p><strong>Gr\u00f6\u00dfe: <\/strong> bis 22 cm<\/p>\n\n\n\n<p><strong>Lebensraum:<\/strong> Freiwasser in Riffn\u00e4he oder \u00fcber Sandb\u00f6den<\/p>\n\n\n\n<p><strong>Vorkommen:  <\/strong>Persischer Golf, Malediven, ganz S\u00fcdostasien, Vietnam, S\u00fcdjapan, Nordaustralien<\/p>\n\n\n\n<p><strong>Erkennungsmerkmale:<\/strong> Grundfarbe silbern mit einem breiten, goldgelben L\u00e4ngsstreifen<\/p>\n\n\n\n<p><strong>Biologie &amp; Verhalten: <\/strong> Bei Stachelmakrelen denkt als erstes an gro\u00dfe Raubfische, aber die Goldstreifen-Makrele zeigt, dass das nicht unbedingt so sein muss.<\/p>\n\n\n\n<p>Auf Grund ihrer Gr\u00f6\u00dfe und dem Vorkommen in gr\u00f6\u00dferen Schw\u00e4rmen, wird die Goldstreifen-Heringsmakrele auch oft mit der Goldstreifen-Sardine verwechselt, die im gleichen Verbreitungsgebiet vorkommt. Der goldgelbe Streifen ist aber bei der Goldstreifen-Heringsmakrele deutlicher ausgepr\u00e4gt.<\/p>\n\n\n\n<p>Fressen Schnecken, Leuchtgarnelen und Muschelkrebse.<\/p>\n\n\n\n<p><strong>Bedrohungsstatus:<\/strong> Die Art wird auf der Roten Liste der IUCN als <mark style=\"background-color:rgba(0, 0, 0, 0)\" class=\"has-inline-color has-vivid-green-cyan-color\">\u201enicht gef\u00e4hrdet\u201c<\/mark> gef\u00fchrt.<\/p>\n\n\n\n<hr class=\"wp-block-separator has-alpha-channel-opacity is-style-default\"\/>\n\n\n\n<p><\/p>\n","protected":false},"excerpt":{"rendered":"<p>Goldstreifen-Heringsmakrele Yellostripe scad Selaroides leptolepis Gr\u00f6\u00dfe: bis 22 cm Lebensraum: Freiwasser in Riffn\u00e4he oder \u00fcber Sandb\u00f6den Vorkommen: Persischer Golf, Malediven, ganz S\u00fcdostasien, Vietnam, S\u00fcdjapan, Nordaustralien Erkennungsmerkmale: Grundfarbe silbern mit einem breiten, goldgelben L\u00e4ngsstreifen Biologie &amp; Verhalten: Bei Stachelmakrelen denkt als erstes an gro\u00dfe Raubfische, aber die Goldstreifen-Makrele zeigt, dass das nicht unbedingt so sein muss. &hellip; <\/p>\n<p class=\"link-more\"><a href=\"https:\/\/alles-ueber-riffe.de\/?page_id=5935\" class=\"more-link\"><span class=\"screen-reader-text\">\u201eGoldstreifen-Heringsmakrele\u201c<\/span> weiterlesen<\/a><\/p>\n","protected":false},"author":1,"featured_media":0,"parent":0,"menu_order":0,"comment_status":"closed","ping_status":"closed","template":"","meta":{"footnotes":""},"class_list":["post-5935","page","type-page","status-publish","hentry"],"_links":{"self":[{"href":"https:\/\/alles-ueber-riffe.de\/index.php?rest_route=\/wp\/v2\/pages\/5935","targetHints":{"allow":["GET"]}}],"collection":[{"href":"https:\/\/alles-ueber-riffe.de\/index.php?rest_route=\/wp\/v2\/pages"}],"about":[{"href":"https:\/\/alles-ueber-riffe.de\/index.php?rest_route=\/wp\/v2\/types\/page"}],"author":[{"embeddable":true,"href":"https:\/\/alles-ueber-riffe.de\/index.php?rest_route=\/wp\/v2\/users\/1"}],"replies":[{"embeddable":true,"href":"https:\/\/alles-ueber-riffe.de\/index.php?rest_route=%2Fwp%2Fv2%2Fcomments&post=5935"}],"version-history":[{"count":6,"href":"https:\/\/alles-ueber-riffe.de\/index.php?rest_route=\/wp\/v2\/pages\/5935\/revisions"}],"predecessor-version":[{"id":10130,"href":"https:\/\/alles-ueber-riffe.de\/index.php?rest_route=\/wp\/v2\/pages\/5935\/revisions\/10130"}],"wp:attachment":[{"href":"https:\/\/alles-ueber-riffe.de\/index.php?rest_route=%2Fwp%2Fv2%2Fmedia&parent=5935"}],"curies":[{"name":"wp","href":"https:\/\/api.w.org\/{rel}","templated":true}]}}