{"id":5930,"date":"2025-01-08T22:37:26","date_gmt":"2025-01-08T22:37:26","guid":{"rendered":"https:\/\/alles-ueber-riffe.de\/?page_id=5930"},"modified":"2025-02-24T20:56:32","modified_gmt":"2025-02-24T20:56:32","slug":"flecken-pompano","status":"publish","type":"page","link":"https:\/\/alles-ueber-riffe.de\/?page_id=5930","title":{"rendered":"Flecken-Pompano"},"content":{"rendered":"\n<div class=\"wp-block-group is-vertical is-layout-flex wp-container-core-group-is-layout-8cf370e7 wp-block-group-is-layout-flex\">\n<p><strong>Flecken-Pompano<\/strong><\/p>\n\n\n\n<p>Small spotted dart<\/p>\n\n\n\n<p><em>Trachinotus baillonii<\/em><\/p>\n<\/div>\n\n\n\n<div style=\"height:30px\" aria-hidden=\"true\" class=\"wp-block-spacer\"><\/div>\n\n\n\n<figure class=\"wp-block-image size-full\"><img loading=\"lazy\" decoding=\"async\" width=\"1024\" height=\"768\" src=\"https:\/\/alles-ueber-riffe.de\/wp-content\/uploads\/2025\/02\/Flecken-Pompano_1024x768.jpg\" alt=\"\" class=\"wp-image-10071\" srcset=\"https:\/\/alles-ueber-riffe.de\/wp-content\/uploads\/2025\/02\/Flecken-Pompano_1024x768.jpg 1024w, https:\/\/alles-ueber-riffe.de\/wp-content\/uploads\/2025\/02\/Flecken-Pompano_1024x768-300x225.jpg 300w, https:\/\/alles-ueber-riffe.de\/wp-content\/uploads\/2025\/02\/Flecken-Pompano_1024x768-768x576.jpg 768w\" sizes=\"auto, (max-width: 767px) 89vw, (max-width: 1000px) 54vw, (max-width: 1071px) 543px, 580px\" \/><figcaption class=\"wp-element-caption\">\u00a9 Heinz Krimmer<\/figcaption><\/figure>\n\n\n\n<hr class=\"wp-block-separator has-alpha-channel-opacity is-style-default\"\/>\n\n\n\n<p><strong>Gr\u00f6\u00dfe: <\/strong> bis 60 cm<\/p>\n\n\n\n<p><strong>Lebensraum:<\/strong> Freiwasser oft auch in Riffn\u00e4he; meistens an der Oberfl\u00e4che zu finden<\/p>\n\n\n\n<p><strong>Vorkommen:  <\/strong>von Ostafrika, Rotes Meer, Oman, Malediven, ganz S\u00fcdostasien, Vietnam, S\u00fcdjapan, Nordaustralien, Papua-Neuguinea, Ozeanien bis Franz\u00f6sisch-Polynesien<\/p>\n\n\n\n<p><strong>Erkennungsmerkmale:<\/strong> Grundfarbe silbern; bis zu f\u00fcnf dunkle Punkte in der K\u00f6rpermitte; schwarze Flossens\u00e4ume<\/p>\n\n\n\n<p><strong>Biologie &amp; Verhalten: <\/strong> Sind in kleinen Gruppen an der Wasseroberfl\u00e4che und auch im ganz flachen Bereich unterwegs. Sie jagen kleine Fische.<\/p>\n\n\n\n<p><strong>Bedrohungsstatus:<\/strong> Die Art wird auf der Roten Liste der IUCN als <mark style=\"background-color:rgba(0, 0, 0, 0)\" class=\"has-inline-color has-vivid-green-cyan-color\">\u201enicht gef\u00e4hrdet\u201c<\/mark> gef\u00fchrt.<\/p>\n\n\n\n<hr class=\"wp-block-separator has-alpha-channel-opacity is-style-default\"\/>\n\n\n\n<p><\/p>\n","protected":false},"excerpt":{"rendered":"<p>Flecken-Pompano Small spotted dart Trachinotus baillonii Gr\u00f6\u00dfe: bis 60 cm Lebensraum: Freiwasser oft auch in Riffn\u00e4he; meistens an der Oberfl\u00e4che zu finden Vorkommen: von Ostafrika, Rotes Meer, Oman, Malediven, ganz S\u00fcdostasien, Vietnam, S\u00fcdjapan, Nordaustralien, Papua-Neuguinea, Ozeanien bis Franz\u00f6sisch-Polynesien Erkennungsmerkmale: Grundfarbe silbern; bis zu f\u00fcnf dunkle Punkte in der K\u00f6rpermitte; schwarze Flossens\u00e4ume Biologie &amp; Verhalten: Sind &hellip; <\/p>\n<p class=\"link-more\"><a href=\"https:\/\/alles-ueber-riffe.de\/?page_id=5930\" class=\"more-link\"><span class=\"screen-reader-text\">\u201eFlecken-Pompano\u201c<\/span> weiterlesen<\/a><\/p>\n","protected":false},"author":1,"featured_media":0,"parent":0,"menu_order":0,"comment_status":"closed","ping_status":"closed","template":"","meta":{"footnotes":""},"class_list":["post-5930","page","type-page","status-publish","hentry"],"_links":{"self":[{"href":"https:\/\/alles-ueber-riffe.de\/index.php?rest_route=\/wp\/v2\/pages\/5930","targetHints":{"allow":["GET"]}}],"collection":[{"href":"https:\/\/alles-ueber-riffe.de\/index.php?rest_route=\/wp\/v2\/pages"}],"about":[{"href":"https:\/\/alles-ueber-riffe.de\/index.php?rest_route=\/wp\/v2\/types\/page"}],"author":[{"embeddable":true,"href":"https:\/\/alles-ueber-riffe.de\/index.php?rest_route=\/wp\/v2\/users\/1"}],"replies":[{"embeddable":true,"href":"https:\/\/alles-ueber-riffe.de\/index.php?rest_route=%2Fwp%2Fv2%2Fcomments&post=5930"}],"version-history":[{"count":5,"href":"https:\/\/alles-ueber-riffe.de\/index.php?rest_route=\/wp\/v2\/pages\/5930\/revisions"}],"predecessor-version":[{"id":10074,"href":"https:\/\/alles-ueber-riffe.de\/index.php?rest_route=\/wp\/v2\/pages\/5930\/revisions\/10074"}],"wp:attachment":[{"href":"https:\/\/alles-ueber-riffe.de\/index.php?rest_route=%2Fwp%2Fv2%2Fmedia&parent=5930"}],"curies":[{"name":"wp","href":"https:\/\/api.w.org\/{rel}","templated":true}]}}