{"id":5928,"date":"2025-01-08T22:37:17","date_gmt":"2025-01-08T22:37:17","guid":{"rendered":"https:\/\/alles-ueber-riffe.de\/?page_id=5928"},"modified":"2025-02-24T21:13:11","modified_gmt":"2025-02-24T21:13:11","slug":"dickkopf-stachelmakrele","status":"publish","type":"page","link":"https:\/\/alles-ueber-riffe.de\/?page_id=5928","title":{"rendered":"Dickkopf-Stachelmakrele"},"content":{"rendered":"\n<div class=\"wp-block-group is-vertical is-layout-flex wp-container-core-group-is-layout-8cf370e7 wp-block-group-is-layout-flex\">\n<p><strong>Dickkopf-Stachelmakrele<\/strong><\/p>\n\n\n\n<p>Giant trevally<\/p>\n\n\n\n<p><em>Caranx ignobilis<\/em><\/p>\n<\/div>\n\n\n\n<div style=\"height:30px\" aria-hidden=\"true\" class=\"wp-block-spacer\"><\/div>\n\n\n\n<figure class=\"wp-block-video\"><video height=\"576\" style=\"aspect-ratio: 1024 \/ 576;\" width=\"1024\" controls src=\"https:\/\/alles-ueber-riffe.de\/wp-content\/uploads\/2025\/02\/Dickkopf-Stachelmakrele.mp4\"><\/video><figcaption class=\"wp-element-caption\">\u00a9 Heinz Krimmer<\/figcaption><\/figure>\n\n\n\n<hr class=\"wp-block-separator has-alpha-channel-opacity is-style-default\"\/>\n\n\n\n<p><strong>Gr\u00f6\u00dfe: <\/strong> bis 1,70 m<\/p>\n\n\n\n<p><strong>Lebensraum:<\/strong> Freiwasser; adulte Tiere suchen oft einzeln Riffe oder Lagunen auf<\/p>\n\n\n\n<p><strong>Vorkommen:  <\/strong>von Ostafrika, Rotes Meer, Oman, Malediven, ganz S\u00fcdostasien, Vietnam, S\u00fcdjapan, Nordaustralien, Papua-Neuguinea, Ozeanien bis Hawaii<\/p>\n\n\n\n<p><strong>Erkennungsmerkmale:<\/strong> Grundfarbe silbern; hoher R\u00fccken und steile Stirn<\/p>\n\n\n\n<p><strong>Biologie &amp; Verhalten: <\/strong> In Hawaii beobachteten Biologen, dass sich die Dickkopf-Stachelmakrele mit der Blauflossen-Makrele paart. Ob die daraus entstandenen Hypriden fortpflanzungsf\u00e4hig sind ist unbekannt.<\/p>\n\n\n\n<p>Adulte Dickkopf-Stachelmakrelen sind Einzelg\u00e4nger. Nachtaktiver J\u00e4ger. Sie fressen Krebse, Langusten und Fische.<\/p>\n\n\n\n<p><strong>Bedrohungsstatus:<\/strong> Die Art wird auf der Roten Liste der IUCN als <mark style=\"background-color:rgba(0, 0, 0, 0)\" class=\"has-inline-color has-vivid-green-cyan-color\">\u201enicht gef\u00e4hrdet\u201c<\/mark> gef\u00fchrt.<\/p>\n\n\n\n<p><strong>Gefahr:<\/strong> Wie bei fast allen J\u00e4gern am Ende der Nahrungskette besteht bei Verzehr die Gefahr einer ciguatoxischen Vergiftung.<\/p>\n\n\n\n<hr class=\"wp-block-separator has-alpha-channel-opacity is-style-default\"\/>\n\n\n\n<p><\/p>\n","protected":false},"excerpt":{"rendered":"<p>Dickkopf-Stachelmakrele Giant trevally Caranx ignobilis Gr\u00f6\u00dfe: bis 1,70 m Lebensraum: Freiwasser; adulte Tiere suchen oft einzeln Riffe oder Lagunen auf Vorkommen: von Ostafrika, Rotes Meer, Oman, Malediven, ganz S\u00fcdostasien, Vietnam, S\u00fcdjapan, Nordaustralien, Papua-Neuguinea, Ozeanien bis Hawaii Erkennungsmerkmale: Grundfarbe silbern; hoher R\u00fccken und steile Stirn Biologie &amp; Verhalten: In Hawaii beobachteten Biologen, dass sich die Dickkopf-Stachelmakrele &hellip; <\/p>\n<p class=\"link-more\"><a href=\"https:\/\/alles-ueber-riffe.de\/?page_id=5928\" class=\"more-link\"><span class=\"screen-reader-text\">\u201eDickkopf-Stachelmakrele\u201c<\/span> weiterlesen<\/a><\/p>\n","protected":false},"author":1,"featured_media":0,"parent":0,"menu_order":0,"comment_status":"closed","ping_status":"closed","template":"","meta":{"footnotes":""},"class_list":["post-5928","page","type-page","status-publish","hentry"],"_links":{"self":[{"href":"https:\/\/alles-ueber-riffe.de\/index.php?rest_route=\/wp\/v2\/pages\/5928","targetHints":{"allow":["GET"]}}],"collection":[{"href":"https:\/\/alles-ueber-riffe.de\/index.php?rest_route=\/wp\/v2\/pages"}],"about":[{"href":"https:\/\/alles-ueber-riffe.de\/index.php?rest_route=\/wp\/v2\/types\/page"}],"author":[{"embeddable":true,"href":"https:\/\/alles-ueber-riffe.de\/index.php?rest_route=\/wp\/v2\/users\/1"}],"replies":[{"embeddable":true,"href":"https:\/\/alles-ueber-riffe.de\/index.php?rest_route=%2Fwp%2Fv2%2Fcomments&post=5928"}],"version-history":[{"count":4,"href":"https:\/\/alles-ueber-riffe.de\/index.php?rest_route=\/wp\/v2\/pages\/5928\/revisions"}],"predecessor-version":[{"id":10088,"href":"https:\/\/alles-ueber-riffe.de\/index.php?rest_route=\/wp\/v2\/pages\/5928\/revisions\/10088"}],"wp:attachment":[{"href":"https:\/\/alles-ueber-riffe.de\/index.php?rest_route=%2Fwp%2Fv2%2Fmedia&parent=5928"}],"curies":[{"name":"wp","href":"https:\/\/api.w.org\/{rel}","templated":true}]}}