{"id":5926,"date":"2025-01-08T22:37:08","date_gmt":"2025-01-08T22:37:08","guid":{"rendered":"https:\/\/alles-ueber-riffe.de\/?page_id=5926"},"modified":"2025-02-24T21:08:11","modified_gmt":"2025-02-24T21:08:11","slug":"blauflossen-stachelmakrele","status":"publish","type":"page","link":"https:\/\/alles-ueber-riffe.de\/?page_id=5926","title":{"rendered":"Blauflossen-Stachelmakrele"},"content":{"rendered":"\n<div class=\"wp-block-group is-vertical is-layout-flex wp-container-core-group-is-layout-8cf370e7 wp-block-group-is-layout-flex\">\n<p><strong>Blauflossen-Stachelmakrele<\/strong><\/p>\n\n\n\n<p>Bluefin trevally<\/p>\n\n\n\n<p><em>Caranx melampygus<\/em><\/p>\n<\/div>\n\n\n\n<div style=\"height:30px\" aria-hidden=\"true\" class=\"wp-block-spacer\"><\/div>\n\n\n\n<figure class=\"wp-block-video\"><video height=\"576\" style=\"aspect-ratio: 1024 \/ 576;\" width=\"1024\" controls src=\"https:\/\/alles-ueber-riffe.de\/wp-content\/uploads\/2025\/02\/Blauflossen-Stachelmakrele.mp4\"><\/video><figcaption class=\"wp-element-caption\">\u00a9 Heinz Krimmer<\/figcaption><\/figure>\n\n\n\n<hr class=\"wp-block-separator has-alpha-channel-opacity is-style-default\"\/>\n\n\n\n<p><strong>Gr\u00f6\u00dfe: <\/strong> bis 1,17 m<\/p>\n\n\n\n<p><strong>Lebensraum:<\/strong> Freiwasser in der N\u00e4he von Korallen- und Felsenriffen, Juvenile auch oft im Brackwasser von Flussm\u00fcndungen<\/p>\n\n\n\n<p><strong>Vorkommen:  <\/strong>im gesamten tropischen Pazifik einschlie\u00dflich der Nebenmeere<\/p>\n\n\n\n<p><strong>Erkennungsmerkmale:<\/strong> Grundfarbe silbern; zahlreich kleine, dunkle und blaue Punkte; blaue Flossen<\/p>\n\n\n\n<p><strong>Biologie &amp; Verhalten: <\/strong> Sehr h\u00e4ufige Art, die meistens in kleinen Gruppen im Riff unterwegs ist. Sie schwimmen scheinbar harmlos und uninteressiert zwischen ihren Beutefischen wie z.B. F\u00fcsilieren herum und starten pl\u00f6tzlich, wie aus dem nichts heraus, ihren Angriff.<\/p>\n\n\n\n<p>In Hawaii beobachteten Biologen, dass sich die Dickkopf-Stachelmakrele mit der Blauflossen-Makrele paart. Ob die daraus entstandenen Hypriden fortpflanzungsf\u00e4hig sind ist unbekannt.<\/p>\n\n\n\n<p><strong>Bedrohungsstatus:<\/strong> Die Art wird auf der Roten Liste der IUCN als <mark style=\"background-color:rgba(0, 0, 0, 0)\" class=\"has-inline-color has-vivid-green-cyan-color\">\u201enicht gef\u00e4hrdet\u201c<\/mark> gef\u00fchrt.<\/p>\n\n\n\n<p><mark style=\"background-color:rgba(0, 0, 0, 0)\" class=\"has-inline-color has-vivid-red-color\"><strong>Gefahr:<\/strong> Wie bei fast allen J\u00e4gern am Ende der Nahrungskette besteht bei Verzehr die Gefahr einer ciguatoxischen Vergiftung.<\/mark><\/p>\n\n\n\n<hr class=\"wp-block-separator has-alpha-channel-opacity is-style-default\"\/>\n\n\n\n<p><\/p>\n","protected":false},"excerpt":{"rendered":"<p>Blauflossen-Stachelmakrele Bluefin trevally Caranx melampygus Gr\u00f6\u00dfe: bis 1,17 m Lebensraum: Freiwasser in der N\u00e4he von Korallen- und Felsenriffen, Juvenile auch oft im Brackwasser von Flussm\u00fcndungen Vorkommen: im gesamten tropischen Pazifik einschlie\u00dflich der Nebenmeere Erkennungsmerkmale: Grundfarbe silbern; zahlreich kleine, dunkle und blaue Punkte; blaue Flossen Biologie &amp; Verhalten: Sehr h\u00e4ufige Art, die meistens in kleinen Gruppen &hellip; <\/p>\n<p class=\"link-more\"><a href=\"https:\/\/alles-ueber-riffe.de\/?page_id=5926\" class=\"more-link\"><span class=\"screen-reader-text\">\u201eBlauflossen-Stachelmakrele\u201c<\/span> weiterlesen<\/a><\/p>\n","protected":false},"author":1,"featured_media":0,"parent":0,"menu_order":0,"comment_status":"closed","ping_status":"closed","template":"","meta":{"footnotes":""},"class_list":["post-5926","page","type-page","status-publish","hentry"],"_links":{"self":[{"href":"https:\/\/alles-ueber-riffe.de\/index.php?rest_route=\/wp\/v2\/pages\/5926","targetHints":{"allow":["GET"]}}],"collection":[{"href":"https:\/\/alles-ueber-riffe.de\/index.php?rest_route=\/wp\/v2\/pages"}],"about":[{"href":"https:\/\/alles-ueber-riffe.de\/index.php?rest_route=\/wp\/v2\/types\/page"}],"author":[{"embeddable":true,"href":"https:\/\/alles-ueber-riffe.de\/index.php?rest_route=\/wp\/v2\/users\/1"}],"replies":[{"embeddable":true,"href":"https:\/\/alles-ueber-riffe.de\/index.php?rest_route=%2Fwp%2Fv2%2Fcomments&post=5926"}],"version-history":[{"count":6,"href":"https:\/\/alles-ueber-riffe.de\/index.php?rest_route=\/wp\/v2\/pages\/5926\/revisions"}],"predecessor-version":[{"id":10084,"href":"https:\/\/alles-ueber-riffe.de\/index.php?rest_route=\/wp\/v2\/pages\/5926\/revisions\/10084"}],"wp:attachment":[{"href":"https:\/\/alles-ueber-riffe.de\/index.php?rest_route=%2Fwp%2Fv2%2Fmedia&parent=5926"}],"curies":[{"name":"wp","href":"https:\/\/api.w.org\/{rel}","templated":true}]}}