{"id":5920,"date":"2025-01-08T22:36:49","date_gmt":"2025-01-08T22:36:49","guid":{"rendered":"https:\/\/alles-ueber-riffe.de\/?page_id=5920"},"modified":"2025-02-24T20:46:14","modified_gmt":"2025-02-24T20:46:14","slug":"faecherfisch","status":"publish","type":"page","link":"https:\/\/alles-ueber-riffe.de\/?page_id=5920","title":{"rendered":"F\u00e4cherfisch"},"content":{"rendered":"\n<div class=\"wp-block-group is-vertical is-layout-flex wp-container-core-group-is-layout-8cf370e7 wp-block-group-is-layout-flex\">\n<p><strong>F\u00e4cherfisch<\/strong><\/p>\n\n\n\n<p>Indo-Pacific sailfish<\/p>\n\n\n\n<p><em>Istiophorus platypterus<\/em><\/p>\n<\/div>\n\n\n\n<div style=\"height:30px\" aria-hidden=\"true\" class=\"wp-block-spacer\"><\/div>\n\n\n\n<figure class=\"wp-block-image size-full\"><img loading=\"lazy\" decoding=\"async\" width=\"1024\" height=\"768\" src=\"https:\/\/alles-ueber-riffe.de\/wp-content\/uploads\/2025\/02\/Faecherfisch_1024x768.jpg\" alt=\"\" class=\"wp-image-10060\" srcset=\"https:\/\/alles-ueber-riffe.de\/wp-content\/uploads\/2025\/02\/Faecherfisch_1024x768.jpg 1024w, https:\/\/alles-ueber-riffe.de\/wp-content\/uploads\/2025\/02\/Faecherfisch_1024x768-300x225.jpg 300w, https:\/\/alles-ueber-riffe.de\/wp-content\/uploads\/2025\/02\/Faecherfisch_1024x768-768x576.jpg 768w\" sizes=\"auto, (max-width: 767px) 89vw, (max-width: 1000px) 54vw, (max-width: 1071px) 543px, 580px\" \/><figcaption class=\"wp-element-caption\">\u00a9 Heinz Krimmer<\/figcaption><\/figure>\n\n\n\n<hr class=\"wp-block-separator has-alpha-channel-opacity is-style-default\"\/>\n\n\n\n<p><strong>Gr\u00f6\u00dfe: <\/strong> bis 3,48 m<\/p>\n\n\n\n<p><strong>Lebensraum:<\/strong> Freiwasser; taucht ab und zu in der N\u00e4he von Riffen auf<\/p>\n\n\n\n<p><strong>Vorkommen:  <\/strong>im gesamten subtropischen und tropischen Pazifik einschlie\u00dflich der Nebenmeere; \u00fcber den Suezkanal in das Mittelmeer eingewandert<\/p>\n\n\n\n<p><strong>Erkennungsmerkmale:<\/strong> R\u00fccken und Flossen dunkelblau; bis ca. 20 schmale dunkle Querb\u00e4nder; Bauch silbern; sehr gro\u00dfe erste R\u00fcckenflosse; Bauchflossen extrem lang<\/p>\n\n\n\n<p><strong>Biologie &amp; Verhalten: <\/strong> Mit einer H\u00f6chstgeschwindigkeit von bis zu 110 km\/h gilt der F\u00e4cherfisch als der schnellste Fisch. Sie jagen Schwarmfische wie Makrelen, Sardinen usw.. Interessant ist, dass sie bei der Jagd zusammen arbeiten und sogar mit Hilfe ihrer R\u00fcckenflosse und Farb\u00e4nderungen am K\u00f6rper kommunizieren.<\/p>\n\n\n\n<p>Im Atlantik lebt der F\u00e4cherfisch Istiophorus albicans, der sich von dem Indo-Pazifischen F\u00e4cherfisch kaum unterscheidet. Deshalb ist bei Biologen die Trennung in zwei Arten umstritten.<\/p>\n\n\n\n<p><strong>Bedrohungsstatus:<\/strong> Die Art wird auf der Roten Liste der IUCN als <mark style=\"background-color:rgba(0, 0, 0, 0)\" class=\"has-inline-color has-vivid-red-color\">\u201egef\u00e4hrdet\u201c<\/mark> gef\u00fchrt.<\/p>\n\n\n\n<hr class=\"wp-block-separator has-alpha-channel-opacity is-style-default\"\/>\n\n\n\n<p><\/p>\n","protected":false},"excerpt":{"rendered":"<p>F\u00e4cherfisch Indo-Pacific sailfish Istiophorus platypterus Gr\u00f6\u00dfe: bis 3,48 m Lebensraum: Freiwasser; taucht ab und zu in der N\u00e4he von Riffen auf Vorkommen: im gesamten subtropischen und tropischen Pazifik einschlie\u00dflich der Nebenmeere; \u00fcber den Suezkanal in das Mittelmeer eingewandert Erkennungsmerkmale: R\u00fccken und Flossen dunkelblau; bis ca. 20 schmale dunkle Querb\u00e4nder; Bauch silbern; sehr gro\u00dfe erste R\u00fcckenflosse; &hellip; <\/p>\n<p class=\"link-more\"><a href=\"https:\/\/alles-ueber-riffe.de\/?page_id=5920\" class=\"more-link\"><span class=\"screen-reader-text\">\u201eF\u00e4cherfisch\u201c<\/span> weiterlesen<\/a><\/p>\n","protected":false},"author":1,"featured_media":0,"parent":0,"menu_order":0,"comment_status":"closed","ping_status":"closed","template":"","meta":{"footnotes":""},"class_list":["post-5920","page","type-page","status-publish","hentry"],"_links":{"self":[{"href":"https:\/\/alles-ueber-riffe.de\/index.php?rest_route=\/wp\/v2\/pages\/5920","targetHints":{"allow":["GET"]}}],"collection":[{"href":"https:\/\/alles-ueber-riffe.de\/index.php?rest_route=\/wp\/v2\/pages"}],"about":[{"href":"https:\/\/alles-ueber-riffe.de\/index.php?rest_route=\/wp\/v2\/types\/page"}],"author":[{"embeddable":true,"href":"https:\/\/alles-ueber-riffe.de\/index.php?rest_route=\/wp\/v2\/users\/1"}],"replies":[{"embeddable":true,"href":"https:\/\/alles-ueber-riffe.de\/index.php?rest_route=%2Fwp%2Fv2%2Fcomments&post=5920"}],"version-history":[{"count":5,"href":"https:\/\/alles-ueber-riffe.de\/index.php?rest_route=\/wp\/v2\/pages\/5920\/revisions"}],"predecessor-version":[{"id":10063,"href":"https:\/\/alles-ueber-riffe.de\/index.php?rest_route=\/wp\/v2\/pages\/5920\/revisions\/10063"}],"wp:attachment":[{"href":"https:\/\/alles-ueber-riffe.de\/index.php?rest_route=%2Fwp%2Fv2%2Fmedia&parent=5920"}],"curies":[{"name":"wp","href":"https:\/\/api.w.org\/{rel}","templated":true}]}}