{"id":5914,"date":"2025-01-08T22:36:25","date_gmt":"2025-01-08T22:36:25","guid":{"rendered":"https:\/\/alles-ueber-riffe.de\/?page_id=5914"},"modified":"2025-02-23T12:20:55","modified_gmt":"2025-02-23T12:20:55","slug":"papua-skorpionsfisch","status":"publish","type":"page","link":"https:\/\/alles-ueber-riffe.de\/?page_id=5914","title":{"rendered":"Papua-Skorpionsfisch"},"content":{"rendered":"\n<div class=\"wp-block-group is-vertical is-layout-flex wp-container-core-group-is-layout-8cf370e7 wp-block-group-is-layout-flex\">\n<p><strong>Papua-Skorpionsfisch<\/strong><\/p>\n\n\n\n<p>Papuan scorpionfish<\/p>\n\n\n\n<p><em>Scorpaenopsis papuensis<\/em><\/p>\n<\/div>\n\n\n\n<div style=\"height:30px\" aria-hidden=\"true\" class=\"wp-block-spacer\"><\/div>\n\n\n\n<figure class=\"wp-block-image size-full\"><img loading=\"lazy\" decoding=\"async\" width=\"1024\" height=\"768\" src=\"https:\/\/alles-ueber-riffe.de\/wp-content\/uploads\/2025\/02\/Papua-Skorpionsfisch_1024x768.jpg\" alt=\"\" class=\"wp-image-10035\" srcset=\"https:\/\/alles-ueber-riffe.de\/wp-content\/uploads\/2025\/02\/Papua-Skorpionsfisch_1024x768.jpg 1024w, https:\/\/alles-ueber-riffe.de\/wp-content\/uploads\/2025\/02\/Papua-Skorpionsfisch_1024x768-300x225.jpg 300w, https:\/\/alles-ueber-riffe.de\/wp-content\/uploads\/2025\/02\/Papua-Skorpionsfisch_1024x768-768x576.jpg 768w\" sizes=\"auto, (max-width: 767px) 89vw, (max-width: 1000px) 54vw, (max-width: 1071px) 543px, 580px\" \/><figcaption class=\"wp-element-caption\">\u00a9 Heinz Krimmer<\/figcaption><\/figure>\n\n\n\n<hr class=\"wp-block-separator has-alpha-channel-opacity is-style-default\"\/>\n\n\n\n<p><strong>Gr\u00f6\u00dfe: <\/strong> bis 25 cm<\/p>\n\n\n\n<p><strong>Lebensraum:<\/strong> Korallenriffe und Ger\u00f6llb\u00f6den<\/p>\n\n\n\n<p><strong>Vorkommen:  <\/strong>S\u00fcdjapan, Philippinen, Ostindonesien, Papua-Neuguinea, Nordaustralien, Ozeanien bis Fidschi<\/p>\n\n\n\n<p><strong>Erkennungsmerkmale:<\/strong> Grundfarbe rot bis rotbraun mit wei\u00dfen Stellen; dunkles, nach unten breiter werdendes Band vom Auge \u00fcber die Kiemen<\/p>\n\n\n\n<p><strong>Biologie &amp; Verhalten: <\/strong> Das Verhalten der Skopionsfische kann man getrost als extrem langweilig bezeichnen. Als Taucher sieht man sie meistens gar nicht oder nur herumliegen. Wenn etwas interessantes passiert, wie das Fangen von Beute oder ein G\u00e4hnen zum Trainieren der Muskulatur, dann ist man leider meistens schon wieder an einer anderen Stelle im Riff. Aber falls man es erlebt, dann ist man echt beeindruckt, denn das Maul und der Schlund sind im Verh\u00e4ltnis zum K\u00f6rper riesig. Also neben dem Skorpionsfisch auf den Boden legen und warten und warten und warten&#8230; Mal sehen was der Buddy dazu sagt.<\/p>\n\n\n\n<p><strong>Bedrohungsstatus:<\/strong> Die Art wird auf der Roten Liste der IUCN als <mark style=\"background-color:rgba(0, 0, 0, 0)\" class=\"has-inline-color has-vivid-green-cyan-color\">\u201enicht gef\u00e4hrdet\u201c<\/mark> gef\u00fchrt.<\/p>\n\n\n\n<hr class=\"wp-block-separator has-alpha-channel-opacity is-style-default\"\/>\n\n\n\n<p><\/p>\n","protected":false},"excerpt":{"rendered":"<p>Papua-Skorpionsfisch Papuan scorpionfish Scorpaenopsis papuensis Gr\u00f6\u00dfe: bis 25 cm Lebensraum: Korallenriffe und Ger\u00f6llb\u00f6den Vorkommen: S\u00fcdjapan, Philippinen, Ostindonesien, Papua-Neuguinea, Nordaustralien, Ozeanien bis Fidschi Erkennungsmerkmale: Grundfarbe rot bis rotbraun mit wei\u00dfen Stellen; dunkles, nach unten breiter werdendes Band vom Auge \u00fcber die Kiemen Biologie &amp; Verhalten: Das Verhalten der Skopionsfische kann man getrost als extrem langweilig bezeichnen. &hellip; <\/p>\n<p class=\"link-more\"><a href=\"https:\/\/alles-ueber-riffe.de\/?page_id=5914\" class=\"more-link\"><span class=\"screen-reader-text\">\u201ePapua-Skorpionsfisch\u201c<\/span> weiterlesen<\/a><\/p>\n","protected":false},"author":1,"featured_media":0,"parent":0,"menu_order":0,"comment_status":"closed","ping_status":"closed","template":"","meta":{"footnotes":""},"class_list":["post-5914","page","type-page","status-publish","hentry"],"_links":{"self":[{"href":"https:\/\/alles-ueber-riffe.de\/index.php?rest_route=\/wp\/v2\/pages\/5914","targetHints":{"allow":["GET"]}}],"collection":[{"href":"https:\/\/alles-ueber-riffe.de\/index.php?rest_route=\/wp\/v2\/pages"}],"about":[{"href":"https:\/\/alles-ueber-riffe.de\/index.php?rest_route=\/wp\/v2\/types\/page"}],"author":[{"embeddable":true,"href":"https:\/\/alles-ueber-riffe.de\/index.php?rest_route=\/wp\/v2\/users\/1"}],"replies":[{"embeddable":true,"href":"https:\/\/alles-ueber-riffe.de\/index.php?rest_route=%2Fwp%2Fv2%2Fcomments&post=5914"}],"version-history":[{"count":4,"href":"https:\/\/alles-ueber-riffe.de\/index.php?rest_route=\/wp\/v2\/pages\/5914\/revisions"}],"predecessor-version":[{"id":10037,"href":"https:\/\/alles-ueber-riffe.de\/index.php?rest_route=\/wp\/v2\/pages\/5914\/revisions\/10037"}],"wp:attachment":[{"href":"https:\/\/alles-ueber-riffe.de\/index.php?rest_route=%2Fwp%2Fv2%2Fmedia&parent=5914"}],"curies":[{"name":"wp","href":"https:\/\/api.w.org\/{rel}","templated":true}]}}