{"id":5909,"date":"2025-01-08T22:36:06","date_gmt":"2025-01-08T22:36:06","guid":{"rendered":"https:\/\/alles-ueber-riffe.de\/?page_id=5909"},"modified":"2025-02-25T17:15:52","modified_gmt":"2025-02-25T17:15:52","slug":"fransen-drachenkopf","status":"publish","type":"page","link":"https:\/\/alles-ueber-riffe.de\/?page_id=5909","title":{"rendered":"Fransen-Drachenkopf"},"content":{"rendered":"\n<div class=\"wp-block-group is-vertical is-layout-flex wp-container-core-group-is-layout-8cf370e7 wp-block-group-is-layout-flex\">\n<p><strong>Fransen-Drachenkopf<\/strong><\/p>\n\n\n\n<p>Tassled scorpionfish<\/p>\n\n\n\n<p><em>Scorpaenopsis oxycephala<\/em><\/p>\n<\/div>\n\n\n\n<div style=\"height:30px\" aria-hidden=\"true\" class=\"wp-block-spacer\"><\/div>\n\n\n\n<figure class=\"wp-block-video\"><video height=\"576\" style=\"aspect-ratio: 1024 \/ 576;\" width=\"1024\" controls src=\"https:\/\/alles-ueber-riffe.de\/wp-content\/uploads\/2025\/02\/Fransen-Drachenkopf-Kopie.mp4\"><\/video><figcaption class=\"wp-element-caption\">\u00a9 Heinz Krimmer<\/figcaption><\/figure>\n\n\n\n<hr class=\"wp-block-separator has-alpha-channel-opacity is-style-default\"\/>\n\n\n\n<p><strong>Gr\u00f6\u00dfe: <\/strong> bis 36 cm<\/p>\n\n\n\n<p><strong>Lebensraum:<\/strong> <\/p>\n\n\n\n<p>Korallenriffe, Ger\u00f6llb\u00f6den<\/p>\n\n\n\n<p><strong>Vorkommen:  <\/strong>von Ostafrika, Rotes Meer, Oman, Ostindonesien, Philippinen, Ozeanien bis Palau<\/p>\n\n\n\n<p><strong>Erkennungsmerkmale:<\/strong> Farbe variabel, je nach Untergrund von rot bis rotbraun; zahlreiche Hautfetzen am Maul und K\u00f6rper<\/p>\n\n\n\n<p><strong>Biologie &amp; Verhalten: <\/strong> Die verschiedenen Drachenk\u00f6pfe wie z.B. den B\u00e4rtigen Drachenkopf und den Fransen-Drachenkopf immer sicher zu unterscheiden ist nicht so einfach, sehen sie sich doch zu \u00e4hnlich. Am einfachsten ist es, wenn sie ausgewachsen sind, denn der Fransen-Drachenkopf ist fast doppelt so gro\u00df. Er hat auch eine etwas l\u00e4ngere Schnauze, aber schwimmt schon mit dem Ma\u00dfband durch das Riff. <\/p>\n\n\n\n<p>Lauerj\u00e4ger. Fri\u00dft Fische.<\/p>\n\n\n\n<p><strong>Bedrohungsstatus:<\/strong> Die Art wird auf der Roten Liste der IUCN als <mark style=\"background-color:rgba(0, 0, 0, 0)\" class=\"has-inline-color has-vivid-green-cyan-color\">\u201enicht gef\u00e4hrdet\u201c<\/mark> gef\u00fchrt.<\/p>\n\n\n\n<p><mark style=\"background-color:rgba(0, 0, 0, 0)\" class=\"has-inline-color has-vivid-red-color\"><strong>Gefahr:<\/strong> Giftig! Ein Kontakt mit seinen Flossenstacheln kann extrem starke Schmerzen verursachen.<\/mark><\/p>\n\n\n\n<hr class=\"wp-block-separator has-alpha-channel-opacity is-style-default\"\/>\n\n\n\n<p><\/p>\n","protected":false},"excerpt":{"rendered":"<p>Fransen-Drachenkopf Tassled scorpionfish Scorpaenopsis oxycephala Gr\u00f6\u00dfe: bis 36 cm Lebensraum: Korallenriffe, Ger\u00f6llb\u00f6den Vorkommen: von Ostafrika, Rotes Meer, Oman, Ostindonesien, Philippinen, Ozeanien bis Palau Erkennungsmerkmale: Farbe variabel, je nach Untergrund von rot bis rotbraun; zahlreiche Hautfetzen am Maul und K\u00f6rper Biologie &amp; Verhalten: Die verschiedenen Drachenk\u00f6pfe wie z.B. den B\u00e4rtigen Drachenkopf und den Fransen-Drachenkopf immer sicher &hellip; <\/p>\n<p class=\"link-more\"><a href=\"https:\/\/alles-ueber-riffe.de\/?page_id=5909\" class=\"more-link\"><span class=\"screen-reader-text\">\u201eFransen-Drachenkopf\u201c<\/span> weiterlesen<\/a><\/p>\n","protected":false},"author":1,"featured_media":0,"parent":0,"menu_order":0,"comment_status":"closed","ping_status":"closed","template":"","meta":{"footnotes":""},"class_list":["post-5909","page","type-page","status-publish","hentry"],"_links":{"self":[{"href":"https:\/\/alles-ueber-riffe.de\/index.php?rest_route=\/wp\/v2\/pages\/5909","targetHints":{"allow":["GET"]}}],"collection":[{"href":"https:\/\/alles-ueber-riffe.de\/index.php?rest_route=\/wp\/v2\/pages"}],"about":[{"href":"https:\/\/alles-ueber-riffe.de\/index.php?rest_route=\/wp\/v2\/types\/page"}],"author":[{"embeddable":true,"href":"https:\/\/alles-ueber-riffe.de\/index.php?rest_route=\/wp\/v2\/users\/1"}],"replies":[{"embeddable":true,"href":"https:\/\/alles-ueber-riffe.de\/index.php?rest_route=%2Fwp%2Fv2%2Fcomments&post=5909"}],"version-history":[{"count":5,"href":"https:\/\/alles-ueber-riffe.de\/index.php?rest_route=\/wp\/v2\/pages\/5909\/revisions"}],"predecessor-version":[{"id":10128,"href":"https:\/\/alles-ueber-riffe.de\/index.php?rest_route=\/wp\/v2\/pages\/5909\/revisions\/10128"}],"wp:attachment":[{"href":"https:\/\/alles-ueber-riffe.de\/index.php?rest_route=%2Fwp%2Fv2%2Fmedia&parent=5909"}],"curies":[{"name":"wp","href":"https:\/\/api.w.org\/{rel}","templated":true}]}}