{"id":5907,"date":"2025-01-08T22:35:57","date_gmt":"2025-01-08T22:35:57","guid":{"rendered":"https:\/\/alles-ueber-riffe.de\/?page_id=5907"},"modified":"2025-02-23T12:17:32","modified_gmt":"2025-02-23T12:17:32","slug":"finger-teufelsfisch","status":"publish","type":"page","link":"https:\/\/alles-ueber-riffe.de\/?page_id=5907","title":{"rendered":"Finger-Teufelsfisch"},"content":{"rendered":"\n<div class=\"wp-block-group is-vertical is-layout-flex wp-container-core-group-is-layout-8cf370e7 wp-block-group-is-layout-flex\">\n<p><strong>Finger-Teufelsfisch<\/strong><\/p>\n\n\n\n<p>Bearded ghoul<\/p>\n\n\n\n<p><em>Inimicus didactylus<\/em><\/p>\n<\/div>\n\n\n\n<div style=\"height:30px\" aria-hidden=\"true\" class=\"wp-block-spacer\"><\/div>\n\n\n\n<figure class=\"wp-block-video\"><video height=\"576\" style=\"aspect-ratio: 1024 \/ 576;\" width=\"1024\" controls src=\"https:\/\/alles-ueber-riffe.de\/wp-content\/uploads\/2025\/02\/Finger-Teufelsfisch.mp4\"><\/video><figcaption class=\"wp-element-caption\">\u00a9 Heinz Krimmer<\/figcaption><\/figure>\n\n\n\n<hr class=\"wp-block-separator has-alpha-channel-opacity is-style-default\"\/>\n\n\n\n<p><strong>Gr\u00f6\u00dfe: <\/strong> bis 25 cm<\/p>\n\n\n\n<p><strong>Lebensraum:<\/strong> Sand- und Ger\u00f6llb\u00f6den in der N\u00e4he von Korallenriffen<\/p>\n\n\n\n<p><strong>Vorkommen:  <\/strong>S\u00fcdjapan, ganz S\u00fcdostasien, Nordaustralien, Papua-Neuguinea, Ozeanien bis Vanuatu<\/p>\n\n\n\n<p><strong>Erkennungsmerkmale:<\/strong> Farbe rot-wei\u00df bis dunkelbraun; pr\u00e4chtig gef\u00e4rbte Brustflossen<\/p>\n\n\n\n<p><strong>Biologie &amp; Verhalten: <\/strong> L\u00e4uft wie ein kleines Monster auf seine fingerartigen Bauchflossen \u00fcber den Sand. Oft gr\u00e4bt er sich ein und nur das Maul und die Augen schauen noch heraus. Die pr\u00e4chtigen Brustflossen sieht man leider nur, wenn der Fisch bei Gefahr fl\u00fcchtet.<\/p>\n\n\n\n<p>Er sieht seinem engen Verwanden, dem Filament-Teufelsfisch sehr \u00e4hnlich. Dieser kommt aber weiter westlich in Ostafrika, Rotes Meer, Oman und den Malediven vor.<\/p>\n\n\n\n<p><strong>Bedrohungsstatus:<\/strong> Die Art wird auf der Roten Liste der IUCN als <mark style=\"background-color:rgba(0, 0, 0, 0)\" class=\"has-inline-color has-vivid-green-cyan-color\">\u201enicht gef\u00e4hrdet\u201c<\/mark> gef\u00fchrt.<\/p>\n\n\n\n<p><mark style=\"background-color:rgba(0, 0, 0, 0)\" class=\"has-inline-color has-vivid-red-color\"><strong>Gefahr:<\/strong> Ein Kontakt mit seinen Flossenstacheln kann starke Schmerzen verursachen. Da er sich auch im flachen Wasser aufh\u00e4lt, ist er auch f\u00fcr Badende eine Gefahr.<\/mark><\/p>\n\n\n\n<hr class=\"wp-block-separator has-alpha-channel-opacity is-style-default\"\/>\n\n\n\n<p><\/p>\n","protected":false},"excerpt":{"rendered":"<p>Finger-Teufelsfisch Bearded ghoul Inimicus didactylus Gr\u00f6\u00dfe: bis 25 cm Lebensraum: Sand- und Ger\u00f6llb\u00f6den in der N\u00e4he von Korallenriffen Vorkommen: S\u00fcdjapan, ganz S\u00fcdostasien, Nordaustralien, Papua-Neuguinea, Ozeanien bis Vanuatu Erkennungsmerkmale: Farbe rot-wei\u00df bis dunkelbraun; pr\u00e4chtig gef\u00e4rbte Brustflossen Biologie &amp; Verhalten: L\u00e4uft wie ein kleines Monster auf seine fingerartigen Bauchflossen \u00fcber den Sand. Oft gr\u00e4bt er sich ein &hellip; <\/p>\n<p class=\"link-more\"><a href=\"https:\/\/alles-ueber-riffe.de\/?page_id=5907\" class=\"more-link\"><span class=\"screen-reader-text\">\u201eFinger-Teufelsfisch\u201c<\/span> weiterlesen<\/a><\/p>\n","protected":false},"author":1,"featured_media":0,"parent":0,"menu_order":0,"comment_status":"closed","ping_status":"closed","template":"","meta":{"footnotes":""},"class_list":["post-5907","page","type-page","status-publish","hentry"],"_links":{"self":[{"href":"https:\/\/alles-ueber-riffe.de\/index.php?rest_route=\/wp\/v2\/pages\/5907","targetHints":{"allow":["GET"]}}],"collection":[{"href":"https:\/\/alles-ueber-riffe.de\/index.php?rest_route=\/wp\/v2\/pages"}],"about":[{"href":"https:\/\/alles-ueber-riffe.de\/index.php?rest_route=\/wp\/v2\/types\/page"}],"author":[{"embeddable":true,"href":"https:\/\/alles-ueber-riffe.de\/index.php?rest_route=\/wp\/v2\/users\/1"}],"replies":[{"embeddable":true,"href":"https:\/\/alles-ueber-riffe.de\/index.php?rest_route=%2Fwp%2Fv2%2Fcomments&post=5907"}],"version-history":[{"count":6,"href":"https:\/\/alles-ueber-riffe.de\/index.php?rest_route=\/wp\/v2\/pages\/5907\/revisions"}],"predecessor-version":[{"id":10033,"href":"https:\/\/alles-ueber-riffe.de\/index.php?rest_route=\/wp\/v2\/pages\/5907\/revisions\/10033"}],"wp:attachment":[{"href":"https:\/\/alles-ueber-riffe.de\/index.php?rest_route=%2Fwp%2Fv2%2Fmedia&parent=5907"}],"curies":[{"name":"wp","href":"https:\/\/api.w.org\/{rel}","templated":true}]}}