{"id":5896,"date":"2025-01-08T22:35:19","date_gmt":"2025-01-08T22:35:19","guid":{"rendered":"https:\/\/alles-ueber-riffe.de\/?page_id=5896"},"modified":"2025-02-23T11:45:46","modified_gmt":"2025-02-23T11:45:46","slug":"baertiger-drachenkopf","status":"publish","type":"page","link":"https:\/\/alles-ueber-riffe.de\/?page_id=5896","title":{"rendered":"B\u00e4rtiger-Drachenkopf"},"content":{"rendered":"\n<div class=\"wp-block-group is-vertical is-layout-flex wp-container-core-group-is-layout-8cf370e7 wp-block-group-is-layout-flex\">\n<p><strong>B\u00e4rtiger-Drachenkopf<\/strong><\/p>\n\n\n\n<p>Bearded scorpionfish<\/p>\n\n\n\n<p><em>Scorpaenopsis barbata<\/em><\/p>\n<\/div>\n\n\n\n<div style=\"height:30px\" aria-hidden=\"true\" class=\"wp-block-spacer\"><\/div>\n\n\n\n<figure class=\"wp-block-video\"><video height=\"576\" style=\"aspect-ratio: 1024 \/ 576;\" width=\"1024\" controls src=\"https:\/\/alles-ueber-riffe.de\/wp-content\/uploads\/2025\/02\/Baertiger-Drachenkopf.mp4\"><\/video><figcaption class=\"wp-element-caption\">\u00a9 Heinz Krimmer<\/figcaption><\/figure>\n\n\n\n<hr class=\"wp-block-separator has-alpha-channel-opacity is-style-default\"\/>\n\n\n\n<p><strong>Gr\u00f6\u00dfe: <\/strong> bis 22 cm<\/p>\n\n\n\n<p><strong>Lebensraum:<\/strong> Korallen- und Felsenriffe<\/p>\n\n\n\n<p><strong>Vorkommen:  <\/strong>Rotes Meer, Oman, Somalia<\/p>\n\n\n\n<p><strong>Erkennungsmerkmale:<\/strong> Farbe rotbraun bis braun mit gro\u00dfen, helleren Stellen; zahlreiche Hautfransen; kurze Schnauze<\/p>\n\n\n\n<p><strong>Biologie &amp; Verhalten: <\/strong> Immer gut getarnt lauert er auf seine Beute, Fische, die ihn nicht bemerken und sich ahnungslos n\u00e4hern. Auch er soll laut&nbsp;<a href=\"http:\/\/www.fishbase.org\/\">www.fishbase.org<\/a>&nbsp;nicht giftig sein.<\/p>\n\n\n\n<p>Die verschiedenen Drachenk\u00f6pfe wie z.B. den B\u00e4rtigen Drachenkopf und den Fransen-Drachenkopf immer sicher zu unterscheiden ist nicht so einfach, sehen sie sich doch zu \u00e4hnlich. Am einfachsten ist es, wenn sie ausgewachsen sind, denn der Fransen-Drachenkopf ist fast doppelt so gro\u00df. Er hat auch eine etwas l\u00e4ngere Schnauze, aber wer schwimmt schon mit dem Ma\u00dfband durch das Riff. Und dann noch das wichtigste zum Schluss: Der Fransen-Drachenkopf ist giftig.<\/p>\n\n\n\n<p><strong>Bedrohungsstatus:<\/strong> Die Art wird auf der Roten Liste der IUCN als <mark style=\"background-color:rgba(0, 0, 0, 0)\" class=\"has-inline-color has-vivid-green-cyan-color\">\u201enicht gef\u00e4hrdet\u201c<\/mark> gef\u00fchrt.<\/p>\n\n\n\n<hr class=\"wp-block-separator has-alpha-channel-opacity is-style-default\"\/>\n\n\n\n<p><\/p>\n","protected":false},"excerpt":{"rendered":"<p>B\u00e4rtiger-Drachenkopf Bearded scorpionfish Scorpaenopsis barbata Gr\u00f6\u00dfe: bis 22 cm Lebensraum: Korallen- und Felsenriffe Vorkommen: Rotes Meer, Oman, Somalia Erkennungsmerkmale: Farbe rotbraun bis braun mit gro\u00dfen, helleren Stellen; zahlreiche Hautfransen; kurze Schnauze Biologie &amp; Verhalten: Immer gut getarnt lauert er auf seine Beute, Fische, die ihn nicht bemerken und sich ahnungslos n\u00e4hern. Auch er soll laut&nbsp;www.fishbase.org&nbsp;nicht &hellip; <\/p>\n<p class=\"link-more\"><a href=\"https:\/\/alles-ueber-riffe.de\/?page_id=5896\" class=\"more-link\"><span class=\"screen-reader-text\">\u201eB\u00e4rtiger-Drachenkopf\u201c<\/span> weiterlesen<\/a><\/p>\n","protected":false},"author":1,"featured_media":0,"parent":0,"menu_order":0,"comment_status":"closed","ping_status":"closed","template":"","meta":{"footnotes":""},"class_list":["post-5896","page","type-page","status-publish","hentry"],"_links":{"self":[{"href":"https:\/\/alles-ueber-riffe.de\/index.php?rest_route=\/wp\/v2\/pages\/5896","targetHints":{"allow":["GET"]}}],"collection":[{"href":"https:\/\/alles-ueber-riffe.de\/index.php?rest_route=\/wp\/v2\/pages"}],"about":[{"href":"https:\/\/alles-ueber-riffe.de\/index.php?rest_route=\/wp\/v2\/types\/page"}],"author":[{"embeddable":true,"href":"https:\/\/alles-ueber-riffe.de\/index.php?rest_route=\/wp\/v2\/users\/1"}],"replies":[{"embeddable":true,"href":"https:\/\/alles-ueber-riffe.de\/index.php?rest_route=%2Fwp%2Fv2%2Fcomments&post=5896"}],"version-history":[{"count":5,"href":"https:\/\/alles-ueber-riffe.de\/index.php?rest_route=\/wp\/v2\/pages\/5896\/revisions"}],"predecessor-version":[{"id":9994,"href":"https:\/\/alles-ueber-riffe.de\/index.php?rest_route=\/wp\/v2\/pages\/5896\/revisions\/9994"}],"wp:attachment":[{"href":"https:\/\/alles-ueber-riffe.de\/index.php?rest_route=%2Fwp%2Fv2%2Fmedia&parent=5896"}],"curies":[{"name":"wp","href":"https:\/\/api.w.org\/{rel}","templated":true}]}}