{"id":5894,"date":"2025-01-08T22:35:10","date_gmt":"2025-01-08T22:35:10","guid":{"rendered":"https:\/\/alles-ueber-riffe.de\/?page_id=5894"},"modified":"2025-02-25T17:15:09","modified_gmt":"2025-02-25T17:15:09","slug":"ambon-drachenkopf","status":"publish","type":"page","link":"https:\/\/alles-ueber-riffe.de\/?page_id=5894","title":{"rendered":"Ambon-Drachenkopf"},"content":{"rendered":"\n<div class=\"wp-block-group is-vertical is-layout-flex wp-container-core-group-is-layout-8cf370e7 wp-block-group-is-layout-flex\">\n<p><strong>Ambon-Drachenkopf<\/strong><\/p>\n\n\n\n<p>Ambon scorpionfish<\/p>\n\n\n\n<p><em>Pteroidichthys amboinensis<\/em><\/p>\n<\/div>\n\n\n\n<div style=\"height:30px\" aria-hidden=\"true\" class=\"wp-block-spacer\"><\/div>\n\n\n\n<figure class=\"wp-block-video\"><video height=\"576\" style=\"aspect-ratio: 1024 \/ 576;\" width=\"1024\" controls src=\"https:\/\/alles-ueber-riffe.de\/wp-content\/uploads\/2025\/02\/Ambon-Drachenkopf-Kopie.mp4\"><\/video><figcaption class=\"wp-element-caption\">\u00a9 Heinz Krimmer<\/figcaption><\/figure>\n\n\n\n<hr class=\"wp-block-separator has-alpha-channel-opacity is-style-default\"\/>\n\n\n\n<p><strong>Gr\u00f6\u00dfe: <\/strong> bis 12 cm<\/p>\n\n\n\n<p><strong>Lebensraum:<\/strong> Sand- und Schlammb\u00f6den, Seegraswiesen in der N\u00e4he von Korallenriffen<\/p>\n\n\n\n<p><strong>Vorkommen:  <\/strong>Rotes Meer, Indonesien, Philippinen, S\u00fcdjapan, Nordaustralien, Papua-Neuguinea, Ozeanien bis Fidschi<\/p>\n\n\n\n<p><strong>Erkennungsmerkmale:<\/strong> Farbe variabel, von gelb, rosa, rot bis braun oder auch zweifarbig; mal mit oder ohne Hautforts\u00e4tze; zwei gro\u00dfe Hauttentakel am Kopf<\/p>\n\n\n\n<p><strong>Biologie &amp; Verhalten: <\/strong> Disjunktion nennt man in der Biologie ein Verbreitungsgebiet, das von den anderen Verbreitungsgebieten einer Art r\u00e4umlich getrennt ist und diese Art diese Trennung nicht \u00fcberwinden kann. Genau dieses Problem stellt sich bei dem Ambon-Drachenkopf. Die L\u00fccke zwischen dem Roten Meer und Indonesien ist f\u00fcr ihn nicht zu \u00fcberbr\u00fccken. Warum er trotzdem dort vorkommt, ist nicht gekl\u00e4rt.<\/p>\n\n\n\n<p><strong>Bedrohungsstatus:<\/strong> Die Art wird auf der Roten Liste der IUCN als <mark style=\"background-color:rgba(0, 0, 0, 0)\" class=\"has-inline-color has-vivid-green-cyan-color\">\u201enicht gef\u00e4hrdet\u201c<\/mark> gef\u00fchrt.<\/p>\n\n\n\n<p><\/p>\n\n\n\n<hr class=\"wp-block-separator has-alpha-channel-opacity is-style-default\"\/>\n\n\n\n<p><\/p>\n","protected":false},"excerpt":{"rendered":"<p>Ambon-Drachenkopf Ambon scorpionfish Pteroidichthys amboinensis Gr\u00f6\u00dfe: bis 12 cm Lebensraum: Sand- und Schlammb\u00f6den, Seegraswiesen in der N\u00e4he von Korallenriffen Vorkommen: Rotes Meer, Indonesien, Philippinen, S\u00fcdjapan, Nordaustralien, Papua-Neuguinea, Ozeanien bis Fidschi Erkennungsmerkmale: Farbe variabel, von gelb, rosa, rot bis braun oder auch zweifarbig; mal mit oder ohne Hautforts\u00e4tze; zwei gro\u00dfe Hauttentakel am Kopf Biologie &amp; Verhalten: &hellip; <\/p>\n<p class=\"link-more\"><a href=\"https:\/\/alles-ueber-riffe.de\/?page_id=5894\" class=\"more-link\"><span class=\"screen-reader-text\">\u201eAmbon-Drachenkopf\u201c<\/span> weiterlesen<\/a><\/p>\n","protected":false},"author":1,"featured_media":0,"parent":0,"menu_order":0,"comment_status":"closed","ping_status":"closed","template":"","meta":{"footnotes":""},"class_list":["post-5894","page","type-page","status-publish","hentry"],"_links":{"self":[{"href":"https:\/\/alles-ueber-riffe.de\/index.php?rest_route=\/wp\/v2\/pages\/5894","targetHints":{"allow":["GET"]}}],"collection":[{"href":"https:\/\/alles-ueber-riffe.de\/index.php?rest_route=\/wp\/v2\/pages"}],"about":[{"href":"https:\/\/alles-ueber-riffe.de\/index.php?rest_route=\/wp\/v2\/types\/page"}],"author":[{"embeddable":true,"href":"https:\/\/alles-ueber-riffe.de\/index.php?rest_route=\/wp\/v2\/users\/1"}],"replies":[{"embeddable":true,"href":"https:\/\/alles-ueber-riffe.de\/index.php?rest_route=%2Fwp%2Fv2%2Fcomments&post=5894"}],"version-history":[{"count":6,"href":"https:\/\/alles-ueber-riffe.de\/index.php?rest_route=\/wp\/v2\/pages\/5894\/revisions"}],"predecessor-version":[{"id":10126,"href":"https:\/\/alles-ueber-riffe.de\/index.php?rest_route=\/wp\/v2\/pages\/5894\/revisions\/10126"}],"wp:attachment":[{"href":"https:\/\/alles-ueber-riffe.de\/index.php?rest_route=%2Fwp%2Fv2%2Fmedia&parent=5894"}],"curies":[{"name":"wp","href":"https:\/\/api.w.org\/{rel}","templated":true}]}}