{"id":5892,"date":"2025-01-08T22:34:56","date_gmt":"2025-01-08T22:34:56","guid":{"rendered":"https:\/\/alles-ueber-riffe.de\/?page_id=5892"},"modified":"2025-02-23T11:34:59","modified_gmt":"2025-02-23T11:34:59","slug":"noerdlicher-weissfisch","status":"publish","type":"page","link":"https:\/\/alles-ueber-riffe.de\/?page_id=5892","title":{"rendered":"N\u00f6rdlicher Wei\u00dffisch"},"content":{"rendered":"\n<div class=\"wp-block-group is-vertical is-layout-flex wp-container-core-group-is-layout-8cf370e7 wp-block-group-is-layout-flex\">\n<p><strong>N\u00f6rdlicher Wei\u00dffisch<\/strong><\/p>\n\n\n\n<p>Northern whiting<\/p>\n\n\n\n<p><em>Sillago sihama<\/em><\/p>\n<\/div>\n\n\n\n<div style=\"height:30px\" aria-hidden=\"true\" class=\"wp-block-spacer\"><\/div>\n\n\n\n<figure class=\"wp-block-image size-full\"><img loading=\"lazy\" decoding=\"async\" width=\"1024\" height=\"768\" src=\"https:\/\/alles-ueber-riffe.de\/wp-content\/uploads\/2025\/02\/Noerdlicher-Weissfisch_1024x768.jpg\" alt=\"\" class=\"wp-image-9982\" srcset=\"https:\/\/alles-ueber-riffe.de\/wp-content\/uploads\/2025\/02\/Noerdlicher-Weissfisch_1024x768.jpg 1024w, https:\/\/alles-ueber-riffe.de\/wp-content\/uploads\/2025\/02\/Noerdlicher-Weissfisch_1024x768-300x225.jpg 300w, https:\/\/alles-ueber-riffe.de\/wp-content\/uploads\/2025\/02\/Noerdlicher-Weissfisch_1024x768-768x576.jpg 768w\" sizes=\"auto, (max-width: 767px) 89vw, (max-width: 1000px) 54vw, (max-width: 1071px) 543px, 580px\" \/><figcaption class=\"wp-element-caption\">\u00a9 Joris Rombouts<\/figcaption><\/figure>\n\n\n\n<hr class=\"wp-block-separator has-alpha-channel-opacity is-style-default\"\/>\n\n\n\n<p><strong>Gr\u00f6\u00dfe: <\/strong> bis 31 cm<\/p>\n\n\n\n<p><strong>Lebensraum:<\/strong> Korallenriffe, Sandb\u00f6den, Seegraswiesen, Mangrovengebiete<\/p>\n\n\n\n<p><strong>Vorkommen:  <\/strong>von Ostafrika, Rotes Meer, Persischer Golf, ganz S\u00fcdostasien, S\u00fcdjapan, Australien, Papua-Neuguinea, Ozeanien bis Neu Kaledonien; wanderte \u00fcber den Suezkanal in das s\u00fcd\u00f6stliche Mittelmeer ein.<\/p>\n\n\n\n<p><strong>Erkennungsmerkmale:<\/strong>  Schlanker silberner Fisch mit endst\u00e4ndigem Maul; zwei R\u00fcckenflossen<\/p>\n\n\n\n<p><strong>Biologie &amp; Verhalten: <\/strong> Der N\u00f6rdliche Wei\u00dffisch war der erste Fisch der Familie Sillaginidae, der wissenschaftlich beschrieben wurde.&nbsp;&nbsp;Zu dieser Fischfamilie geh\u00f6ren noch 29 weitere Arten, von denen die meisten kaum zu unterscheiden sind.<\/p>\n\n\n\n<p>Kommt in kleinen Schw\u00e4rmen vor. Bei Gefahr graben sie sich blitzschnell im Sand ein. Frisst Wirbellose wie W\u00fcrmer, Shrimps und Garnelen. Jungtiere fressen tierisches Plankton.<\/p>\n\n\n\n<p><strong>Bedrohungsstatus:<\/strong> Die Art wird auf der Roten Liste der IUCN als <mark style=\"background-color:rgba(0, 0, 0, 0)\" class=\"has-inline-color has-vivid-green-cyan-color\">\u201enicht gef\u00e4hrdet\u201c<\/mark> gef\u00fchrt.<\/p>\n\n\n\n<hr class=\"wp-block-separator has-alpha-channel-opacity is-style-default\"\/>\n\n\n\n<p><\/p>\n","protected":false},"excerpt":{"rendered":"<p>N\u00f6rdlicher Wei\u00dffisch Northern whiting Sillago sihama Gr\u00f6\u00dfe: bis 31 cm Lebensraum: Korallenriffe, Sandb\u00f6den, Seegraswiesen, Mangrovengebiete Vorkommen: von Ostafrika, Rotes Meer, Persischer Golf, ganz S\u00fcdostasien, S\u00fcdjapan, Australien, Papua-Neuguinea, Ozeanien bis Neu Kaledonien; wanderte \u00fcber den Suezkanal in das s\u00fcd\u00f6stliche Mittelmeer ein. Erkennungsmerkmale: Schlanker silberner Fisch mit endst\u00e4ndigem Maul; zwei R\u00fcckenflossen Biologie &amp; Verhalten: Der N\u00f6rdliche Wei\u00dffisch &hellip; <\/p>\n<p class=\"link-more\"><a href=\"https:\/\/alles-ueber-riffe.de\/?page_id=5892\" class=\"more-link\"><span class=\"screen-reader-text\">\u201eN\u00f6rdlicher Wei\u00dffisch\u201c<\/span> weiterlesen<\/a><\/p>\n","protected":false},"author":1,"featured_media":0,"parent":0,"menu_order":0,"comment_status":"closed","ping_status":"closed","template":"","meta":{"footnotes":""},"class_list":["post-5892","page","type-page","status-publish","hentry"],"_links":{"self":[{"href":"https:\/\/alles-ueber-riffe.de\/index.php?rest_route=\/wp\/v2\/pages\/5892","targetHints":{"allow":["GET"]}}],"collection":[{"href":"https:\/\/alles-ueber-riffe.de\/index.php?rest_route=\/wp\/v2\/pages"}],"about":[{"href":"https:\/\/alles-ueber-riffe.de\/index.php?rest_route=\/wp\/v2\/types\/page"}],"author":[{"embeddable":true,"href":"https:\/\/alles-ueber-riffe.de\/index.php?rest_route=\/wp\/v2\/users\/1"}],"replies":[{"embeddable":true,"href":"https:\/\/alles-ueber-riffe.de\/index.php?rest_route=%2Fwp%2Fv2%2Fcomments&post=5892"}],"version-history":[{"count":4,"href":"https:\/\/alles-ueber-riffe.de\/index.php?rest_route=\/wp\/v2\/pages\/5892\/revisions"}],"predecessor-version":[{"id":9984,"href":"https:\/\/alles-ueber-riffe.de\/index.php?rest_route=\/wp\/v2\/pages\/5892\/revisions\/9984"}],"wp:attachment":[{"href":"https:\/\/alles-ueber-riffe.de\/index.php?rest_route=%2Fwp%2Fv2%2Fmedia&parent=5892"}],"curies":[{"name":"wp","href":"https:\/\/api.w.org\/{rel}","templated":true}]}}