{"id":5890,"date":"2025-01-08T22:34:47","date_gmt":"2025-01-08T22:34:47","guid":{"rendered":"https:\/\/alles-ueber-riffe.de\/?page_id=5890"},"modified":"2025-02-23T11:29:26","modified_gmt":"2025-02-23T11:29:26","slug":"schwarzgelber-seifenbarsch","status":"publish","type":"page","link":"https:\/\/alles-ueber-riffe.de\/?page_id=5890","title":{"rendered":"Schwarzgelber Seifenbarsch"},"content":{"rendered":"\n<div class=\"wp-block-group is-vertical is-layout-flex wp-container-core-group-is-layout-8cf370e7 wp-block-group-is-layout-flex\">\n<p><strong>Schwarzgelber Seifenbarsch<\/strong><\/p>\n\n\n\n<p>Barred soapfish<\/p>\n\n\n\n<p><em>Diploprion bifasciatum<\/em><\/p>\n<\/div>\n\n\n\n<div style=\"height:30px\" aria-hidden=\"true\" class=\"wp-block-spacer\"><\/div>\n\n\n\n<figure class=\"wp-block-image size-full\"><img loading=\"lazy\" decoding=\"async\" width=\"1024\" height=\"768\" src=\"https:\/\/alles-ueber-riffe.de\/wp-content\/uploads\/2025\/02\/Schwarzgelber-Seifenbarsch_1024x768.jpg\" alt=\"\" class=\"wp-image-9978\" srcset=\"https:\/\/alles-ueber-riffe.de\/wp-content\/uploads\/2025\/02\/Schwarzgelber-Seifenbarsch_1024x768.jpg 1024w, https:\/\/alles-ueber-riffe.de\/wp-content\/uploads\/2025\/02\/Schwarzgelber-Seifenbarsch_1024x768-300x225.jpg 300w, https:\/\/alles-ueber-riffe.de\/wp-content\/uploads\/2025\/02\/Schwarzgelber-Seifenbarsch_1024x768-768x576.jpg 768w\" sizes=\"auto, (max-width: 767px) 89vw, (max-width: 1000px) 54vw, (max-width: 1071px) 543px, 580px\" \/><figcaption class=\"wp-element-caption\">\u00a9 Joris Rombouts<\/figcaption><\/figure>\n\n\n\n<hr class=\"wp-block-separator has-alpha-channel-opacity is-style-default\"\/>\n\n\n\n<p><strong>Gr\u00f6\u00dfe: <\/strong> bis 25 cm<\/p>\n\n\n\n<p><strong>Lebensraum:<\/strong> Korallenriffe und Brackwasserzonen<\/p>\n\n\n\n<p><strong>Vorkommen:  <\/strong>Malediven, Indien, ganz S\u00fcdostasien, Vietnam, S\u00fcdjapan, Nordaustralien, Papua-Neuguinea<\/p>\n\n\n\n<p><strong>Erkennungsmerkmale:<\/strong> Grundfarbe hellgelb bis gelb; ein dicker, schwarzer Querstreifen in der K\u00f6rpermitte und ein schmaler \u00fcber das Auge<\/p>\n\n\n\n<p><strong>Biologie &amp; Verhalten: <\/strong> Er hat Dr\u00fcsen in der Haut, die ein Toxin produzieren, das vermutlich Fressfeinde abschrecken soll. Sieht man uns Menschen mal als potentielle Feinde, so hat das Gift schon seine Wirkung erf\u00fcllt, denn er schmeckt total bitter.<\/p>\n\n\n\n<p>Der Schwarzgelbe Seifenbarsch jagt ebenfalls Fische und seine Beute kann erstaunlich gro\u00df sein, denn er kann seinen Kiefer extrem ausdehnen.<\/p>\n\n\n\n<p><strong>Bedrohungsstatus:<\/strong> Die Art wird auf der Roten Liste der IUCN als <mark style=\"background-color:rgba(0, 0, 0, 0)\" class=\"has-inline-color has-vivid-green-cyan-color\">\u201enicht gef\u00e4hrdet\u201c<\/mark> gef\u00fchrt.<\/p>\n\n\n\n<hr class=\"wp-block-separator has-alpha-channel-opacity is-style-default\"\/>\n\n\n\n<p><\/p>\n","protected":false},"excerpt":{"rendered":"<p>Schwarzgelber Seifenbarsch Barred soapfish Diploprion bifasciatum Gr\u00f6\u00dfe: bis 25 cm Lebensraum: Korallenriffe und Brackwasserzonen Vorkommen: Malediven, Indien, ganz S\u00fcdostasien, Vietnam, S\u00fcdjapan, Nordaustralien, Papua-Neuguinea Erkennungsmerkmale: Grundfarbe hellgelb bis gelb; ein dicker, schwarzer Querstreifen in der K\u00f6rpermitte und ein schmaler \u00fcber das Auge Biologie &amp; Verhalten: Er hat Dr\u00fcsen in der Haut, die ein Toxin produzieren, das &hellip; <\/p>\n<p class=\"link-more\"><a href=\"https:\/\/alles-ueber-riffe.de\/?page_id=5890\" class=\"more-link\"><span class=\"screen-reader-text\">\u201eSchwarzgelber Seifenbarsch\u201c<\/span> weiterlesen<\/a><\/p>\n","protected":false},"author":1,"featured_media":0,"parent":0,"menu_order":0,"comment_status":"closed","ping_status":"closed","template":"","meta":{"footnotes":""},"class_list":["post-5890","page","type-page","status-publish","hentry"],"_links":{"self":[{"href":"https:\/\/alles-ueber-riffe.de\/index.php?rest_route=\/wp\/v2\/pages\/5890","targetHints":{"allow":["GET"]}}],"collection":[{"href":"https:\/\/alles-ueber-riffe.de\/index.php?rest_route=\/wp\/v2\/pages"}],"about":[{"href":"https:\/\/alles-ueber-riffe.de\/index.php?rest_route=\/wp\/v2\/types\/page"}],"author":[{"embeddable":true,"href":"https:\/\/alles-ueber-riffe.de\/index.php?rest_route=\/wp\/v2\/users\/1"}],"replies":[{"embeddable":true,"href":"https:\/\/alles-ueber-riffe.de\/index.php?rest_route=%2Fwp%2Fv2%2Fcomments&post=5890"}],"version-history":[{"count":4,"href":"https:\/\/alles-ueber-riffe.de\/index.php?rest_route=\/wp\/v2\/pages\/5890\/revisions"}],"predecessor-version":[{"id":9980,"href":"https:\/\/alles-ueber-riffe.de\/index.php?rest_route=\/wp\/v2\/pages\/5890\/revisions\/9980"}],"wp:attachment":[{"href":"https:\/\/alles-ueber-riffe.de\/index.php?rest_route=%2Fwp%2Fv2%2Fmedia&parent=5890"}],"curies":[{"name":"wp","href":"https:\/\/api.w.org\/{rel}","templated":true}]}}