{"id":5888,"date":"2025-01-08T22:34:37","date_gmt":"2025-01-08T22:34:37","guid":{"rendered":"https:\/\/alles-ueber-riffe.de\/?page_id=5888"},"modified":"2025-02-23T11:25:13","modified_gmt":"2025-02-23T11:25:13","slug":"sechsstreifen-streifenbarsch","status":"publish","type":"page","link":"https:\/\/alles-ueber-riffe.de\/?page_id=5888","title":{"rendered":"Sechsstreifen-Seifenbarsch"},"content":{"rendered":"\n<div class=\"wp-block-group is-vertical is-layout-flex wp-container-core-group-is-layout-8cf370e7 wp-block-group-is-layout-flex\">\n<p><strong>Sechsstreifen-Seifenbarsch<\/strong><\/p>\n\n\n\n<p>Goldenstriped soapfish<\/p>\n\n\n\n<p><em>Grammistes sexlineatus<\/em><\/p>\n<\/div>\n\n\n\n<div style=\"height:30px\" aria-hidden=\"true\" class=\"wp-block-spacer\"><\/div>\n\n\n\n<figure class=\"wp-block-video\"><video height=\"576\" style=\"aspect-ratio: 1024 \/ 576;\" width=\"1024\" controls src=\"https:\/\/alles-ueber-riffe.de\/wp-content\/uploads\/2025\/02\/Sechsstreifen-Seifenbarsch.mp4\"><\/video><figcaption class=\"wp-element-caption\"><em>\u00a9 Heinz Krimmer<\/em><\/figcaption><\/figure>\n\n\n\n<hr class=\"wp-block-separator has-alpha-channel-opacity is-style-default\"\/>\n\n\n\n<p><strong>Gr\u00f6\u00dfe: <\/strong> bis 30 cm<\/p>\n\n\n\n<p><strong>Lebensraum:<\/strong> Korallenriffe<\/p>\n\n\n\n<p><strong>Vorkommen:  <\/strong>von Ostafrika, Rotes Meer, Oman, Malediven, ganz S\u00fcdostasien, Vietnam, S\u00fcdjapan, Nordaustralien, Papua-Neuguinea, Ozeanien bis zu den Marquesas Inseln<\/p>\n\n\n\n<p><strong>Erkennungsmerkmale:<\/strong> Grundfarbe dunkelbraun; sechs wei\u00dfe L\u00e4ngsstreifen<\/p>\n\n\n\n<p><strong>Biologie &amp; Verhalten: <\/strong> Er hat Dr\u00fcsen in der Haut, die ein Toxin produzieren, das Fressfeinde abschreckt. Durch das Gift schmeckt er total bitter und wird dadurch auch nicht gefischt.<\/p>\n\n\n\n<p>Den Sechsstreifen-Seifenbarsch findet man meistens versteckt in H\u00f6hlen und Unterst\u00e4nden im Riff. Er jagt kleine Fische. Juvenile Tiere haben nur zwei wei\u00dfe L\u00e4ngsstreifen und mit zunehmendem Alter wandeln sich die Streifen zu kurzen Linien und Punkten.<\/p>\n\n\n\n<p><strong>Bedrohungsstatus:<\/strong> Die Art wird auf der Roten Liste der IUCN als <mark style=\"background-color:rgba(0, 0, 0, 0)\" class=\"has-inline-color has-vivid-green-cyan-color\">\u201enicht gef\u00e4hrdet\u201c<\/mark> gef\u00fchrt.<\/p>\n\n\n\n<hr class=\"wp-block-separator has-alpha-channel-opacity is-style-default\"\/>\n\n\n\n<p><\/p>\n","protected":false},"excerpt":{"rendered":"<p>Sechsstreifen-Seifenbarsch Goldenstriped soapfish Grammistes sexlineatus Gr\u00f6\u00dfe: bis 30 cm Lebensraum: Korallenriffe Vorkommen: von Ostafrika, Rotes Meer, Oman, Malediven, ganz S\u00fcdostasien, Vietnam, S\u00fcdjapan, Nordaustralien, Papua-Neuguinea, Ozeanien bis zu den Marquesas Inseln Erkennungsmerkmale: Grundfarbe dunkelbraun; sechs wei\u00dfe L\u00e4ngsstreifen Biologie &amp; Verhalten: Er hat Dr\u00fcsen in der Haut, die ein Toxin produzieren, das Fressfeinde abschreckt. Durch das Gift &hellip; <\/p>\n<p class=\"link-more\"><a href=\"https:\/\/alles-ueber-riffe.de\/?page_id=5888\" class=\"more-link\"><span class=\"screen-reader-text\">\u201eSechsstreifen-Seifenbarsch\u201c<\/span> weiterlesen<\/a><\/p>\n","protected":false},"author":1,"featured_media":0,"parent":0,"menu_order":0,"comment_status":"closed","ping_status":"closed","template":"","meta":{"footnotes":""},"class_list":["post-5888","page","type-page","status-publish","hentry"],"_links":{"self":[{"href":"https:\/\/alles-ueber-riffe.de\/index.php?rest_route=\/wp\/v2\/pages\/5888","targetHints":{"allow":["GET"]}}],"collection":[{"href":"https:\/\/alles-ueber-riffe.de\/index.php?rest_route=\/wp\/v2\/pages"}],"about":[{"href":"https:\/\/alles-ueber-riffe.de\/index.php?rest_route=\/wp\/v2\/types\/page"}],"author":[{"embeddable":true,"href":"https:\/\/alles-ueber-riffe.de\/index.php?rest_route=\/wp\/v2\/users\/1"}],"replies":[{"embeddable":true,"href":"https:\/\/alles-ueber-riffe.de\/index.php?rest_route=%2Fwp%2Fv2%2Fcomments&post=5888"}],"version-history":[{"count":3,"href":"https:\/\/alles-ueber-riffe.de\/index.php?rest_route=\/wp\/v2\/pages\/5888\/revisions"}],"predecessor-version":[{"id":9976,"href":"https:\/\/alles-ueber-riffe.de\/index.php?rest_route=\/wp\/v2\/pages\/5888\/revisions\/9976"}],"wp:attachment":[{"href":"https:\/\/alles-ueber-riffe.de\/index.php?rest_route=%2Fwp%2Fv2%2Fmedia&parent=5888"}],"curies":[{"name":"wp","href":"https:\/\/api.w.org\/{rel}","templated":true}]}}