{"id":5884,"date":"2025-01-08T22:34:16","date_gmt":"2025-01-08T22:34:16","guid":{"rendered":"https:\/\/alles-ueber-riffe.de\/?page_id=5884"},"modified":"2025-02-20T22:12:41","modified_gmt":"2025-02-20T22:12:41","slug":"pontohi-zwergseepferdchen","status":"publish","type":"page","link":"https:\/\/alles-ueber-riffe.de\/?page_id=5884","title":{"rendered":"Pontohi-Zwergseepferdchen"},"content":{"rendered":"\n<div class=\"wp-block-group is-vertical is-layout-flex wp-container-core-group-is-layout-8cf370e7 wp-block-group-is-layout-flex\">\n<p><strong>Pontohi-Zwergseepferdchen<\/strong><\/p>\n\n\n\n<p>Pontoh`s pygmy seahorse<\/p>\n\n\n\n<p>Hippocampus pontohi<\/p>\n<\/div>\n\n\n\n<div style=\"height:30px\" aria-hidden=\"true\" class=\"wp-block-spacer\"><\/div>\n\n\n\n<figure class=\"wp-block-image size-full\"><img loading=\"lazy\" decoding=\"async\" width=\"1024\" height=\"768\" src=\"https:\/\/alles-ueber-riffe.de\/wp-content\/uploads\/2025\/02\/Pontohi-Zwergseepferdchen_1024x768.jpg\" alt=\"\" class=\"wp-image-9961\" srcset=\"https:\/\/alles-ueber-riffe.de\/wp-content\/uploads\/2025\/02\/Pontohi-Zwergseepferdchen_1024x768.jpg 1024w, https:\/\/alles-ueber-riffe.de\/wp-content\/uploads\/2025\/02\/Pontohi-Zwergseepferdchen_1024x768-300x225.jpg 300w, https:\/\/alles-ueber-riffe.de\/wp-content\/uploads\/2025\/02\/Pontohi-Zwergseepferdchen_1024x768-768x576.jpg 768w\" sizes=\"auto, (max-width: 767px) 89vw, (max-width: 1000px) 54vw, (max-width: 1071px) 543px, 580px\" \/><figcaption class=\"wp-element-caption\">\u00a9 Joris Rombouts<\/figcaption><\/figure>\n\n\n\n<figure class=\"wp-block-image size-full\"><img loading=\"lazy\" decoding=\"async\" width=\"1024\" height=\"768\" src=\"https:\/\/alles-ueber-riffe.de\/wp-content\/uploads\/2025\/02\/Pontohi-Zwergseepferdchen_1024x768-2.jpg\" alt=\"\" class=\"wp-image-9962\" srcset=\"https:\/\/alles-ueber-riffe.de\/wp-content\/uploads\/2025\/02\/Pontohi-Zwergseepferdchen_1024x768-2.jpg 1024w, https:\/\/alles-ueber-riffe.de\/wp-content\/uploads\/2025\/02\/Pontohi-Zwergseepferdchen_1024x768-2-300x225.jpg 300w, https:\/\/alles-ueber-riffe.de\/wp-content\/uploads\/2025\/02\/Pontohi-Zwergseepferdchen_1024x768-2-768x576.jpg 768w\" sizes=\"auto, (max-width: 767px) 89vw, (max-width: 1000px) 54vw, (max-width: 1071px) 543px, 580px\" \/><figcaption class=\"wp-element-caption\">\u00a9 Joris Rombouts<\/figcaption><\/figure>\n\n\n\n<hr class=\"wp-block-separator has-alpha-channel-opacity is-style-default\"\/>\n\n\n\n<p><strong>Gr\u00f6\u00dfe: <\/strong> bis 1,7 cm<\/p>\n\n\n\n<p><strong>Lebensraum:<\/strong> Korallenriff zwischen Algenbewuchs<\/p>\n\n\n\n<p><strong>Vorkommen:  <\/strong>Indonesien und Papua-Neuguinea<\/p>\n\n\n\n<p><strong>Erkennungsmerkmale:<\/strong> Grundfarbe sehr variabel und oft zweifarbig z.B. gelb und wei\u00df oder rot und wei\u00df; am R\u00fccken ein roter, feiner Hautfortsatz, der wie eine Alge aussieht.<\/p>\n\n\n\n<p><strong>Biologie &amp; Verhalten: <\/strong> Wenn kein weiterer Winzling entdeckt wird, geh\u00f6rt diesem Zwergseepferchen die Ehre das kleinste lebende Seepferdchen zu sein. Es geh\u00f6rt auch zu den kleinsten Wirbeltieren. Es wurde erst 2008 von Lourie &amp; Kuiter zum ersten Mal wissenschaftlich beschrieben.\u00a0<\/p>\n\n\n\n<p>Bevorzugt die Algen&nbsp;<em>Halimeda&nbsp;<\/em>sowie&nbsp;<em>Aglaephenia cupressina.&nbsp;<\/em>Fr\u00fchmorgens und kurz vor Sonnuntergang aktiv.<\/p>\n\n\n\n<p><strong>Bedrohungsstatus:<\/strong> Die Art wird auf der Roten Liste der IUCN als <mark style=\"background-color:rgba(0, 0, 0, 0)\" class=\"has-inline-color has-vivid-green-cyan-color\">\u201enicht gef\u00e4hrdet\u201c<\/mark> gef\u00fchrt.<\/p>\n\n\n\n<hr class=\"wp-block-separator has-alpha-channel-opacity is-style-default\"\/>\n\n\n\n<p><\/p>\n","protected":false},"excerpt":{"rendered":"<p>Pontohi-Zwergseepferdchen Pontoh`s pygmy seahorse Hippocampus pontohi Gr\u00f6\u00dfe: bis 1,7 cm Lebensraum: Korallenriff zwischen Algenbewuchs Vorkommen: Indonesien und Papua-Neuguinea Erkennungsmerkmale: Grundfarbe sehr variabel und oft zweifarbig z.B. gelb und wei\u00df oder rot und wei\u00df; am R\u00fccken ein roter, feiner Hautfortsatz, der wie eine Alge aussieht. Biologie &amp; Verhalten: Wenn kein weiterer Winzling entdeckt wird, geh\u00f6rt diesem &hellip; <\/p>\n<p class=\"link-more\"><a href=\"https:\/\/alles-ueber-riffe.de\/?page_id=5884\" class=\"more-link\"><span class=\"screen-reader-text\">\u201ePontohi-Zwergseepferdchen\u201c<\/span> weiterlesen<\/a><\/p>\n","protected":false},"author":1,"featured_media":0,"parent":0,"menu_order":0,"comment_status":"closed","ping_status":"closed","template":"","meta":{"footnotes":""},"class_list":["post-5884","page","type-page","status-publish","hentry"],"_links":{"self":[{"href":"https:\/\/alles-ueber-riffe.de\/index.php?rest_route=\/wp\/v2\/pages\/5884","targetHints":{"allow":["GET"]}}],"collection":[{"href":"https:\/\/alles-ueber-riffe.de\/index.php?rest_route=\/wp\/v2\/pages"}],"about":[{"href":"https:\/\/alles-ueber-riffe.de\/index.php?rest_route=\/wp\/v2\/types\/page"}],"author":[{"embeddable":true,"href":"https:\/\/alles-ueber-riffe.de\/index.php?rest_route=\/wp\/v2\/users\/1"}],"replies":[{"embeddable":true,"href":"https:\/\/alles-ueber-riffe.de\/index.php?rest_route=%2Fwp%2Fv2%2Fcomments&post=5884"}],"version-history":[{"count":6,"href":"https:\/\/alles-ueber-riffe.de\/index.php?rest_route=\/wp\/v2\/pages\/5884\/revisions"}],"predecessor-version":[{"id":9966,"href":"https:\/\/alles-ueber-riffe.de\/index.php?rest_route=\/wp\/v2\/pages\/5884\/revisions\/9966"}],"wp:attachment":[{"href":"https:\/\/alles-ueber-riffe.de\/index.php?rest_route=%2Fwp%2Fv2%2Fmedia&parent=5884"}],"curies":[{"name":"wp","href":"https:\/\/api.w.org\/{rel}","templated":true}]}}