{"id":5880,"date":"2025-01-08T22:33:52","date_gmt":"2025-01-08T22:33:52","guid":{"rendered":"https:\/\/alles-ueber-riffe.de\/?page_id=5880"},"modified":"2025-02-20T22:02:30","modified_gmt":"2025-02-20T22:02:30","slug":"zwerg-seepferdchen","status":"publish","type":"page","link":"https:\/\/alles-ueber-riffe.de\/?page_id=5880","title":{"rendered":"Zwerg-Seepferdchen"},"content":{"rendered":"\n<div class=\"wp-block-group is-vertical is-layout-flex wp-container-core-group-is-layout-8cf370e7 wp-block-group-is-layout-flex\">\n<p><strong>Zwerg-Seepferdchen<\/strong><\/p>\n\n\n\n<p>Pygmy seahorse<\/p>\n\n\n\n<p><em>Hippocampus bargibanti<\/em><\/p>\n<\/div>\n\n\n\n<div style=\"height:30px\" aria-hidden=\"true\" class=\"wp-block-spacer\"><\/div>\n\n\n\n<figure class=\"wp-block-image size-full\"><img loading=\"lazy\" decoding=\"async\" width=\"1024\" height=\"768\" src=\"https:\/\/alles-ueber-riffe.de\/wp-content\/uploads\/2025\/02\/Zwerg-Seepferdchen_1024x768.jpg\" alt=\"\" class=\"wp-image-9952\" srcset=\"https:\/\/alles-ueber-riffe.de\/wp-content\/uploads\/2025\/02\/Zwerg-Seepferdchen_1024x768.jpg 1024w, https:\/\/alles-ueber-riffe.de\/wp-content\/uploads\/2025\/02\/Zwerg-Seepferdchen_1024x768-300x225.jpg 300w, https:\/\/alles-ueber-riffe.de\/wp-content\/uploads\/2025\/02\/Zwerg-Seepferdchen_1024x768-768x576.jpg 768w\" sizes=\"auto, (max-width: 767px) 89vw, (max-width: 1000px) 54vw, (max-width: 1071px) 543px, 580px\" \/><figcaption class=\"wp-element-caption\">\u00a9 Suus Berger<\/figcaption><\/figure>\n\n\n\n<hr class=\"wp-block-separator has-alpha-channel-opacity is-style-default\"\/>\n\n\n\n<p><strong>Gr\u00f6\u00dfe: <\/strong> bis 2,4 cm<\/p>\n\n\n\n<p><strong>Lebensraum:<\/strong> Korallenriffe<\/p>\n\n\n\n<p><strong>Vorkommen:  <\/strong>S\u00fcdjapan, Philippinen, Ostindonesien, Papua-Neuguinea, Nordaustralien,\u00a0\u00a0Ozeanien bis Vanuatu<\/p>\n\n\n\n<p><strong>Erkennungsmerkmale:<\/strong> Grundfarbe wei\u00df bis helles rosa oder helles pink; rote, orangene oder pinke runde Tuberkel<\/p>\n\n\n\n<p><strong>Biologie &amp; Verhalten: <\/strong> Dieses winzige Seepferdchen ist so perfekt getarnt, dass es zuf\u00e4llig entdeckt wurde, als man dem Meer Gorgonien entnahm. Im Aquarium erkannte man daraufhin, dass man zus\u00e4tzlich ein Seepferdchen gefangen hatte. Die Art wurde erst 1970 beschrieben und benannt. Sie kommen fast ausschlie\u00dflich\u00a0in den Gorgonien\u00a0<em>Muricella plectana\u00a0<\/em>und<em>\u00a0Muricella paraplectana\u00a0<\/em>vor. In Form und Farbe ahmen sie deren geschlossene Polypen nach. Bis zu 28 Tiere hat man schon in einer Gorgonie gefunden.<\/p>\n\n\n\n<p>Mit nur 2,4 cm Gr\u00f6\u00dfe geh\u00f6rt dieses Seepferdchen mit zu den kleinsten Wirbeltieren.<\/p>\n\n\n\n<p><strong>Bedrohungsstatus:<\/strong> Die Art wird auf der Roten Liste der IUCN als <mark style=\"background-color:rgba(0, 0, 0, 0)\" class=\"has-inline-color has-vivid-green-cyan-color\">\u201enicht gef\u00e4hrdet\u201c<\/mark> gef\u00fchrt.<\/p>\n\n\n\n<hr class=\"wp-block-separator has-alpha-channel-opacity is-style-default\"\/>\n\n\n\n<p><\/p>\n","protected":false},"excerpt":{"rendered":"<p>Zwerg-Seepferdchen Pygmy seahorse Hippocampus bargibanti Gr\u00f6\u00dfe: bis 2,4 cm Lebensraum: Korallenriffe Vorkommen: S\u00fcdjapan, Philippinen, Ostindonesien, Papua-Neuguinea, Nordaustralien,\u00a0\u00a0Ozeanien bis Vanuatu Erkennungsmerkmale: Grundfarbe wei\u00df bis helles rosa oder helles pink; rote, orangene oder pinke runde Tuberkel Biologie &amp; Verhalten: Dieses winzige Seepferdchen ist so perfekt getarnt, dass es zuf\u00e4llig entdeckt wurde, als man dem Meer Gorgonien entnahm. &hellip; <\/p>\n<p class=\"link-more\"><a href=\"https:\/\/alles-ueber-riffe.de\/?page_id=5880\" class=\"more-link\"><span class=\"screen-reader-text\">\u201eZwerg-Seepferdchen\u201c<\/span> weiterlesen<\/a><\/p>\n","protected":false},"author":1,"featured_media":0,"parent":0,"menu_order":0,"comment_status":"closed","ping_status":"closed","template":"","meta":{"footnotes":""},"class_list":["post-5880","page","type-page","status-publish","hentry"],"_links":{"self":[{"href":"https:\/\/alles-ueber-riffe.de\/index.php?rest_route=\/wp\/v2\/pages\/5880","targetHints":{"allow":["GET"]}}],"collection":[{"href":"https:\/\/alles-ueber-riffe.de\/index.php?rest_route=\/wp\/v2\/pages"}],"about":[{"href":"https:\/\/alles-ueber-riffe.de\/index.php?rest_route=\/wp\/v2\/types\/page"}],"author":[{"embeddable":true,"href":"https:\/\/alles-ueber-riffe.de\/index.php?rest_route=\/wp\/v2\/users\/1"}],"replies":[{"embeddable":true,"href":"https:\/\/alles-ueber-riffe.de\/index.php?rest_route=%2Fwp%2Fv2%2Fcomments&post=5880"}],"version-history":[{"count":5,"href":"https:\/\/alles-ueber-riffe.de\/index.php?rest_route=\/wp\/v2\/pages\/5880\/revisions"}],"predecessor-version":[{"id":9955,"href":"https:\/\/alles-ueber-riffe.de\/index.php?rest_route=\/wp\/v2\/pages\/5880\/revisions\/9955"}],"wp:attachment":[{"href":"https:\/\/alles-ueber-riffe.de\/index.php?rest_route=%2Fwp%2Fv2%2Fmedia&parent=5880"}],"curies":[{"name":"wp","href":"https:\/\/api.w.org\/{rel}","templated":true}]}}