{"id":5873,"date":"2025-01-08T22:32:57","date_gmt":"2025-01-08T22:32:57","guid":{"rendered":"https:\/\/alles-ueber-riffe.de\/?page_id=5873"},"modified":"2025-02-20T21:40:45","modified_gmt":"2025-02-20T21:40:45","slug":"kuda-seepferdchen","status":"publish","type":"page","link":"https:\/\/alles-ueber-riffe.de\/?page_id=5873","title":{"rendered":"Kuda-Seepferdchen"},"content":{"rendered":"\n<div class=\"wp-block-group is-vertical is-layout-flex wp-container-core-group-is-layout-8cf370e7 wp-block-group-is-layout-flex\">\n<p><strong>Kuda Seepferdchen<\/strong><\/p>\n\n\n\n<p>Spotted seahorse<\/p>\n\n\n\n<p><em>Hippocampus kuda<\/em><\/p>\n<\/div>\n\n\n\n<div style=\"height:30px\" aria-hidden=\"true\" class=\"wp-block-spacer\"><\/div>\n\n\n\n<figure class=\"wp-block-image size-full\"><img loading=\"lazy\" decoding=\"async\" width=\"1024\" height=\"770\" src=\"https:\/\/alles-ueber-riffe.de\/wp-content\/uploads\/2025\/02\/Kuda-Seepferdchen_1024x768.jpg\" alt=\"\" class=\"wp-image-9932\" srcset=\"https:\/\/alles-ueber-riffe.de\/wp-content\/uploads\/2025\/02\/Kuda-Seepferdchen_1024x768.jpg 1024w, https:\/\/alles-ueber-riffe.de\/wp-content\/uploads\/2025\/02\/Kuda-Seepferdchen_1024x768-300x226.jpg 300w, https:\/\/alles-ueber-riffe.de\/wp-content\/uploads\/2025\/02\/Kuda-Seepferdchen_1024x768-768x578.jpg 768w\" sizes=\"auto, (max-width: 767px) 89vw, (max-width: 1000px) 54vw, (max-width: 1071px) 543px, 580px\" \/><figcaption class=\"wp-element-caption\">\u00a9 Heinz Krimmer<\/figcaption><\/figure>\n\n\n\n<hr class=\"wp-block-separator has-alpha-channel-opacity is-style-default\"\/>\n\n\n\n<p><strong>Gr\u00f6\u00dfe: <\/strong> bis 30 cm<\/p>\n\n\n\n<p><strong>Lebensraum:<\/strong> Veralgte Riffbereiche, Sandfl\u00e4chen, Seegras, manchmal auch pelagisch zwischen treibenden Algen<\/p>\n\n\n\n<p><strong>Vorkommen:  <\/strong>Ostafrika, Rotes Meer, Malediven, ganz S\u00fcdostasien, Papua-Neuguinea, Nordaustralien, Ozeanien bis Hawaii<\/p>\n\n\n\n<p><strong>Erkennungsmerkmale:<\/strong> Grundfarbe braun bis fast schwarz; winzige wei\u00dfe Punkte und feine Linien<\/p>\n\n\n\n<p><strong>Biologie &amp; Verhalten: <\/strong> Man findet es zwischen Seegras oder auf Sandfl\u00e4chen am Substrat wie Algen, St\u00f6cken oder Schw\u00e4mmen h\u00e4ngend.  Das M\u00e4nnchen betreibt Brutpflege. Bis zu 1000 Eier k\u00f6nnen sich in der Bauchtasche befinden.<\/p>\n\n\n\n<p><strong>Bedrohungsstatus:<\/strong> Die Art wird auf der Roten Liste der IUCN als <mark style=\"background-color:rgba(0, 0, 0, 0)\" class=\"has-inline-color has-vivid-red-color\">\u201egef\u00e4hrdet\u201c <\/mark>gef\u00fchrt. Es werden gro\u00dfe Mengen gefischt, da es in der chinesischen Medizin verwendet wird und zus\u00e4tzlich Nachfrage vom Aquarienhandel besteht.<\/p>\n\n\n\n<hr class=\"wp-block-separator has-alpha-channel-opacity is-style-default\"\/>\n\n\n\n<p><\/p>\n","protected":false},"excerpt":{"rendered":"<p>Kuda Seepferdchen Spotted seahorse Hippocampus kuda Gr\u00f6\u00dfe: bis 30 cm Lebensraum: Veralgte Riffbereiche, Sandfl\u00e4chen, Seegras, manchmal auch pelagisch zwischen treibenden Algen Vorkommen: Ostafrika, Rotes Meer, Malediven, ganz S\u00fcdostasien, Papua-Neuguinea, Nordaustralien, Ozeanien bis Hawaii Erkennungsmerkmale: Grundfarbe braun bis fast schwarz; winzige wei\u00dfe Punkte und feine Linien Biologie &amp; Verhalten: Man findet es zwischen Seegras oder auf &hellip; <\/p>\n<p class=\"link-more\"><a href=\"https:\/\/alles-ueber-riffe.de\/?page_id=5873\" class=\"more-link\"><span class=\"screen-reader-text\">\u201eKuda-Seepferdchen\u201c<\/span> weiterlesen<\/a><\/p>\n","protected":false},"author":1,"featured_media":0,"parent":0,"menu_order":0,"comment_status":"closed","ping_status":"closed","template":"","meta":{"footnotes":""},"class_list":["post-5873","page","type-page","status-publish","hentry"],"_links":{"self":[{"href":"https:\/\/alles-ueber-riffe.de\/index.php?rest_route=\/wp\/v2\/pages\/5873","targetHints":{"allow":["GET"]}}],"collection":[{"href":"https:\/\/alles-ueber-riffe.de\/index.php?rest_route=\/wp\/v2\/pages"}],"about":[{"href":"https:\/\/alles-ueber-riffe.de\/index.php?rest_route=\/wp\/v2\/types\/page"}],"author":[{"embeddable":true,"href":"https:\/\/alles-ueber-riffe.de\/index.php?rest_route=\/wp\/v2\/users\/1"}],"replies":[{"embeddable":true,"href":"https:\/\/alles-ueber-riffe.de\/index.php?rest_route=%2Fwp%2Fv2%2Fcomments&post=5873"}],"version-history":[{"count":3,"href":"https:\/\/alles-ueber-riffe.de\/index.php?rest_route=\/wp\/v2\/pages\/5873\/revisions"}],"predecessor-version":[{"id":9934,"href":"https:\/\/alles-ueber-riffe.de\/index.php?rest_route=\/wp\/v2\/pages\/5873\/revisions\/9934"}],"wp:attachment":[{"href":"https:\/\/alles-ueber-riffe.de\/index.php?rest_route=%2Fwp%2Fv2%2Fmedia&parent=5873"}],"curies":[{"name":"wp","href":"https:\/\/api.w.org\/{rel}","templated":true}]}}