{"id":5869,"date":"2025-01-08T22:32:37","date_gmt":"2025-01-08T22:32:37","guid":{"rendered":"https:\/\/alles-ueber-riffe.de\/?page_id=5869"},"modified":"2025-02-20T21:26:44","modified_gmt":"2025-02-20T21:26:44","slug":"dorniges-seepferdchen","status":"publish","type":"page","link":"https:\/\/alles-ueber-riffe.de\/?page_id=5869","title":{"rendered":"Dorniges Seepferdchen"},"content":{"rendered":"\n<div class=\"wp-block-group is-vertical is-layout-flex wp-container-core-group-is-layout-8cf370e7 wp-block-group-is-layout-flex\">\n<p><strong>Dorniges Seepferdchen<\/strong><\/p>\n\n\n\n<p>Thorny seahorse<\/p>\n\n\n\n<p><em>Hippocampus histrix<\/em><\/p>\n<\/div>\n\n\n\n<div style=\"height:30px\" aria-hidden=\"true\" class=\"wp-block-spacer\"><\/div>\n\n\n\n<figure class=\"wp-block-image size-full\"><img loading=\"lazy\" decoding=\"async\" width=\"1024\" height=\"768\" src=\"https:\/\/alles-ueber-riffe.de\/wp-content\/uploads\/2025\/02\/Dorniges-Seepferdchen_1024x768.jpg\" alt=\"\" class=\"wp-image-9922\" srcset=\"https:\/\/alles-ueber-riffe.de\/wp-content\/uploads\/2025\/02\/Dorniges-Seepferdchen_1024x768.jpg 1024w, https:\/\/alles-ueber-riffe.de\/wp-content\/uploads\/2025\/02\/Dorniges-Seepferdchen_1024x768-300x225.jpg 300w, https:\/\/alles-ueber-riffe.de\/wp-content\/uploads\/2025\/02\/Dorniges-Seepferdchen_1024x768-768x576.jpg 768w\" sizes=\"auto, (max-width: 767px) 89vw, (max-width: 1000px) 54vw, (max-width: 1071px) 543px, 580px\" \/><figcaption class=\"wp-element-caption\">\u00a9 Heinz Krimmer<\/figcaption><\/figure>\n\n\n\n<hr class=\"wp-block-separator has-alpha-channel-opacity is-style-default\"\/>\n\n\n\n<p><strong>Gr\u00f6\u00dfe: <\/strong> bis 17 cm<\/p>\n\n\n\n<p><strong>Lebensraum:<\/strong> Sand- und Ger\u00f6llb\u00f6den, Seegraswiesen und Korallenriffe<\/p>\n\n\n\n<p><strong>Vorkommen:  <\/strong>Ostafrika, ganz S\u00fcdostasien, S\u00fcdjapan, Vietnam, Papua-Neuguinea, Nordaustralien, Ozeanien bis Hawaii und Tahiti<\/p>\n\n\n\n<p><strong>Erkennungsmerkmale:<\/strong> Grundfarbe variabel von gelb, gr\u00fcn, rot bis braun; wei\u00dfes Auge; zahlreiche Dornen<\/p>\n\n\n\n<p><strong>Biologie &amp; Verhalten: <\/strong> Man findet es zwischen Seegras oder auf Sandfl\u00e4chen am Substrat wie Algen, St\u00f6cken oder Schw\u00e4mmen h\u00e4ngend. Monogamie wurde beobachtet. Die M\u00e4nnchen betreiben Brutpflege.<\/p>\n\n\n\n<p>Es kommt nicht im Roten Meer, Oman und Pakistan vor. Hier wurde es von dem gleich aussehenden Jaykars Seepferdchen <em>(Hippocampus jayakari)<\/em>\u00a0verdr\u00e4ngt. Somit bietet das Verbreitungsgebiet die sicherste Bestimmungsm\u00f6glichkeit.<\/p>\n\n\n\n<p><strong>Bedrohungsstatus:<\/strong> Die Art wird auf der Roten Liste der IUCN als<mark style=\"background-color:rgba(0, 0, 0, 0)\" class=\"has-inline-color has-vivid-red-color\"> \u201e gef\u00e4hrdet\u201c <\/mark>gef\u00fchrt. Sie werden in gro\u00dfen mengen gefischt , da sie in der chinesischen Medizin verwendet werden..<\/p>\n\n\n\n<hr class=\"wp-block-separator has-alpha-channel-opacity is-style-default\"\/>\n\n\n\n<p><\/p>\n","protected":false},"excerpt":{"rendered":"<p>Dorniges Seepferdchen Thorny seahorse Hippocampus histrix Gr\u00f6\u00dfe: bis 17 cm Lebensraum: Sand- und Ger\u00f6llb\u00f6den, Seegraswiesen und Korallenriffe Vorkommen: Ostafrika, ganz S\u00fcdostasien, S\u00fcdjapan, Vietnam, Papua-Neuguinea, Nordaustralien, Ozeanien bis Hawaii und Tahiti Erkennungsmerkmale: Grundfarbe variabel von gelb, gr\u00fcn, rot bis braun; wei\u00dfes Auge; zahlreiche Dornen Biologie &amp; Verhalten: Man findet es zwischen Seegras oder auf Sandfl\u00e4chen am &hellip; <\/p>\n<p class=\"link-more\"><a href=\"https:\/\/alles-ueber-riffe.de\/?page_id=5869\" class=\"more-link\"><span class=\"screen-reader-text\">\u201eDorniges Seepferdchen\u201c<\/span> weiterlesen<\/a><\/p>\n","protected":false},"author":1,"featured_media":0,"parent":0,"menu_order":0,"comment_status":"closed","ping_status":"closed","template":"","meta":{"footnotes":""},"class_list":["post-5869","page","type-page","status-publish","hentry"],"_links":{"self":[{"href":"https:\/\/alles-ueber-riffe.de\/index.php?rest_route=\/wp\/v2\/pages\/5869","targetHints":{"allow":["GET"]}}],"collection":[{"href":"https:\/\/alles-ueber-riffe.de\/index.php?rest_route=\/wp\/v2\/pages"}],"about":[{"href":"https:\/\/alles-ueber-riffe.de\/index.php?rest_route=\/wp\/v2\/types\/page"}],"author":[{"embeddable":true,"href":"https:\/\/alles-ueber-riffe.de\/index.php?rest_route=\/wp\/v2\/users\/1"}],"replies":[{"embeddable":true,"href":"https:\/\/alles-ueber-riffe.de\/index.php?rest_route=%2Fwp%2Fv2%2Fcomments&post=5869"}],"version-history":[{"count":5,"href":"https:\/\/alles-ueber-riffe.de\/index.php?rest_route=\/wp\/v2\/pages\/5869\/revisions"}],"predecessor-version":[{"id":9925,"href":"https:\/\/alles-ueber-riffe.de\/index.php?rest_route=\/wp\/v2\/pages\/5869\/revisions\/9925"}],"wp:attachment":[{"href":"https:\/\/alles-ueber-riffe.de\/index.php?rest_route=%2Fwp%2Fv2%2Fmedia&parent=5869"}],"curies":[{"name":"wp","href":"https:\/\/api.w.org\/{rel}","templated":true}]}}